{"id":2869,"date":"2024-07-16T14:30:16","date_gmt":"2024-07-16T14:30:16","guid":{"rendered":"https:\/\/cpstesters.com\/minecraft-kreis-generator-kreis-ovaldiagramm-online-erstellen\/"},"modified":"2024-09-17T15:27:16","modified_gmt":"2024-09-17T15:27:16","slug":"minecraft-kreis-generator","status":"publish","type":"page","link":"https:\/\/cpstesters.com\/de\/minecraft-kreis-generator\/","title":{"rendered":"Minecraft Kreis Generator | Kreis\/Ovaldiagramm online erstellen"},"content":{"rendered":"\n<p>Circle Generator ist ein Online-Tool, das einen Pixel-Kreis oder ein Oval f\u00fcr Minecraft erstellt, um den Prozess f\u00fcr Sie einfach zu machen, Check out!<\/p>\n\n\n      <style type=\"text\/css\">\r\n         table.circle_output td {\r\n         border-collapse: collapse;\r\n         }\r\n         table.circle_output td {\r\n         border: 1px solid white;\r\n         width: 15px;\r\n         height: 15px;\r\n         }\r\n         .filled {\r\n         background: red;\r\n         }\r\n         .cgy0,\r\n         .cgx0 {\r\n         background: #eee;\r\n         }\r\n         .filled.cgy0,\r\n         .filled.cgx0 {\r\n         background: #808080;\r\n         }\r\n         #height,\r\n         #diameter,\r\n         #scaler {\r\n         width: 150px;\r\n         }\r\n      <\/style>\r\n<div class=\"row\">\r\n\t<div class=\"col-md-4\">\r\n\t<label>Width:<\/label><br>\r\n\t<input tabindex=\"1\" type=\"number\" size=\"5\" id=\"diameter\" value=\"9\" autocomplete=\"off\" autofocus=\"autofocus\">\r\n\t<\/div>\r\n\t<div class=\"col-md-4\">\r\n\t\t<label>Height:<\/label><br>\r\n\t\t<input tabindex=\"2\" type=\"number\" size=\"5\" id=\"height\" value=\"9\" autocomplete=\"off\" autofocus=\"autofocus\"> \r\n\t<\/div>\r\n\t\r\n<\/div>\r\n<br>\r\n<div class=\"row\">\r\n\t<div class=\"col-md-6\">\r\n\t<label>Scale:<\/label><br>\r\n      <input type=\"range\" min=\"50\" max=\"3000\" value=\"720\" id=\"scaler\" data-poly-scale=\".1\" \/>\t\r\n<br>\r\n\t<label><input id=\"linked\" type=\"checkbox\" checked=\"checked\" value=\"1\" \/> Force Circle<\/label> &mdash; Block Count: <span id=\"blockcount\"><\/span><br \/> <br>\r\n      <select id=\"thickness\">\r\n         <option selected=\"selected\">thick<\/option>\r\n         <option>thin<\/option>\r\n         <option>filled<\/option>\r\n      <\/select>\r\n\t<\/div>\r\n<div style=\"margin-left:50px;\" class=\"col-md-6\">\r\n\t<label>Download:<\/label><br>\r\n      <button type=\"button\" id=\"downloadSVG\">SVG<\/button>\r\n      <button type=\"button\" id=\"downloadPNG\">PNG<\/button>\r\n\t<\/div>\r\n<\/div>\r\n   \r\n      <div id=\"result\"><\/div>\r\n\r\n\r\n\r\n\r\n      <script src=\"https:\/\/ajax.googleapis.com\/ajax\/libs\/mootools\/1.3.2\/mootools.js\"><\/script>\r\n      <script src=\"https:\/\/cpstesters.com\/wp-content\/themes\/generatepress\/tools\/assets\/js\/Base64.js\"><\/script>\r\n\r\n      <script src=\"https:\/\/cpstesters.com\/wp-content\/themes\/generatepress\/tools\/assets\/js\/svg.js\"><\/script>\r\n      <script src=\"https:\/\/cpstesters.com\/wp-content\/themes\/generatepress\/tools\/assets\/js\/table.js\"><\/script>\r\n\r\n      <script src=\"https:\/\/cpstesters.com\/wp-content\/themes\/generatepress\/tools\/assets\/js\/FileSaver.js\"><\/script>\r\n      <script src=\"https:\/\/cpstesters.com\/wp-content\/themes\/generatepress\/tools\/assets\/js\/generator.js\"><\/script>\n\n\n\n<div style=\"height:5px\" aria-hidden=\"true\" class=\"wp-block-spacer\"><\/div>\n\n\n\n<h2 class=\"wp-block-heading\">Minecraft Kreis Generator  <\/h2>\n\n\n\n<p>Sie k\u00f6nnen den Minecraft-Kreis als Profil verwenden, um eine Vielzahl von Objekten wie H\u00e4user, T\u00fcrme, Strukturen und mehr zu erstellen. Ein Kreis in Minecraft ist eine Form, die verwendet werden kann, um T\u00fcrme, Strukturen und andere Objekte im Spiel zu erstellen.<\/p>\n\n\n\n<p>Mit unserem Oval-Generator kannst du Kreise f\u00fcr deine Minecraft-Spielreise erstellen. Sie k\u00f6nnen ein Bild Ihres Kreises speichern (SVG &amp; PNG). Mit unserem Pixelgenerator k\u00f6nnen Sie Kreise, Ovale und Kugeln erstellen, die Ihrer Gr\u00f6\u00dfe entsprechen.<\/p>\n\n\n\n<p>In Minecraft gibt es mehrere M\u00f6glichkeiten, ein Pixelkreisdiagramm zu erstellen. Mit Hilfe eines einzigen Pixels k\u00f6nnen Sie mit dem Minecraft-Pixelgrafik-Generator World of Minecraft einfache Pixelgrafiken erstellen.<\/p>\n\n\n\n<p>Mit einem Kreisgenerator wird eine Pixel-Art-Technik im Retro-Stil erstellt. Au\u00dferdem k\u00f6nnen Sie mit dem Pixelkreis-Generator oder dem Circle Maker alles in kreisf\u00f6rmiger Form erstellen.<\/p>\n\n\n<div class=\"wp-block-image\">\n<figure class=\"aligncenter size-full\"><img loading=\"lazy\" decoding=\"async\" width=\"1000\" height=\"500\" src=\"https:\/\/cpstesters.com\/wp-content\/uploads\/2022\/09\/Minecraft-Circle-Generator.jpg\" alt=\"Minecraft Kreis Generator\" class=\"wp-image-554\" title=\"\" srcset=\"https:\/\/cpstesters.com\/wp-content\/uploads\/2022\/09\/Minecraft-Circle-Generator.jpg 1000w, https:\/\/cpstesters.com\/wp-content\/uploads\/2022\/09\/Minecraft-Circle-Generator-300x150.jpg 300w, https:\/\/cpstesters.com\/wp-content\/uploads\/2022\/09\/Minecraft-Circle-Generator-768x384.jpg 768w\" sizes=\"auto, (max-width: 1000px) 100vw, 1000px\" \/><figcaption class=\"wp-element-caption\">Minecraft Kreis Generator<\/figcaption><\/figure>\n<\/div>\n\n\n<h2 class=\"wp-block-heading\">Wie benutzt man Circle Chart Minecraft?<\/h2>\n\n\n\n<p>Anstatt mit einem inneren &#8220;Ger\u00fcst&#8221; zu beginnen, sind Kreisdiagramme Orientierungsbilder, die Sie verwenden k\u00f6nnen, um schnell zu verstehen, wo genau Sie Ihre Bl\u00f6cke platzieren m\u00fcssen. Orientieren Sie sich einfach an dem Referenzfoto und suchen Sie nach der gew\u00fcnschten Breite.<\/p>\n\n\n\n<p>Der Nachteil eines Kreisdiagramms besteht darin, dass es sich um feste Grafiken handelt, so dass es schwieriger ist, ein Kreisdiagramm an Ihre Anforderungen anzupassen, wenn Sie etwas Einzigartiges f\u00fcr Ihr Geb\u00e4ude w\u00fcnschen.<\/p>\n\n\n\n<p>Die Abmessungen lassen sich wesentlich schneller berechnen, wenn Sie genau sehen k\u00f6nnen, wie lang jede Kante sein muss.<\/p>\n\n\n\n<p class=\"has-text-align-center has-base-background-color has-background has-medium-font-size\"><em>Sie k\u00f6nnen auch versuchen, unsere <a href=\"https:\/\/cpstesters.com\/de\/minecraft-kugel-generator-minecraft-kuppel-generator\/\" target=\"_blank\" rel=\"noreferrer noopener\">Minecraft Sphere Generator<\/a> Tool!<\/em><\/p>\n\n\n\n<h2 class=\"wp-block-heading\">Wie man einen Pixelkreis von Grund auf neu erstellt<\/h2>\n\n\n\n<p>Der gew\u00fcnschte Durchmesser eines Kreises ist das erste, was Sie wissen m\u00fcssen. Es ist wichtig zu wissen, dass die Form umso kleiner sein muss, je weniger kreisf\u00f6rmig das Bild ist, das Sie erstellen k\u00f6nnen.<\/p>\n\n\n\n<p>Ein breiterer Kreis erm\u00f6glicht es Ihnen, die Grenzen schrittweise anzupassen, was zu einem wesentlich ansprechenderen Erscheinungsbild f\u00fchrt. Wir werden uns ein Beispiel f\u00fcr beide ansehen, damit Sie sehen k\u00f6nnen, wie sich das Verfahren unterscheidet, je nachdem, ob Sie eine ungerade oder gerade Breite w\u00fcnschen.<\/p>\n\n\n\n<h2 class=\"wp-block-heading\">Schritte zur Erstellung eines perfekten Minecraft-Kreises<\/h2>\n\n\n\n<p>Du kannst perfekte Kreise in Minecraft mit dem kostenlosen Kreismacher der Website erstellen. Das wird dir helfen, verschiedene Objekte in Minecraft zu erstellen.<\/p>\n\n\n\n<p>In dieser Situation wollen Sie den besten und idealsten Kreis bilden. Beachten Sie die unten stehenden Empfehlungen:<\/p>\n\n\n\n<ul class=\"wp-block-list\">\n<li>W\u00e4hlen Sie zun\u00e4chst die Anzahl der Bl\u00f6cke in der Breitenrichtung und dann die Anzahl der Bl\u00f6cke in der H\u00f6henrichtung.<\/li>\n\n\n\n<li>Wenn Sie nur einen Kreis konstruieren wollen, m\u00fcssen Sie die Option &#8220;Kreis erzwingen&#8221; w\u00e4hlen. Wenn Sie diese Option w\u00e4hlen, k\u00f6nnen Sie automatisch die genaue Anzahl von Spalten oder Bl\u00f6cken f\u00fcr die horizontalen und vertikalen Abmessungen festlegen, die Sie f\u00fcr einen perfekten Kreis ben\u00f6tigen.<\/li>\n\n\n\n<li>Die Option &#8220;Blockanzahl&#8221; zeigt an, wie viele Bl\u00f6cke f\u00fcr diesen Kreis verwendet wurden.<\/li>\n\n\n\n<li>Mit der Option &#8220;Skalieren&#8221; k\u00f6nnen Sie die Gr\u00f6\u00dfe Ihres Kreises nach Ihren Bed\u00fcrfnissen skalieren. Au\u00dferdem ist es recht einfach, den Kreis zu vergr\u00f6\u00dfern und zu verkleinern.<\/li>\n\n\n\n<li>Wenn alles eingerichtet ist und Ihr Kreis fertig ist, k\u00f6nnen Sie ihn als Foto (SVG &amp; PNG) herunterladen.<\/li>\n<\/ul>\n\n\n<div class=\"wp-block-image\">\n<figure class=\"aligncenter size-full\"><img loading=\"lazy\" decoding=\"async\" width=\"1000\" height=\"500\" src=\"https:\/\/cpstesters.com\/wp-content\/uploads\/2022\/09\/Features-of-Minecraft-Circle-Generator-Tool.jpg\" alt=\"Eigenschaften von Pixel Circle Generator\" class=\"wp-image-555\" title=\"\" srcset=\"https:\/\/cpstesters.com\/wp-content\/uploads\/2022\/09\/Features-of-Minecraft-Circle-Generator-Tool.jpg 1000w, https:\/\/cpstesters.com\/wp-content\/uploads\/2022\/09\/Features-of-Minecraft-Circle-Generator-Tool-300x150.jpg 300w, https:\/\/cpstesters.com\/wp-content\/uploads\/2022\/09\/Features-of-Minecraft-Circle-Generator-Tool-768x384.jpg 768w\" sizes=\"auto, (max-width: 1000px) 100vw, 1000px\" \/><figcaption class=\"wp-element-caption\">Eigenschaften von Pixel Circle Generator<\/figcaption><\/figure>\n<\/div>\n\n\n<h2 class=\"wp-block-heading\">Eigenschaften von Pixel Circle Generator<\/h2>\n\n\n\n<p>Mit dem kostenlosen Circle Maker kannst du in Minecraft makellose Kreise erstellen. Das wird dir helfen, verschiedene Objekte in Minecraft zu erstellen.<\/p>\n\n\n\n<p>Die Eigenschaften und Qualit\u00e4ten, die Sie von diesem Pixelkreis-Generator erhalten, sind unten aufgef\u00fchrt.<\/p>\n\n\n\n<ul class=\"wp-block-list\">\n<li>Sie k\u00f6nnen das Tool auf Smartphone-Ger\u00e4ten nutzen, ohne dass Sie einen Computer, einen Laptop oder ein Mobiltelefon ben\u00f6tigen, den Kreis nach Ihren Bed\u00fcrfnissen bearbeiten und dann kostenlos herunterladen.<\/li>\n\n\n\n<li>Sie k\u00f6nnen in Minecraft einen Kreis erstellen, der einen engen Umfang hat und in dem kein Text enthalten ist.<\/li>\n\n\n\n<li>Mit unserem Kreisgenerator k\u00f6nnen Sie auch Ihre Kreise erstellen, indem Sie die H\u00f6he und Breite an Ihre Bed\u00fcrfnisse anpassen.<\/li>\n\n\n\n<li>Sie k\u00f6nnen ein Bild schnell auf das 3-, 10- oder 50-fache seiner Originalgr\u00f6\u00dfe skalieren. Dort werden Sie vor die Wahl gestellt.<\/li>\n\n\n\n<li>Verwenden Sie die Option &#8220;Kreis erzwingen&#8221;, um ihn in einen Kreis umzuwandeln, wenn Sie einen perfekten Kreis ben\u00f6tigen, aber aus irgendeinem Grund mit dem erzeugten Kreis nicht zufrieden sind. Das ist leicht zu bewerkstelligen. Klicken Sie einfach auf das H\u00e4kchensymbol des Kraftkreises. Und das ist alles.<\/li>\n<\/ul>\n\n\n\n<h2 class=\"wp-block-heading\">Wie macht man einen perfekten Kreis in Minecraft?<\/h2>\n\n\n\n<p>In Vanilla Minecraft ist es unm\u00f6glich, eine Konstruktion mit einem perfekten Kreis und beliebiger Gr\u00f6\u00dfe zu erstellen. Es gibt Spielmods, mit denen man perfekte Kreise erstellen kann, aber man sollte vorsichtig sein, was man herunterl\u00e4dt, um zu vermeiden, dass der Rechner mit Viren infiziert wird.<\/p>\n\n\n\n<p>Wenn Sie die Bl\u00f6cke des Spiels in groben kreisf\u00f6rmigen Mustern anordnen, k\u00f6nnen Sie immer noch mit Leichtigkeit ungef\u00e4hre Kreise bilden. Es gibt verschiedene M\u00f6glichkeiten, dies zu erreichen, aber die einfachste ist, eine Vorlage f\u00fcr deinen Minecraft-Kreis mit einem beliebigen Pixelgenerator zu erstellen.<\/p>\n\n\n\n<h2 class=\"wp-block-heading has-text-align-center\">FAQ&#8217;s<\/h2>\n\n\n\n<h3 class=\"wp-block-heading\"><strong>Was ist ein Minecraft-Kreis-Generator?<\/strong><\/h3>\n\n\n\n<p>Du kannst Kreise und Ellipsen in Minecraft mit dem Kreisgenerator erstellen. Erlaubt unterschiedliche Dicken, Breiten und H\u00f6hen.<\/p>\n\n\n\n<h3 class=\"wp-block-heading\"><strong>Wie findet man den Kreis in Minecraft?<\/strong><\/h3>\n\n\n\n<p>Du kannst nun Kreise und B\u00f6gen in Minecraft erstellen, bedenke aber, dass eine gr\u00f6\u00dfere Kuppel sch\u00f6ner aussieht. Sie m\u00fcssen die Formel x2+y2=r2 eingeben, wobei r der gew\u00fcnschte Radius f\u00fcr Ihren Kreis oder Ihre Kuppel ist.<\/p>\n\n\n\n<h3 class=\"wp-block-heading\"><strong>Wie kann ich einen guten Pixelkreis erstellen?<\/strong><\/h3>\n\n\n\n<p>Es gibt zahlreiche M\u00f6glichkeiten, ein Pixelkreisdiagramm in Minecraft zu erstellen. Durch das Verschmelzen einzelner Pixel k\u00f6nnen Sie mit dem Minecraft-Pixelgrafikgenerator einfache Pixelgrafiken erstellen. Um Pixelkunst im Retro-Stil zu erstellen, verwenden Sie einen Pixelkreis-Generator.<\/p>\n\n\n\n<h3 class=\"wp-block-heading\"><strong>Was ist Pixelkunst in Minecraft?<\/strong><\/h3>\n\n\n\n<p>Es ist ein Kunstwerk, das in Minecraft mit Pixeln erstellt wurde. Die gleiche Pixelgrafik wird auch in einigen anderen Spielen verwendet. Vereinfacht gesagt, wird die Pixelkunst eingesetzt, um Spielen eine Retro-\u00c4sthetik zu verleihen (ein Look, der Mode, Ideen, Lifestyle und andere Elemente einbezieht).<\/p>\n\n\n\n<p>Einige Tools von Minecraft, die Ihnen gefallen k\u00f6nnten:<\/p>\n\n\n\n<ul class=\"wp-block-list\">\n<li><a href=\"https:\/\/cpstesters.com\/de\/minecraft-font-generator-der-beste-font-generator\/\" target=\"_blank\" rel=\"noreferrer noopener\">Minecraft Schriftart Generator<\/a><\/li>\n\n\n\n<li><a href=\"https:\/\/cpstesters.com\/de\/minecraft-titel-generator-mach-den-besten-titel\/\" target=\"_blank\" rel=\"noreferrer noopener\">Minecraft Titel Generator<\/a><\/li>\n\n\n\n<li><a href=\"https:\/\/cpstesters.com\/de\/minecraft-befehlsgenerator-online-befehl-geben\/\" target=\"_blank\" rel=\"noreferrer noopener\">Minecraft Befehlsgenerator<\/a><\/li>\n\n\n\n<li><a href=\"https:\/\/cpstesters.com\/de\/minecraft-kugel-generator-minecraft-kuppel-generator\/\" target=\"_blank\" rel=\"noreferrer noopener\">Minecraft Sphere Generator<\/a><\/li>\n\n\n\n<li><a href=\"https:\/\/cpstesters.com\/de\/\" target=\"_blank\" rel=\"noreferrer noopener\">CPS-Pr\u00fcfger\u00e4t<\/a><\/li>\n\n\n\n<li><a href=\"https:\/\/cpstesters.com\/de\/apm-test-actions-per-minute-tracker-fuer-gaming\/\" target=\"_blank\" rel=\"noreferrer noopener\">Aktionen pro Minute Test<\/a><\/li>\n<\/ul>\n","protected":false},"excerpt":{"rendered":"<p>Circle Generator ist ein Online-Tool, das einen Pixel-Kreis oder ein Oval f\u00fcr Minecraft erstellt, um den Prozess f\u00fcr Sie einfach zu machen, Check out! Minecraft &#8230; <\/p>\n<p class=\"read-more-container\"><a title=\"Minecraft Kreis Generator | Kreis\/Ovaldiagramm online erstellen\" class=\"read-more button\" href=\"https:\/\/cpstesters.com\/de\/minecraft-kreis-generator\/#more-2869\" aria-label=\"Mehr Informationen \u00fcber Minecraft Kreis Generator | Kreis\/Ovaldiagramm online erstellen\">Read More<\/a><\/p>\n","protected":false},"author":4,"featured_media":1484,"parent":0,"menu_order":0,"comment_status":"closed","ping_status":"closed","template":"","meta":{"footnotes":""},"class_list":["post-2869","page","type-page","status-publish","has-post-thumbnail"],"_links":{"self":[{"href":"https:\/\/cpstesters.com\/de\/wp-json\/wp\/v2\/pages\/2869","targetHints":{"allow":["GET"]}}],"collection":[{"href":"https:\/\/cpstesters.com\/de\/wp-json\/wp\/v2\/pages"}],"about":[{"href":"https:\/\/cpstesters.com\/de\/wp-json\/wp\/v2\/types\/page"}],"author":[{"embeddable":true,"href":"https:\/\/cpstesters.com\/de\/wp-json\/wp\/v2\/users\/4"}],"replies":[{"embeddable":true,"href":"https:\/\/cpstesters.com\/de\/wp-json\/wp\/v2\/comments?post=2869"}],"version-history":[{"count":4,"href":"https:\/\/cpstesters.com\/de\/wp-json\/wp\/v2\/pages\/2869\/revisions"}],"predecessor-version":[{"id":4647,"href":"https:\/\/cpstesters.com\/de\/wp-json\/wp\/v2\/pages\/2869\/revisions\/4647"}],"wp:featuredmedia":[{"embeddable":true,"href":"https:\/\/cpstesters.com\/de\/wp-json\/wp\/v2\/media\/1484"}],"wp:attachment":[{"href":"https:\/\/cpstesters.com\/de\/wp-json\/wp\/v2\/media?parent=2869"}],"curies":[{"name":"wp","href":"https:\/\/api.w.org\/{rel}","templated":true}]}}