{"id":2724,"date":"2024-07-16T14:00:28","date_gmt":"2024-07-16T14:00:28","guid":{"rendered":"https:\/\/cpstesters.com\/doppelklick-test-mausklick-pruefer\/"},"modified":"2024-09-17T14:30:02","modified_gmt":"2024-09-17T14:30:02","slug":"double-click-test","status":"publish","type":"page","link":"https:\/\/cpstesters.com\/de\/double-click-test\/","title":{"rendered":"Doppelklick-Test | Mausklick-Pr\u00fcfer"},"content":{"rendered":"\n<p>Mit diesem Doppelklick-Test kannst du \u00fcberpr\u00fcfen, ob deine Maus zwei Eingaben gleichzeitig macht und deine Klickgeschwindigkeit verbessern!<\/p>\n     \r\n<div class=\"row\">\r\n\t<div class=\"col-md-4\">\r\n\r\n\t\t\r\n\t\t\r\n\t\t<div class=\"side_nav\">\r\n            \r\n            \r\n            <ul class=\"time\">\r\n              <li>\r\n            <span data-time=\"1.00\">1 Second Test<\/span>\r\n            <\/li><li>\r\n           <span data-time=\"2.00\">2 Second Test<\/span>\r\n            <\/li><li>\r\n         <span data-time=\"5.00\">5 Second Test<\/span>\r\n            <\/li><li>\r\n\t\t\t<span data-time=\"10.00\">10 Second Test<\/span>\r\n            <\/li><li>\r\n            <span data-time=\"15.00\">15 Second Test<\/span>\r\n            <\/li>\r\n\t\t\t<li>\r\n            <span data-time=\"30.00\">30 Second Test<\/span>\r\n            <\/li>\r\n\t\t\t\t<li>\r\n            <span data-time=\"60.00\">60 Second Test<\/span>\r\n            <\/li>\r\n\t\t\t\t<li>\r\n            <span data-time=\"100.00\">100 Second Test<\/span>\r\n            <\/li>\r\n\t\t\t\r\n\t\t\t<\/ul>\r\n            <\/div>\r\n\t\t\r\n\t\t\r\n\t<\/div>\r\n\t<div class=\"col-md-8\">\r\n\t\t<section class=\"section section--full js-section-full section--click\">\r\n               <div class=\"container\">\r\n\t\t\t\t   \r\n\t\t\t\t         <div class=\"setting\">\r\n    <div class=\"theme-mode\"><a class=\"theme-mode__switch js-switch\" href=\"javascript:void(0);\"><\/a>\r\n        <div class=\"theme-mode__text\">Light \/ Dark mode<\/div>\r\n    <\/div>\r\n<\/div>\r\n\t\t\t\t   \r\n\t\t\t\t   \r\n                  <div class=\"statistics\">\r\n                     <div class=\"statistics__item statistics__item--timer\">\r\n                        <div class=\"statistics__number\">\r\n                           <span class=\"js-time number_timer\">5.00<\/span>\r\n                           <a class=\"statistics__arrow statistics__arrow--up js-time-up\" href=\"javascript:void(0);\">\r\n                              <svg class=\"icon icon-arrow-up \">\r\n                                 <use xlink:href=\"\/wp-content\/themes\/generatepress\/tools\/assets\/img\/spritesvg.svg#arrow-up\"><\/use>\r\n                              <\/svg>\r\n                           <\/a>\r\n                           <a class=\"statistics__arrow statistics__arrow--down js-time-down\" href=\"javascript:void(0);\">\r\n                              <svg class=\"icon icon-arrow-up \">\r\n                                 <use xlink:href=\"\/wp-content\/themes\/generatepress\/tools\/assets\/img\/spritesvg.svg#arrow-up\"><\/use>\r\n                              <\/svg>\r\n                           <\/a>\r\n                        <\/div>\r\n                        <div class=\"statistics__title\">Timer<\/div>\r\n                     <\/div>\r\n                     <div class=\"statistics__item statistics__item--clicks\">\r\n\t\t\t\t\t\t<div class=\"statistics__number number_clicks js-double-click\">0<\/div>\r\n\t\t\t\t\t\t<div class=\"statistics__title\">Double clicks<\/div>\r\n\t\t\t\t\t<\/div>\r\n                     <div class=\"statistics__item statistics__item--score\">\r\n\t\t\t\t\t\t<div class=\"statistics__number number_score js-total-click\">0<\/div>\r\n\t\t\t\t\t\t<div class=\"statistics__title\">Total clicks<\/div>\r\n\t\t\t\t\t<\/div>\r\n                  <\/div>\r\n                  <div class=\"clicks-zone\">\r\n                     <div class=\"clicks-zone__start js-clicks-start\">\r\n                        <svg class=\"icon icon-click \">\r\n                           <use xlink:href=\"\/wp-content\/themes\/generatepress\/tools\/assets\/img\/spritesvg.svg#click\"><\/use>\r\n                        <\/svg>\r\n                        <div class=\"clicks-zone__start-title\">\u0421lick here to start Doube Click test<\/div>\r\n                     <\/div>\r\n                     <div class=\"clicks-zone__clicks js-clicks\"><\/div>\r\n                     <div class=\"clicks-zone__result result-clicks js-clicks-result\">\r\n                         <div class=\"result-clicks__text double__clicks\" data-text=\"Your Result is {clicks} Double clicks in {time} seconds\"><\/div>\r\n\t\t\t\t\t\t\t<a class=\"result-clicks__btn js-try-again\" href=\"javascript:void(0);\">\r\n\t\t\t\t\t\t\t\t<svg class=\"icon icon-again \">\r\n\t\t\t\t\t\t\t\t\t<use xlink:href=\"\/wp-content\/themes\/generatepress\/tools\/assets\/img\/spritesvg.svg#again\"><\/use>\r\n\t\t\t\t\t\t\t\t<\/svg>Restart\r\n\t\t\t\t\t\t\t<\/a>\r\n\r\n                        <div class=\"result-clicks__share\">\r\n                           <div class=\"result-clicks__share-title\">Share your result with friends!<\/div>\r\n                           <div class=\"share-buttons\">\r\n                              <a class=\"share-button facebook\" data-href=\"https:\/\/www.facebook.com\/sharer\/sharer.php?u=https:\/\/cpstesters.com\/\" target=\"_blank\" onclick=\"goclicky(this); return false;\" rel=\"noopener\">Facebook<\/a>\r\n                              <a class=\"share-button twitter\" data-href=\"http:\/\/www.twitter.com\/share?url=https:\/\/cpstesters.com\/&text=[text]\" target=\"_blank\" onclick=\"goclicky(this); return false;\" rel=\"noopener\">Twitter<\/a>\r\n                              <a class=\"share-button whatsapp\" data-href=\"https:\/\/api.whatsapp.com\/send?text=[text]\" target=\"_blank\" onclick=\"goclicky(this); return false;\" rel=\"noopener\">WhatsApp<\/a>\r\n                              <a class=\"share-button reddit\" data-href=\"http:\/\/www.reddit.com\/submit?url=https:\/\/cpstesters.com\/&title=[text]\" target=\"_blank\" onclick=\"goclicky(this); return false;\" rel=\"noopener\">Reddit<\/a>\r\n                           <\/div>\r\n                        <\/div>\r\n                     <\/div>\r\n                  <\/div>\r\n                  <img decoding=\"async\" src=\"\/wp-content\/themes\/generatepress\/tools\/assets\/img\/test_result\/3\/1.png\" style=\"display: none\" alt=\"\" title=\"\">\r\n                  <img decoding=\"async\" src=\"\/wp-content\/themes\/generatepress\/tools\/assets\/img\/test_result\/5\/1.png\" style=\"display: none\" alt=\"\" title=\"\">\r\n                  <img decoding=\"async\" src=\"\/wp-content\/themes\/generatepress\/tools\/assets\/img\/test_result\/1\/1.png\" style=\"display: none\" alt=\"\" title=\"\">\r\n                  <img decoding=\"async\" src=\"\/wp-content\/themes\/generatepress\/tools\/assets\/img\/test_result\/2\/1.png\" style=\"display: none\" alt=\"\" title=\"\">\r\n                  <img decoding=\"async\" src=\"\/wp-content\/themes\/generatepress\/tools\/assets\/img\/test_result\/0\/1.png\" style=\"display: none\" alt=\"\" title=\"\">\r\n                  <img decoding=\"async\" src=\"\/wp-content\/themes\/generatepress\/tools\/assets\/img\/test_result\/6\/1.png\" style=\"display: none\" alt=\"\" title=\"\">\r\n                  <img decoding=\"async\" src=\"\/wp-content\/themes\/generatepress\/tools\/assets\/img\/test_result\/7\/1.png\" style=\"display: none\" alt=\"\" title=\"\">\r\n                  <img decoding=\"async\" src=\"\/wp-content\/themes\/generatepress\/tools\/assets\/img\/test_result\/4\/1.png\" style=\"display: none\" alt=\"\" title=\"\">\r\n                  <script>\r\n                     var test_result = {\"ratings\":{\"min\":0,\"max\":5},\"rating_ranks\":[\"Your Rank is Snail!\",\"Your Rank is Koala!\",\"Your Rank is Turtle!\",\"Your Rank is Panda!\",\"Your Rank is Hare!\",\"Your Rank is Kangaroo!\",\"Your Rank is Panther!\",\"Your Rank is Cheetah!\"],\"cps_scale\":[[0,1],[1,3],[3,5],[5,7],[7,9],[9,10],[10,12],[12,999]],\"files\":{\"3\":[\"\\\/wp-content\\\/themes\\\/generatepress\\\/tools\\\\assets\\\/img\\\/test_result\\\/3\\\/1.png\"],\"5\":[\"\\\/wp-content\\\/themes\\\/generatepress\\\/tools\\\\assets\\\/img\\\/test_result\\\/5\\\/1.png\"],\"1\":[\"\\\/wp-content\\\/themes\\\/generatepress\\\/tools\\\\assets\\\/img\\\/test_result\\\/1\\\/1.png\"],\"2\":[\"\\\/wp-content\\\/themes\\\/generatepress\\\/tools\\\\assets\\\/img\\\/test_result\\\/2\\\/1.png\"],\"0\":[\"\\\/wp-content\\\/themes\\\/generatepress\\\/tools\\\\assets\\\/img\\\/test_result\\\/0\\\/1.png\"],\"6\":[\"\\\/wp-content\\\/themes\\\/generatepress\\\/tools\\\\assets\\\/img\\\/test_result\\\/6\\\/1.png\"],\"7\":[\"\\\/wp-content\\\/themes\\\/generatepress\\\/tools\\\\assets\\\/img\\\/test_result\\\/7\\\/1.png\"],\"4\":[\"\\\/wp-content\\\/themes\\\/generatepress\\\/tools\\\\assets\\\/img\\\/test_result\\\/4\\\/1.png\"]}};\r\n                     var language = {\"code\":\"en\",\"name\":\"English\",\"prefix\":\"\"};\r\n                     var monitoringClickEvent = 'double';\r\n                     var shareTextDefault = 'My Result is {clicks} Double clicks in {time} seconds';\r\n                  <\/script>        \r\n               <\/div>\r\n            <\/section>\r\n\t\t\r\n\t<\/div>\r\n<\/div>\r\n\r\n    <script src=\"\/wp-content\/themes\/generatepress\/tools\/assets\/js\/libs.min.js\"><\/script>\r\n      <script src=\"\/wp-content\/themes\/generatepress\/tools\/assets\/js\/main.min.js?v64\"><\/script>\r\n\n\n<div style=\"height:5px\" aria-hidden=\"true\" class=\"wp-block-spacer\"><\/div>\n\n<h2 class=\"wp-block-heading\">Was ist ein Doppelklick-Test?<\/h2>\n\n<p>Unter Doppelklick versteht man das leichte Ber\u00fchren der Hauptmaustaste, um mehrere Klicks gleichzeitig zu erfassen. Die CPS, also die Klicks pro Sekunde, k\u00f6nnen mit dieser Technik erh\u00f6ht werden. In manchen Spielen verschaffen schnelle Klicks dem Spieler einen Vorteil.<\/p>\n\n<p>Auch wenn Sie nur einmal mit der Maus klicken, k\u00f6nnen Sie gelegentlich feststellen, dass sie doppelt klickt. Machen Sie sich keine Sorgen, wenn es dazu kommt. Es gibt eine M\u00f6glichkeit, das Problem des Doppelklickens mit der Maus zu verstehen.<\/p>\n\n<h2 class=\"wp-block-heading\">Maus-Doppelklick-Test<\/h2>\n\n<p>Eine der h\u00e4ufigsten Angewohnheiten von Computernutzern ist das Doppelklicken mit der Maus. Sie kann f\u00fcr verschiedene Aufgaben verwendet werden, z. B. f\u00fcr das \u00d6ffnen von Ordnern, das Ausw\u00e4hlen von Dateien und das Markieren von W\u00f6rtern im Text.<\/p>\n\n<p>Wenn die Maus bei jedem <a href=\"https:\/\/www.computerhope.com\/jargon\/d\/doublecl.htm\" target=\"_blank\" rel=\"noreferrer noopener\">Doppelklick<\/a> nicht richtig funktioniert, kann das l\u00e4stig sein und Ihre Produktivit\u00e4t beeintr\u00e4chtigen. Stellen Sie sicher, dass das Problem nicht auf einen Doppelklick zur\u00fcckzuf\u00fchren ist.<\/p>\n\n<p>Sie k\u00f6nnen einen Klick-Tester verwenden, der aufzeichnet, wie oft Sie klicken. Dieser ist unter CPSTesters.com erh\u00e4ltlich. Wir haben einen einfachen Doppelklick-Test entwickelt, mit dem Sie feststellen k\u00f6nnen, ob Ihre Maus defekt ist oder nicht. Um zu sehen, was genau gespeichert wird, klicken Sie einmal und zweimal.<\/p>\n\n<p class=\"has-text-align-center has-base-background-color has-background has-medium-font-size\"><em>Vielleicht suchen Sie einen vollst\u00e4ndigen Test, um Ihre Klicks zu verbessern. Daf\u00fcr k\u00f6nnen Sie die <a href=\"https:\/\/cpstesters.com\/de\/\" target=\"_blank\" rel=\"noreferrer noopener\">CPS Tester<\/a> Seite besuchen!<\/em><\/p>\n\n<h2 class=\"wp-block-heading\">Zweck des Maus-Doppelklick-Tests?<\/h2>\n\n<p>Der Hauptzweck des Doppelklick-Testers besteht darin, F\u00e4lle von Doppelklick zu finden. Sie verf\u00fcgen \u00fcber einen quadratischen Bereich, in dem die Benutzer den Doppelklick mit der Maus \u00fcben k\u00f6nnen.<\/p>\n\n<p>Ein spezieller Test oder eine Methode, um festzustellen, ob Ihre Maus funktionsf\u00e4hig ist, ist der Doppelklick-Maustest. Die Maus-Doppelklick-Tests erm\u00f6glichen es Ihnen, eine Einsch\u00e4tzung der Betriebsparameter Ihrer Maus zu erhalten.<\/p>\n<div class=\"wp-block-image\">\n<figure class=\"aligncenter size-full\"><img loading=\"lazy\" decoding=\"async\" width=\"1000\" height=\"500\" src=\"https:\/\/cpstesters.com\/wp-content\/uploads\/2022\/09\/double-click-test.jpg\" alt=\"Doppelklick-Test\" class=\"wp-image-517\" title=\"\" srcset=\"https:\/\/cpstesters.com\/wp-content\/uploads\/2022\/09\/double-click-test.jpg 1000w, https:\/\/cpstesters.com\/wp-content\/uploads\/2022\/09\/double-click-test-300x150.jpg 300w, https:\/\/cpstesters.com\/wp-content\/uploads\/2022\/09\/double-click-test-768x384.jpg 768w\" sizes=\"auto, (max-width: 1000px) 100vw, 1000px\" \/><figcaption class=\"wp-element-caption\">Doppelklick-Test<\/figcaption><\/figure>\n<\/div>\n<p>Wenn Sie z. B. ein Programm ausf\u00fchren, das viele Klicks erfordert, und Ihre Maus pl\u00f6tzlich nicht mehr auf diese Befehle reagiert, kann dies zu gro\u00dfen Problemen f\u00fchren. Sie k\u00f6nnen diesen Test durchf\u00fchren, um herauszufinden, ob Ihr Maus-Doppelklick funktioniert oder nicht.<\/p>\n\n<p>Wenn das Doppelklick-Testtool zu irgendeinem Zeitpunkt einen Doppelklick erkennt, \u00e4ndert es sofort den Status dieses Feldes und verfolgt die Anzahl der Doppelklicks.<\/p>\n\n<h2 class=\"wp-block-heading\">Wie verwendet man den Maus-Doppelklick-Test?<\/h2>\n\n<p>Die Verwendung dieses Maus-Doppelklick-Checkers ist ganz einfach. Sie m\u00fcssen sich nur an die folgenden Anweisungen halten:<\/p>\n\n<ul class=\"wp-block-list\">\n<li>Oben auf dieser Seite gibt es einen Test, du musst nur deine Maus in die Mitte bewegen, um zu klicken.<\/li>\n\n\n\n<li>Das Klickpad leuchtet rot, wenn Sie mit der Maus doppelklicken, um anzuzeigen, dass der Klick erfolgreich war.<\/li>\n\n\n\n<li>Ein Timer, der anzeigt, wie lange es zwischen den Klicks dauert, wird ebenfalls unten angezeigt.<\/li>\n\n\n\n<li>Dar\u00fcber hinaus haben Sie die M\u00f6glichkeit, aus vorgegebenen Klickgeschwindigkeitstests mit einer Dauer von 1 Sekunde, 2 Sekunden, 5 Sekunden und so weiter auszuw\u00e4hlen.<\/li>\n<\/ul>\n\n<h2 class=\"wp-block-heading\">Wie funktioniert dieser Test?<\/h2>\n\n<p>Dieser Test soll Ihnen helfen festzustellen, ob Ihr Computer normal auf Doppelklicks reagiert. Die Auswertung ist einfach: Eine oder beide Maustasten reagieren nicht richtig, wenn die Taste nach etwa 80 Millisekunden rot wird.<\/p>\n\n<p>W\u00e4hlen Sie die Schaltfl\u00e4che Zur\u00fccksetzen, um den Test jederzeit von Anfang an neu zu starten. So k\u00f6nnen Sie neu starten, indem Sie die Dauer und die Anzahl der Antippen auf Null setzen.<\/p>\n\n<p>Es ist einfach zu bedienen und erfordert keine speziellen Kenntnisse oder Erfahrungen. Auch wenn Sie das System zum ersten Mal benutzen, werden Sie schnell verstehen, wie Sie den Test durchf\u00fchren.<\/p>\n\n<p>Es erfordert nur ein paar Klicks, um irgendwie loszulegen, und kann in wenigen Sekunden eingerichtet werden. Es ist die ideale L\u00f6sung f\u00fcr alle, die ihre Mausleistung auf vertrauensw\u00fcrdige Weise testen wollen. Au\u00dferdem ist die Benutzeroberfl\u00e4che klar und einfach gestaltet.<\/p>\n\n<h2 class=\"wp-block-heading has-text-align-center\">FAQ&#8217;s<\/h2>\n\n<h3 class=\"wp-block-heading\"><strong>Wie funktioniert der Doppelklick-Test wirklich?<\/strong><\/h3>\n\n<p>In einigen der Doppelklick-Tests k\u00f6nnen mehrere Felder mit den Bezeichnungen Rechts, Links und Mitte erscheinen. In diesen Boxen werden jeweils mehrere Mausklicks getrennt erfasst. Jedes Mal, wenn die 2x-Klick-Test-App einen Doppelklick identifiziert, \u00e4ndert sie sofort den Status der Seitenbox und verfolgt die Gesamtzahl Ihrer Doppelklicks.<\/p>\n\n<h3 class=\"wp-block-heading\"><strong>Wie kann ich die Geschwindigkeit von Maus-Doppelklicks einstellen?<\/strong><\/h3>\n\n<p>Wenn Sie in der Systemsteuerung die Option Maus w\u00e4hlen, k\u00f6nnen Sie die Frequenz Ihrer Maus \u00e4ndern. Die Schaltfl\u00e4che &#8220;Geschwindigkeit&#8221; finden Sie auf der Registerkarte &#8220;Schaltfl\u00e4chen&#8221;. Es wird ein Fenster mit einer Anzeige der Cursorgeschwindigkeit eingeblendet. Um Ihre Maus zu beschleunigen oder zu verlangsamen, schieben Sie diese Taste nach rechts oder links.<\/p>\n\n<h2 class=\"wp-block-heading\">Letzte Worte zu Double Click Tester<\/h2>\n\n<p>Unsere Maus-Doppelklick-Testtools vermitteln Ihnen ein situationsbezogenes Verst\u00e4ndnis daf\u00fcr, wie Ihre Maus funktionieren wird. \u00dcberpr\u00fcfen Sie die Maus regelm\u00e4\u00dfig auf Doppelklicks, es sei denn, Sie wollen warten, bis sie Sie w\u00e4hrend einer wichtigen Arbeitssitzung oder eines Spiels im Stich l\u00e4sst.<\/p>\n\n<p>Einige andere Tools:<\/p>\n\n<ul class=\"wp-block-list\">\n<li><a href=\"https:\/\/cpstesters.com\/de\/tap-counter\/\" target=\"_blank\" rel=\"noreferrer noopener\">Zapfhahnz\u00e4hler<\/a><\/li>\n\n\n\n<li><a href=\"https:\/\/cpstesters.com\/de\/maustest\/\" target=\"_blank\" rel=\"noreferrer noopener\">Maus-Test<\/a><\/li>\n\n\n\n<li><a href=\"https:\/\/cpstesters.com\/de\/maus-scroll-test\/\" target=\"_blank\" rel=\"noreferrer noopener\">Maus-Scroll-Test<\/a><\/li>\n\n\n\n<li><a href=\"https:\/\/cpstesters.com\/de\/mouse-rate-checker\/\" target=\"_blank\" rel=\"noreferrer noopener\">Mouse Rate Checker<\/a><\/li>\n\n\n\n<li><a href=\"https:\/\/cpstesters.com\/de\/apm-test\/\" target=\"_blank\" rel=\"noreferrer noopener\">APM-Test<\/a><\/li>\n\n\n\n<li><a href=\"https:\/\/cpstesters.com\/de\/aim-trainer\/\" target=\"_blank\" rel=\"noreferrer noopener\">Ziel-Trainer<\/a><\/li>\n<\/ul>\n","protected":false},"excerpt":{"rendered":"<p>Mit diesem Doppelklick-Test kannst du \u00fcberpr\u00fcfen, ob deine Maus zwei Eingaben gleichzeitig macht und deine Klickgeschwindigkeit verbessern! Was ist ein Doppelklick-Test? Unter Doppelklick versteht man &#8230; <\/p>\n<p class=\"read-more-container\"><a title=\"Doppelklick-Test | Mausklick-Pr\u00fcfer\" class=\"read-more button\" href=\"https:\/\/cpstesters.com\/de\/double-click-test\/#more-2724\" aria-label=\"Mehr Informationen \u00fcber Doppelklick-Test | Mausklick-Pr\u00fcfer\">Read More<\/a><\/p>\n","protected":false},"author":4,"featured_media":1388,"parent":0,"menu_order":0,"comment_status":"closed","ping_status":"closed","template":"","meta":{"footnotes":""},"class_list":["post-2724","page","type-page","status-publish","has-post-thumbnail"],"_links":{"self":[{"href":"https:\/\/cpstesters.com\/de\/wp-json\/wp\/v2\/pages\/2724","targetHints":{"allow":["GET"]}}],"collection":[{"href":"https:\/\/cpstesters.com\/de\/wp-json\/wp\/v2\/pages"}],"about":[{"href":"https:\/\/cpstesters.com\/de\/wp-json\/wp\/v2\/types\/page"}],"author":[{"embeddable":true,"href":"https:\/\/cpstesters.com\/de\/wp-json\/wp\/v2\/users\/4"}],"replies":[{"embeddable":true,"href":"https:\/\/cpstesters.com\/de\/wp-json\/wp\/v2\/comments?post=2724"}],"version-history":[{"count":4,"href":"https:\/\/cpstesters.com\/de\/wp-json\/wp\/v2\/pages\/2724\/revisions"}],"predecessor-version":[{"id":4194,"href":"https:\/\/cpstesters.com\/de\/wp-json\/wp\/v2\/pages\/2724\/revisions\/4194"}],"wp:featuredmedia":[{"embeddable":true,"href":"https:\/\/cpstesters.com\/de\/wp-json\/wp\/v2\/media\/1388"}],"wp:attachment":[{"href":"https:\/\/cpstesters.com\/de\/wp-json\/wp\/v2\/media?parent=2724"}],"curies":[{"name":"wp","href":"https:\/\/api.w.org\/{rel}","templated":true}]}}