{"id":2722,"date":"2024-07-16T14:26:10","date_gmt":"2024-07-16T14:26:10","guid":{"rendered":"https:\/\/cpstesters.com\/tote-pixel-test-lcd-monitor-bildschirmueberpruefung\/"},"modified":"2024-09-17T14:25:21","modified_gmt":"2024-09-17T14:25:21","slug":"dead-pixel-test","status":"publish","type":"page","link":"https:\/\/cpstesters.com\/de\/dead-pixel-test\/","title":{"rendered":"Tote-Pixel-Test | LCD-Monitor-Bildschirm\u00fcberpr\u00fcfung"},"content":{"rendered":"\n<p>Dead Pixel Tester ist ein Online-Test, um herauszufinden, ob Ihr Bildschirm tote Pixel hat oder nicht, verwenden Sie das Tool unten zu \u00fcberpr\u00fcfen, jetzt!<\/p>\n<button class=\"computer-screen-button-cta\" id=\"whitescreentestcta\">Click To Start the Dead Pixel Test<\/button>\r\n<div id=\"whitescreenparent\" style=\"background-color:white;\"> <\/div>\r\n\r\n<script> \r\n\t  var elem = document.getElementById(\"whitescreenparent\");\r\n\r\n  function openFullscreen() {\r\n    if (elem.requestFullscreen) {\r\n      elem.requestFullscreen();\r\n    } else if (elem.webkitRequestFullscreen) {\r\n      elem.webkitRequestFullscreen();\r\n    } else if (elem.msRequestFullscreen) {\r\n      elem.msRequestFullscreen();\r\n    }\r\n  }\r\n  document.getElementById(\"whitescreentestcta\").onclick = openFullscreen;\r\n\r\n  function handleFullscreenChange(event) {\r\n    if (!document.fullscreenElement) {}\r\n  }\r\n  elem.onfullscreenchange = handleFullscreenChange;\r\n  var colors = [\"white\", \"black\", \"#FF0000\", \"#00FF00\", \"#0000FF\"],\r\n    index = 0;\r\n  document.getElementById(\"whitescreenparent\").onclick = function() {\r\n    document.getElementById(\"whitescreenparent\").style.backgroundColor = colors[index];\r\n    index = (index + 1) % colors.length;\r\n  }\r\n\r\n<\/script>\n\n<div style=\"height:5px\" aria-hidden=\"true\" class=\"wp-block-spacer\"><\/div>\n\n<h2 class=\"wp-block-heading\">Was sind Dead Pixels?<\/h2>\n\n<p>Tote Pixel zeigen nicht an, dass das Pixel mit Farbe \u00fcberf\u00fcllt ist, sondern sie werden schwarz und weigern sich, Farbe anzuzeigen, was zu Fehlern im Bild oder in der Grafik f\u00fchrt. Tote Pixel sind nur &#8220;Punkte&#8221; oder Gruppen von Punkten, die nicht mit der Farbe des Hintergrunds \u00fcbereinstimmen, z. B. schwarze Punkte auf einem gr\u00fcnen Hintergrund. Auf der rechten Seite k\u00f6nnen Sie weitere Abbildungen sehen.<\/p>\n\n<p>Meistens merken wir gar nicht, wenn ein einzelnes Pixel tot ist, aber wenn es mehrere tote Pixel gibt und diese den Bildschirm daran hindern, klar zu sein und ein angenehmes Bild zu zeigen, dann merken wir das schon.<\/p>\n\n<p>Sie m\u00fcssen sicherstellen, dass Ihre Anzeigen einwandfrei funktionieren, wenn Sie ein Autor von Inhalten, ein K\u00fcnstler, ein Webdesigner, ein Grafikdesigner, ein Entwickler von Videospielen usw. sind. Sie m\u00fcssen also Ihren Bildschirm oder Ihr Display auf tote Pixel untersuchen. Ein totes Pixel kann frustrierend sein, egal ob es auf Ihrem Desktop-Monitor, Laptop oder Smartphone auftritt.<\/p>\n\n<p>Tote Pixel sind keine Seltenheit, und gelegentlich liefern die Hersteller absichtlich defekte Monitore an den H\u00e4ndler und tauschen sie aus, nachdem sich der Kunde beschwert hat. Wassersch\u00e4den und die Alterung des Monitors sind zwei weitere h\u00e4ufige Ursachen f\u00fcr tote Pixel.<\/p>\n\n<h2 class=\"wp-block-heading\">Dead Pixel Tester<\/h2>\n\n<p>Das Tool zur \u00dcberpr\u00fcfung toter Pixel, das Sie oben sehen k\u00f6nnen, hilft Ihnen bei der Bewertung und Lokalisierung der <a href=\"https:\/\/www.makeuseof.com\/dead-pixel-on-monitor\/\" target=\"_blank\" rel=\"noreferrer noopener\">toten Pixel<\/a> auf Ihrem Ger\u00e4t.<\/p>\n\n<p>Nutzen Sie unser kostenloses und einfaches Tool zum Testen toter Pixel. Jeder, der nach toten Pixeln auf den Bildschirmen suchen m\u00f6chte, unabh\u00e4ngig von seinen technischen F\u00e4higkeiten oder Erfahrungen, kann den Dead-Pixel-Test mit unserem Website-Tool durchf\u00fchren. Das Tool l ist schnell, einfach und leicht zu bedienen.<\/p>\n<div class=\"wp-block-image\">\n<figure class=\"aligncenter size-full\"><img loading=\"lazy\" decoding=\"async\" width=\"1000\" height=\"500\" src=\"https:\/\/cpstesters.com\/wp-content\/uploads\/2022\/09\/dead-pixel.jpg\" alt=\"Dead Pixel Test\" class=\"wp-image-530\" title=\"\" srcset=\"https:\/\/cpstesters.com\/wp-content\/uploads\/2022\/09\/dead-pixel.jpg 1000w, https:\/\/cpstesters.com\/wp-content\/uploads\/2022\/09\/dead-pixel-300x150.jpg 300w, https:\/\/cpstesters.com\/wp-content\/uploads\/2022\/09\/dead-pixel-768x384.jpg 768w\" sizes=\"auto, (max-width: 1000px) 100vw, 1000px\" \/><figcaption class=\"wp-element-caption\">Dead Pixel Test<\/figcaption><\/figure>\n<\/div>\n<p>Alle Ger\u00e4te werden von unserem Testtool unterst\u00fctzt. Mit einer unserer Plattformen k\u00f6nnen Sie Ihr Smartphone, Ihren Monitor oder Ihr iPad testen, und wir sorgen daf\u00fcr, dass Sie die zuverl\u00e4ssigsten Daten erhalten.<\/p>\n\n<h2 class=\"wp-block-heading\">Wie benutzt man einen Dead Pixel Checker?<\/h2>\n\n<p>Sie k\u00f6nnen unser Pr\u00fcfprogramm f\u00fcr tote Pixel verwenden, um zu sehen, ob es tote Pixel auf dem Bildschirm des Ger\u00e4ts gibt. Befolgen Sie einfach die nachstehenden Anweisungen, um Ihren Monitor auf tote Pixel zu untersuchen.<\/p>\n\n<ul class=\"wp-block-list\">\n<li>Reinigen Sie zun\u00e4chst den Bildschirm des Monitors von eventuellen Flecken.<\/li>\n\n\n\n<li>W\u00e4hlen Sie den angegebenen Link.<\/li>\n\n\n\n<li>W\u00e4hlen Sie eines der Felder aus, um den Test zu starten. Geben Sie Ihren Augen einen Moment Zeit, sich an die Helligkeit zu gew\u00f6hnen.<\/li>\n\n\n\n<li>\u00dcberpr\u00fcfen Sie den Bildschirm Ihres Monitors auf kleine &#8220;Punkte&#8221;, um festzustellen, ob tote Pixel vorhanden sind.<\/li>\n\n\n\n<li>Um zur n\u00e4chsten Farbe zu gelangen, dr\u00fccken Sie die Pfeiltasten auf der Tastatur oder die entsprechenden Schaltfl\u00e4chen auf dem Bildschirm.<\/li>\n\n\n\n<li>Wenn du alle Farben untersucht und keine toten Pixel gefunden hast, kannst du das Spiel mit der ESC-Taste auf deiner Tastatur beenden.<\/li>\n<\/ul>\n\n<p>Durch vorsichtiges Ber\u00fchren des eingeklemmten Pixels mit einem feuchten Tuch oder einem spitzen, aber weichen Gegenstand, wie dem Radiergummi an der Spitze eines Bleistifts, k\u00f6nnen Sie versuchen, den toten Bildschirm zu reparieren.<\/p>\n\n<p>Damit Sie feststellen k\u00f6nnen, ob es tote Pixel gibt, zeigt unser Online-Finder f\u00fcr tote Pixel einen Vollbildschirm mit allen Hauptfarben an.<\/p>\n\n<h2 class=\"wp-block-heading has-text-align-center\">FAQ&#8217;s<\/h2>\n\n<h3 class=\"wp-block-heading\"><strong>Wie viele tote Pixel sind akzeptabel?<\/strong><\/h3>\n\n<p>Wenn Sie ein brandneues Ger\u00e4t kaufen, sind tote Pixel inakzeptabel. Es ist jedoch akzeptabel, dass einige Ger\u00e4te einer bestimmten Marke drei bis vier tote Pixel haben, aber das ist absolut ekelhaft.<\/p>\n\n<h3 class=\"wp-block-heading\"><strong>Wie kann man auf tote Pixel testen?<\/strong><\/h3>\n\n<p>Nutzen Sie unser Online-Tool, um Ihren Bildschirm auf tote Pixel zu \u00fcberpr\u00fcfen. Damit k\u00f6nnen Sie Ihren Bildschirm auf tote Pixel untersuchen, ohne dass Sie etwas herunterladen m\u00fcssen. Um den Test zu machen, gehen Sie einfach ins Internet und besuchen Sie unsere Website.<\/p>\n\n<h3 class=\"wp-block-heading\"><strong>K\u00f6nnen Sie tote Pixel tats\u00e4chlich reparieren?<\/strong><\/h3>\n\n<p>In den meisten F\u00e4llen handelt es sich bei toten Pixeln um ein Hardwareproblem, das nicht behoben werden kann. Ein sanfter Druck auf den Bereich um einen toten Pixel kann diesen jedoch wieder zum Leben erwecken.<\/p>\n\n<h2 class=\"wp-block-heading\">Letzte Worte zum Dead Pixel Finder<\/h2>\n\n<p>Wenn Sie unser Tool verwenden und die Anweisungen oben befolgen, k\u00f6nnen Sie Ihren Bildschirm schnell auf tote Pixel \u00fcberpr\u00fcfen. \u00dcberpr\u00fcfen Sie das Ger\u00e4t zun\u00e4chst auf tote Pixel. Wenn Sie welche finden, k\u00f6nnen Sie sie mit unserem Online-Tool schnell best\u00e4tigen. Wir haben auch einige andere Tools, die Sie interessieren k\u00f6nnten:<\/p>\n\n<ul class=\"wp-block-list\">\n<li><a href=\"https:\/\/cpstesters.com\/de\/touchscreen-test-online\/\" target=\"_blank\" rel=\"noreferrer noopener\">Touchscreen-Test<\/a><\/li>\n\n\n\n<li><a href=\"https:\/\/cpstesters.com\/de\/apm-test\/\" target=\"_blank\" rel=\"noreferrer noopener\">APM-Test<\/a><\/li>\n\n\n\n<li><a href=\"https:\/\/cpstesters.com\/de\/tap-counter\/\" target=\"_blank\" rel=\"noreferrer noopener\">Zapfhahnz\u00e4hler<\/a><\/li>\n\n\n\n<li><a href=\"https:\/\/cpstesters.com\/de\/tap-speed-test\/\" target=\"_blank\" rel=\"noreferrer noopener\">Tap Speed Test<\/a><\/li>\n\n\n\n<li><a href=\"https:\/\/cpstesters.com\/de\/apm-test\/\" target=\"_blank\" rel=\"noreferrer noopener\">APM-Test<\/a><\/li>\n\n\n\n<li><a href=\"https:\/\/cpstesters.com\/de\/aim-trainer\/\" target=\"_blank\" rel=\"noreferrer noopener\">Ziel-Trainer<\/a><\/li>\n<\/ul>\n","protected":false},"excerpt":{"rendered":"<p>Dead Pixel Tester ist ein Online-Test, um herauszufinden, ob Ihr Bildschirm tote Pixel hat oder nicht, verwenden Sie das Tool unten zu \u00fcberpr\u00fcfen, jetzt! Was &#8230; <\/p>\n<p class=\"read-more-container\"><a title=\"Tote-Pixel-Test | LCD-Monitor-Bildschirm\u00fcberpr\u00fcfung\" class=\"read-more button\" href=\"https:\/\/cpstesters.com\/de\/dead-pixel-test\/#more-2722\" aria-label=\"Mehr Informationen \u00fcber Tote-Pixel-Test | LCD-Monitor-Bildschirm\u00fcberpr\u00fcfung\">Read More<\/a><\/p>\n","protected":false},"author":4,"featured_media":1436,"parent":0,"menu_order":0,"comment_status":"closed","ping_status":"closed","template":"","meta":{"footnotes":""},"class_list":["post-2722","page","type-page","status-publish","has-post-thumbnail"],"_links":{"self":[{"href":"https:\/\/cpstesters.com\/de\/wp-json\/wp\/v2\/pages\/2722","targetHints":{"allow":["GET"]}}],"collection":[{"href":"https:\/\/cpstesters.com\/de\/wp-json\/wp\/v2\/pages"}],"about":[{"href":"https:\/\/cpstesters.com\/de\/wp-json\/wp\/v2\/types\/page"}],"author":[{"embeddable":true,"href":"https:\/\/cpstesters.com\/de\/wp-json\/wp\/v2\/users\/4"}],"replies":[{"embeddable":true,"href":"https:\/\/cpstesters.com\/de\/wp-json\/wp\/v2\/comments?post=2722"}],"version-history":[{"count":4,"href":"https:\/\/cpstesters.com\/de\/wp-json\/wp\/v2\/pages\/2722\/revisions"}],"predecessor-version":[{"id":4180,"href":"https:\/\/cpstesters.com\/de\/wp-json\/wp\/v2\/pages\/2722\/revisions\/4180"}],"wp:featuredmedia":[{"embeddable":true,"href":"https:\/\/cpstesters.com\/de\/wp-json\/wp\/v2\/media\/1436"}],"wp:attachment":[{"href":"https:\/\/cpstesters.com\/de\/wp-json\/wp\/v2\/media?parent=2722"}],"curies":[{"name":"wp","href":"https:\/\/api.w.org\/{rel}","templated":true}]}}