{"id":2530,"date":"2024-07-16T14:43:41","date_gmt":"2024-07-16T14:43:41","guid":{"rendered":"https:\/\/cpstesters.com\/aim-booster-bester-tester-zur-verbesserung-der-zielgenauigkeit-online\/"},"modified":"2024-09-17T09:49:21","modified_gmt":"2024-09-17T09:49:21","slug":"aim-trainer","status":"publish","type":"page","link":"https:\/\/cpstesters.com\/de\/aim-trainer\/","title":{"rendered":"Zielverst\u00e4rker | Bester Tester zur Verbesserung des Zielens online"},"content":{"rendered":"\n<p>Aim Trainer ist ein Online-Tester, der dir hilft, deine Zielf\u00e4higkeiten in professionellen Spielen zu verbessern. Probiere es aus und versuche, so viele Punkte wie m\u00f6glich zu erreichen!<\/p>\n<div class=\"aim-container\">\r\n      <div>\r\n        <div class=\"highscore-info\">Highscore: <span class=\"current-highscore\"><\/span><\/div>\r\n        <div class=\"info\">\r\n            <div class=\"score-bar\"><i class=\"im im-target\"><\/i> <span style=\"color:white\" class=\"score\">0<\/span><\/div>\r\n            <div class=\"health-bar\"><i class=\"im im-heart small\"><\/i> <span class=\"health\">0<\/span><\/div>\r\n            <div class=\"time-bar\"><\/i><i class=\"im im-timer small\"><\/i> <span class=\"time\">0<\/span><\/div>\r\n        <\/div>\r\n      <\/div>\r\n      <div class=\"board\"><\/div>\r\n      <div class=\"gameover modal\">\r\n        <div class=\"gameover-content\">\r\n          <p class=\"aim-header\">GAMEOVER<\/p>\r\n          <p class=\"highscore\"><\/p>\r\n          <p><i class=\"im im-target small\"><\/i>Score :&nbsp;<span class=\"score\">0<\/span><\/p>\r\n          <p><i class=\"im im-timer small\"><\/i>Time :&nbsp;<span class=\"time\">0<\/span><\/p>\r\n          <button class=\"restart-btn\">Restart<\/button>\r\n        <\/div>\r\n      <\/div>\r\n      <button style=\"color:white\" class=\"start-btn\">Start<\/button>\r\n<\/div>\r\n\r\n\r\n\r\n   \r\n<script type=\"text\/javascript\">\r\n    var keyboard_code = 'english';\r\n    var keyboard_settings = {\"layout\":{\"default\":[\"` 1 2 3 4 5 6 7 8 9 0 - = {backspace}\",\"{tab} q w e r t y u i o p [ ] \\\\\",\"{capslock} a s d f g h j k l ; ' {enter}\",\"{shiftleft} z x c v b n m , . \\\/ {shiftright}\",\".com @ {space}\"],\"shift\":[\"` 1 2 3 4 5 6 7 8 9 0 - = {backspace}\",\"{tab} q w e r t y u i o p [ ] \\\\\",\"{capslock} a s d f g h j k l ; ' {enter}\",\"{shiftleft} z x c v b n m , . \\\/ {shiftright}\",\".com @ {space}\"]},\"display\":{\"{escape}\":\"esc\",\"{tab}\":\"tab\",\"{backspace}\":\"backspace\",\"{enter}\":\"< enter\",\"{capslock}\":\"caps\",\"{shiftleft}\":\"shift\",\"{shiftright}\":\"shift\",\"{controlleft}\":\"ctrl\",\"{controlright}\":\"ctrl\",\"{altleft}\":\"alt\",\"{altright}\":\"alt\",\"{metaleft}\":\"cmd\",\"{metaright}\":\"cmd\",\"{space}\":\" \"}};\r\n    var keyboard_is_tester = true;\r\n\t                     var monitoringClickEvent = 'left';\r\n\r\n<\/script>\r\n\r\n<script src=\"\/wp-content\/themes\/generatepress\/tools\/assets\/js\/aim.js?v=9\"><\/script>\r\n\n\n<p><\/p>\n\n<p>Die Verbesserung Ihrer Ziele ist eine einfache Methode, um sich von der Konkurrenz abzuheben. In diesem Leitfaden erfahren Sie, warum Sie sich einen Zielverst\u00e4rker zulegen sollten, und erhalten Zugang zu allen Ressourcen, die Sie auf dem Weg dorthin ben\u00f6tigen.<\/p>\n\n<p>Der aim booster wird Ihnen helfen, auch wenn Sie eher ein Anf\u00e4nger sind, ist diese Anleitung ideal f\u00fcr Sie. Ich werde \u00fcber die Vorteile von Zieltrainern und einige weit verbreitete Missverst\u00e4ndnisse in der lokalen Gemeinschaft sprechen.<\/p>\n\n<p>Es ist schwierig, als Sch\u00fctze zu zielen. Sie m\u00fcssen in der Lage sein, als Reaktion auf die Bewegung des Gegners schnell abzudr\u00fccken. Bevor du deine F\u00e4higkeiten auf dem Schlachtfeld einsetzt, musst du diese F\u00e4higkeit \u00fcben.<\/p>\n<div class=\"wp-block-image\">\n<figure class=\"aligncenter size-full\"><img loading=\"lazy\" decoding=\"async\" width=\"1000\" height=\"500\" src=\"https:\/\/cpstesters.com\/wp-content\/uploads\/2022\/08\/Aim_Trainer.jpg\" alt=\"Ziel-Trainer\" class=\"wp-image-429\" title=\"\" srcset=\"https:\/\/cpstesters.com\/wp-content\/uploads\/2022\/08\/Aim_Trainer.jpg 1000w, https:\/\/cpstesters.com\/wp-content\/uploads\/2022\/08\/Aim_Trainer-300x150.jpg 300w, https:\/\/cpstesters.com\/wp-content\/uploads\/2022\/08\/Aim_Trainer-768x384.jpg 768w\" sizes=\"auto, (max-width: 1000px) 100vw, 1000px\" \/><figcaption class=\"wp-element-caption\">Ziel-Trainer<\/figcaption><\/figure>\n<\/div>\n<h2 class=\"wp-block-heading\">Was ist das Ziel von Spielen?<\/h2>\n\n<p>Genauer gesagt versuchen wir, den Begriff &#8220;virtuelles Ziel&#8221; zu definieren. Wir k\u00f6nnen ein Medium manipulieren, um ein Mausfadenkreuz (oder einen Zeiger) auf ein Ziel zu richten, indem wir virtuelles Zielen verwenden. Anders ausgedr\u00fcckt: Es geht um unsere F\u00e4higkeit, unser Peripherieger\u00e4t, die Maus, zu kontrollieren.<\/p>\n\n<p>Auch die Teilkomponenten des virtuellen Ziels m\u00fcssen angegeben werden. In diesem Artikel geht es um aim, eine Spiele-Engine, insbesondere f\u00fcr PC-Spieler. Hier ist unsere neueste (V1) Definition der Teilkomponenten von virtual aim.<\/p>\n\n<h2 class=\"wp-block-heading\">Was ist Aim Training?<\/h2>\n\n<p>Durch das Testen von Reaktionszeit, Geschwindigkeit und Beweglichkeit verbessert das Zieltraining die Reflexe und lehrt komplexere Tricksch\u00fcsse wie z. B. Schnappsch\u00fcsse und die Verfolgung des Gegners.<\/p>\n\n<p>Online-Zieltrainer k\u00f6nnen Ihnen dabei helfen, Ihr Zieltraining zu beginnen. Anwendungen, die als &#8220;Zieltrainer&#8221; bekannt sind, wurden speziell entwickelt, um Ego-Shooter-Spieler bei der Beherrschung grundlegender Schie\u00df-, Verfolgungs- und Zieltechniken zu unterst\u00fctzen.<\/p>\n\n<h2 class=\"wp-block-heading\">Was sind Aim-Trainer?<\/h2>\n\n<p>Mit dem Zieltrainer k\u00f6nnen die Spieler ihre Zielgenauigkeit mit realistischen Aktionen und Ger\u00e4uschen zeitnah trainieren. Informationen k\u00f6nnen im Kortex schneller verarbeitet werden, als der Verstand bewusst wahrnehmen kann. Der wichtigste Aspekt eines Videospiels ist das Zielen, denn davon h\u00e4ngt ab, wie gut du spielen kannst. In diesem Video k\u00f6nnen Sie auch die <a href=\"https:\/\/www.youtube.com\/watch?v=ZKdrh7qZ4wg\" target=\"_blank\" rel=\"noreferrer noopener\">Wirksamkeit der Zieltrainer<\/a> \u00fcberpr\u00fcfen.<\/p>\n\n<p>Sie gibt dem Spieler die Kontrolle \u00fcber die K\u00f6rper- und Kopfbewegungen seines Avatars und verbessert das Zielen. Sie k\u00f6nnen Ihren Verstand trainieren, indem Sie Zieltester verwenden, um Ihre Ziele schneller zu treffen. Sie helfen Ihnen, sich an das Timing und das Muster des Schie\u00dfens sowie an die Geschwindigkeit und Mobilit\u00e4t eines Ziels zu gew\u00f6hnen.<\/p>\n\n<h2 class=\"wp-block-heading\">Helfen Aim-Trainer wirklich?<\/h2>\n\n<p>Die Verwendung eines Zieltrainers w\u00e4hrend des Trainings hilft Ihnen, Ihre Bewegungen, das Zielen, die \u00dcberwachung, das Schie\u00dfen (Klickzeit) und die Pr\u00e4zision zu verbessern.<\/p>\n\n<p>Aim-Trainer k\u00f6nnen Ihnen auch bei der Bestimmung der idealen Mausempfindlichkeit oder dpi helfen. Sowohl das Zielen als auch die Mausbewegung werden durch das \u00c4ndern der Mauseinstellungen stark beeinflusst.<\/p>\n\n<p>Ihre Muskeln beginnen auf die Bewegungen zu reagieren, wenn Sie ein Zieltrainingsspiel etwa eine Stunde lang \u00fcben; dies wird als Muskelged\u00e4chtnis bezeichnet! Sie lernen und entwickeln sich effektiver mit Hilfe des Muskelged\u00e4chtnisses. Ihre Wahrnehmung von Genauigkeit und Bewegungsantizipation wird verbessert, was Ihr Spielerlebnis verbessert.<\/p>\n\n<p>Du kannst mit deinen Freunden spielen, wenn du einen Zieltrainer benutzt. Wenn man Rivalit\u00e4t sp\u00fcrt, ist man motivierter, seine F\u00e4higkeiten zu verbessern. Es ist eines der Dinge, die Sie dazu inspirieren, sich selbst zu verbessern.<\/p>\n\n<p class=\"has-text-align-center has-background has-medium-font-size\" style=\"background-color:#ffb15e\">Bevor Sie Ihre Zielgenauigkeit verbessern, sollten Sie den <a href=\"https:\/\/cpstesters.com\/de\/\" target=\"_blank\" rel=\"noreferrer noopener\">CPS-Test<\/a> durchf\u00fchren<\/p>\n\n<h2 class=\"wp-block-heading\">3D-Zieltrainer<\/h2>\n\n<p>Dieses Programm kann direkt von Ihrem Desktop aus aufgerufen werden und ist werbefrei. Sie ist auch auf Android, Beta und iOS verf\u00fcgbar. Mit dem 3D-Zieltrainer kann sich jeder Teilnehmer auf Wettkampfspiele vorbereiten.<\/p>\n\n<p>F\u00fcr einige der beliebtesten Ego-Shooter-Spiele, wie Call of Duty, Counterstrike GO und andere, bietet dieses Programm verschiedene \u00dcbungen und Anleitungen.<\/p>\n\n<p>Au\u00dferdem gibt es eine gro\u00dfe Auswahl an Wiedergabelisten, die es jedem Spieler erm\u00f6glichen, sich aufzulockern, bevor er sich in eine Wettkampfsituation begibt. In der Mehrspieler-Version des 3D-Zieltrainers k\u00f6nnen Sie sich mit anderen messen, um zu sehen, wie genau Sie zielen k\u00f6nnen.<\/p>\n\n<p>Mit dieser Anwendung k\u00f6nnen Sie sich auf bessere Ergebnisse vorbereiten, egal ob Sie Videospiele auf einem Computer oder einem mobilen Ger\u00e4t spielen.<\/p>\n\n<h2 class=\"wp-block-heading\">Warum sollte jemand Aim Training empfehlen?<\/h2>\n\n<p>Ein FPS-Spieler kann einen Ziel-Booster verwenden, um seine Zielmechanik zu verbessern, \u00e4hnlich wie ein Profi-Sportler sich auf bestimmte Muskelgruppen konzentrieren kann, um seinen Sport einfacher zu machen. Es ist immer eine gute Idee, sein Ziel zu trainieren. Dies ist eine unkomplizierte Strategie f\u00fcr den Start und die Entwicklung Ihres Ziels.<\/p>\n\n<p>Zieltrainer werden in den folgenden beiden F\u00e4llen empfohlen:<\/p>\n\n<ol class=\"wp-block-list\" type=\"1\">\n<li>Sie sind neu in computerbasierten Ego-Shootern.<\/li>\n<\/ol>\n\n<p>Sie sollten viel Zeit damit verbringen, das Spiel zu spielen, das Sie interessiert, auch wenn es wichtig ist, Ihre Zielf\u00e4higkeiten zu verbessern, weil Sie vielleicht nicht \u00fcber die anderen notwendigen F\u00e4higkeiten verf\u00fcgen.<\/p>\n\n<p>  2. Mit dem einsamen \u00dcben wollen Sie Ihre Ziele in Bezug auf das Spiel, das Sie spielen, verbessern.<\/p>\n<div class=\"wp-block-image\">\n<figure class=\"aligncenter size-full\"><img loading=\"lazy\" decoding=\"async\" width=\"1000\" height=\"500\" src=\"https:\/\/cpstesters.com\/wp-content\/uploads\/2022\/08\/aim_mid.jpg\" alt=\"Aim Training Guide\" class=\"wp-image-428\" title=\"\" srcset=\"https:\/\/cpstesters.com\/wp-content\/uploads\/2022\/08\/aim_mid.jpg 1000w, https:\/\/cpstesters.com\/wp-content\/uploads\/2022\/08\/aim_mid-300x150.jpg 300w, https:\/\/cpstesters.com\/wp-content\/uploads\/2022\/08\/aim_mid-768x384.jpg 768w\" sizes=\"auto, (max-width: 1000px) 100vw, 1000px\" \/><figcaption class=\"wp-element-caption\">Aim Training Guide<\/figcaption><\/figure>\n<\/div>\n<h2 class=\"wp-block-heading\">Was macht Aim Training Software &#8220;gut&#8221;?<\/h2>\n\n<p>Eine gute Ziel\u00fcbungssoftware bietet Ihnen eine Vielzahl von Schwierigkeiten. Eine Simulation, die Sie st\u00e4ndig \u00fcberholt oder Dinge mit \u00fcbermenschlicher Geschwindigkeit auf Sie wirft, kann zu Ihrem Vorteil genutzt werden. Infolgedessen verl\u00e4sst man sich mehr auf seinen Instinkt und weniger auf sein Ged\u00e4chtnis. Ihr Gehirn und Ihre Muskeln werden mit einem einwandfreien FPS-Trainer darauf trainiert, ohne nachzudenken zu reagieren.<\/p>\n\n<p>Es ist von Vorteil, mit Simulationen zu \u00fcben, die in Spielen wie Call of Duty (COD) wahrscheinlich nicht vorkommen, wenn man sich auf sie vorbereitet. Im Vergleich zu anderen Spielen wie Destiny oder Overwatch ist COD eher auf &#8220;Realismus&#8221; ausgerichtet.<\/p>\n\n<h2 class=\"wp-block-heading\">Wie funktioniert Aim Trainer?<\/h2>\n\n<p>Stundenlanges Spielen von Ego-Shooter-Spielen hilft dir nicht, besser zu zielen.<\/p>\n\n<ul class=\"wp-block-list\">\n<li>Man kann vor einem Kampf kaum genug Schie\u00df\u00fcbungen machen.<\/li>\n\n\n\n<li>Sie haben keine M\u00f6glichkeit, eine Grundlage f\u00fcr die Entwicklung von F\u00e4higkeiten zu schaffen.<\/li>\n<\/ul>\n\n<p>Zielen Ihr Denken, Ihre motorischen F\u00e4higkeiten und Ihre Zielgenauigkeit werden sich in einer zielgerichteten Atmosph\u00e4re verbessern, in der Sie jeden Zielmechanismus isolieren k\u00f6nnen, um effizienter zu trainieren.<\/p>\n\n<p>Was man im Spiel durch unerm\u00fcdliches Grinden erreichen kann, schafft man hier in wenigen Stunden.<\/p>\n\n<p>Sie erhalten ein unkompliziertes, zielorientiertes Training, w\u00e4hrend Sie ein Muskelged\u00e4chtnis entwickeln, das sich auf nat\u00fcrliche Weise in Ihr Spiel einf\u00fcgt, wobei solide Zielverbesserungen zu spielentscheidenden Ergebnissen f\u00fchren.<\/p>\n\n<h2 class=\"wp-block-heading\">Warum brauchen Sie einen Aim Trainer?<\/h2>\n\n<p>Zieltraining ist wie die Erfahrung im Fitnessstudio. In KovaaK und Aim Lab k\u00f6nnen die Benutzer bestimmte Zieltypen isolieren, so wie man beim Training bestimmte Muskeln isolieren kann. Man bekommt das, was man in die meisten Dinge im Leben investiert, und wenn Sie Ihre Reise beginnen, werden Ihnen viele Dinge sehr klar werden.<\/p>\n\n<p>Da ein Zieltrainer Sie unabh\u00e4ngig von Ihrem Leistungsniveau auf Ihre Schw\u00e4chen hinweisen wird, k\u00f6nnte dies f\u00fcr manche Menschen sogar erschreckend sein.<\/p>\n\n<p>Um beim Vergleich mit dem Fitnessstudio zu bleiben: Es ist wichtig, dass man sich Gedanken dar\u00fcber macht, ob man sich \u00fcberanstrengt oder so lange spielt, bis der Nutzen nachl\u00e4sst. Ein zu geringes Training w\u00e4re vergleichbar mit der Vernachl\u00e4ssigung einer Schw\u00e4che, derer man sich bewusst ist.<\/p>\n\n<p>Es ist wichtig zu wissen, dass es in Ordnung ist, denn ein Zieltrainer wird Ihnen Ihre Schw\u00e4chen aufzeigen. Sie k\u00f6nnen nicht in ein Fitnesscenter gehen und zum ersten Mal 450 Pfund stemmen; Sie m\u00fcssen irgendwo anfangen. Es ist in Ordnung, wenn Sie mit 10 Pfund beginnen und eine Woche lang mit dieser Menge arbeiten, bevor Sie das Gewicht erh\u00f6hen.<\/p>\n\n<h2 class=\"wp-block-heading\">Wie kann man sein FPS Aim verbessern?<\/h2>\n\n<p>Bei Ego-Shooter-Spielen kann es verlockend sein, einfach weiterzuspielen und zu erwarten, dass man besser wird, aber es gibt Zeiten, in denen es am besten ist, sich auf die Grundlagen zu besinnen.<\/p>\n\n<p>Auch wenn Sie nicht t\u00e4glich \u00fcben oder Ihre F\u00e4higkeiten so gr\u00fcndlich trainieren m\u00fcssen wie die Profis, k\u00f6nnen Sie dennoch eine Menge von ihnen lernen. Hier finden Sie einige Tipps f\u00fcr die Anpassung unserer Spieleinstellungen, einige n\u00fctzliche \u00dcbungen und die ideale Ausr\u00fcstung zur Verbesserung unseres Zieltrainings.<\/p>\n\n<h3 class=\"wp-block-heading\"><strong>Die richtige Ausr\u00fcstung<\/strong><\/h3>\n\n<p>Ihr Mauspad und Ihre Maus sind die beiden wichtigsten Ausr\u00fcstungsgegenst\u00e4nde f\u00fcr pr\u00e4zises Zielen. Gl\u00fccklicherweise hat sich das M\u00e4usesensorsystem weiterentwickelt, so dass es m\u00f6glich ist, einen zuverl\u00e4ssigen Nager zu erwerben, ohne ein Verm\u00f6gen auszugeben. DPI-F\u00e4higkeiten, Gr\u00f6\u00dfe und Tastenanordnung sind einige Dinge, auf die man bei der Suche nach der besten Gaming-Maus achten sollte.<\/p>\n\n<p>Besorgen Sie sich das gr\u00f6\u00dfte Mauspad, das auf Ihren Schreibtisch passt, da Sie die Maus w\u00e4hrend einer Schie\u00dferei nicht in die Hand nehmen wollen. Eine bequeme Matte sollte als n\u00e4chstes auf der Liste stehen. Um die Maus zu bewegen, m\u00fcssen Spieler, die sehr niedrige DPI-Einstellungen verwenden, wesentlich gr\u00f6\u00dfere Handbewegungen machen.<\/p>\n\n<h3 class=\"wp-block-heading\"><strong>Strategien und Verst\u00e4ndnis f\u00fcr das Spiel<\/strong><\/h3>\n\n<p>Die beiden beliebtesten Techniken f\u00fcr das Zielen sind das Nachf\u00fchren und der Schnappschuss. Verfolgung ist eine wichtige Eigenschaft f\u00fcr DPS-Charaktere, die automatische Waffen benutzen, da sie das Fadenkreuz auf dem Gegner halten und sich mit ihm bewegen m\u00fcssen.<\/p>\n\n<p>F\u00fcr Einzelschusswaffen wie Scharfsch\u00fctzen und McCree in Overwatch werden Schnappsch\u00fcsse verwendet, bei denen das Fadenkreuz auf das Ziel gerichtet wird, bevor es wieder in eine stabile Position gebracht wird.<\/p>\n\n<p>Unabh\u00e4ngig davon, welche Art von Charakter Sie spielen, zielen Sie auf die Stelle, an der Sie einen Gegner erwarten. Es ist wichtig, die Bewegungen des Gegners zu antizipieren, und je \u00f6fter man spielt, desto besser wird man darin. Sie werden Ihr Ziel eher verfehlen, wenn Sie gleich zu Beginn des Kampfes reagieren m\u00fcssen.<\/p>\n\n<p>Eine bessere Taktik ist es, in dem von Ihnen bevorzugten Spiel an Ihrem Ziel zu arbeiten. Zur \u00dcberwachung sollten Sie Ihr Fadenkreuz an einer bestimmten Stelle platzieren, bevor Sie mit der Bewegung beginnen. Halten Sie Ihr Fadenkreuz auf einem bestimmten Punkt, w\u00e4hrend Sie sich bewegen und kampf\u00e4hnliche Bewegungen imitieren.<\/p>\n\n<h2 class=\"wp-block-heading\">Hauptvorteile der Aim Training Software<\/h2>\n\n<p>Die Vorteile des Einsatzes von Zieltrainern sind folgende:<\/p>\n\n<h3 class=\"wp-block-heading\"><strong>Schnelle und effiziente Analyse<\/strong><\/h3>\n\n<p>Mit einem Zieltrainer k\u00f6nnen die Spieler ihre Zielf\u00e4higkeiten in Echtzeitspielen mit echten Bewegungen und Ger\u00e4uschen verbessern. Die Verarbeitung von Informationen, die unser Geist aktiv wahrnehmen kann, wird durch die kortikale Effizienz gesteuert.<\/p>\n\n<p>Jedes andere Ego-Shooter-Spiel erfordert genaues Zielen, da dies die wichtigste F\u00e4higkeit ist, die bestimmt, wie gut ein Spieler ist. Holen Sie sich sofort einen Zieltrainer, wenn Sie Probleme mit dem Zielen haben! Die effektivste Technik, um Ihr Gehirn zu trainieren, damit Sie Ihre Ziele besser treffen, ist der Einsatz von Zieltrainern.<\/p>\n\n<p>Mit Hilfe dieser Techniken kann ein Spieler ein Muskelged\u00e4chtnis f\u00fcr die Ausgangsposition, die Geschwindigkeit, die Schussfolge (Klick-Timing) und den Rhythmus des Ziels entwickeln.<\/p>\n\n<h3 class=\"wp-block-heading\"><strong>Gehen Sie zum In-Game-Training<\/strong><\/h3>\n\n<p>In den letzten Jahren hat der Einsatz von Simulationstraining exponentiell zugenommen. Wenn Sie Ihre Zieltechniken trainieren m\u00f6chten, um an Wettk\u00e4mpfen teilzunehmen, sollten Sie die Trainingsbereiche f\u00fcr intensive Trainingseinheiten aufsuchen.<\/p>\n\n<p>Schlie\u00dflich h\u00e4ngt die Effizienz des Zieltrainings ganz von der Prominenz des Ziels ab. Die Prinzipien eines Spiels k\u00f6nnen manchmal durch Training im Spiel besser verstanden werden, und konsequentes Zieltraining verbessert das Zielen bei fps.<\/p>\n\n<p>Au\u00dferdem ist bekannt, dass unser Gehirn zwischen einem falschen und einem echten Schuss unterscheiden kann.<\/p>\n\n<p>Mit einem 3D-Zieltrainer k\u00f6nnen Sie Ihr t\u00e4gliches Training aufpeppen, indem Sie Ihre Schie\u00df- und Zieltechniken in einer sicheren und geregelten Umgebung \u00fcben.<\/p>\n\n<h2 class=\"wp-block-heading has-text-align-center\">FAQ&#8217;s<\/h2>\n\n<h3 class=\"wp-block-heading\"><strong>Was ist ein Einstellungstest?<\/strong><\/h3>\n\n<p>Es handelt sich um ein Online-Tutorial, das f\u00fcr Gamer entwickelt wurde, die Spiele wie Fortnite oder Counterstrike spielen. Die Idee hinter den Zieltests ist einfach: Sie k\u00f6nnen mit ihnen trainieren, um sowohl Ihre Schussquote als auch Ihre Schussgeschwindigkeit zu erh\u00f6hen.<\/p>\n\n<h3 class=\"wp-block-heading\"><strong>Wie arbeiten die Aim-Trainer?<\/strong><\/h3>\n\n<p>Die Verwendung eines Zieltrainers w\u00e4hrend des Trainings hilft Ihnen, Ihre Bewegungen, das Zielen, die \u00dcberwachung, das Schie\u00dfen (Klickzeit) und die Genauigkeit zu verbessern. Ihre Muskeln beginnen nach dem Spielen eines Zieltrainings auf die Bewegungen zu reagieren, was als Muskelged\u00e4chtnis bezeichnet wird.<\/p>\n\n<h3 class=\"wp-block-heading\"><strong>Was passiert, wenn wir konsequent virtuelles Aim Training durchf\u00fchren?<\/strong><\/h3>\n\n<p>Das Nervensystem ist eines der wichtigsten Systeme unseres K\u00f6rpers, das auf das virtuelle Training reagiert. Zu den vorteilhaftesten Ver\u00e4nderungen und Fortschritten, die wir bei unserem Ziel beobachten, geh\u00f6ren die Anpassungen des Gehirns.<\/p>\n\n<h3 class=\"wp-block-heading\"><strong>Wie kann ich meine Zielgenauigkeit verbessern?<\/strong><\/h3>\n\n<p>Jede F\u00e4higkeit kann durch st\u00e4ndige Wiederholung erlernt und verbessert werden. Das gilt auch f\u00fcr das Sch\u00e4rfen des Ziels. Die Anzahl der Neuronen, die in diesen Verbindungen aktiv sind, und nicht die Anzahl der neuen neurologischen Verbindungen, die durch jede neu erlernte F\u00e4higkeit gebildet werden, bestimmt den Grad Ihres K\u00f6nnens.<\/p>\n\n<h2 class=\"wp-block-heading\">Abschlie\u00dfende Zielpr\u00fcfung<\/h2>\n\n<p>Nach der Lekt\u00fcre dieses Aufsatzes haben Sie sicher ein grundlegendes Verst\u00e4ndnis daf\u00fcr, wie ein Zieltrainer Ihnen hilft, Ihre F\u00e4higkeiten beim Schie\u00dfen in der ersten Person zu verbessern. Und das ist die perfekte Wahl, wenn Sie auf der Suche nach Strategien waren, um Ihr Ziel zu sch\u00e4rfen, die sowohl schwierig als auch unterhaltsam sind.<\/p>\n\n<p>Die Technik, mit der Sie Ihr Gewehr oder Ihre Pistole sch\u00e4rfen, um Ihre Genauigkeit, Stabilit\u00e4t und Geschwindigkeit zu verbessern, wird als Zieltraining bezeichnet. Die Verwendung eines Zieltrainers macht es einfach, Ihr Spielgef\u00fchl zu verbessern, da er das Muskelged\u00e4chtnis st\u00e4rkt und Ihr Gehirn schult. Ein Anf\u00e4nger wird h\u00e4ufig Probleme haben, die er nicht l\u00f6sen kann. Bestellen Sie Ihren Zieltrainer gleich mit, wenn Sie bereit sind f\u00fcr ein paar gute \u00dcbungen.<\/p>\n\n<p>Wir haben auch einige andere Tools:<\/p>\n\n<ul class=\"wp-block-list\">\n<li><a href=\"https:\/\/cpstesters.com\/de\/drag-click-test\/\" target=\"_blank\" rel=\"noreferrer noopener\">Ziehen-Klicken-Test<\/a><\/li>\n\n\n\n<li><a href=\"https:\/\/cpstesters.com\/de\/maustest\/\" target=\"_blank\" rel=\"noreferrer noopener\">Maus-Test<\/a><\/li>\n\n\n\n<li><a href=\"https:\/\/cpstesters.com\/de\/maus-scroll-test\/\" target=\"_blank\" rel=\"noreferrer noopener\">Maus-Scroll-Test<\/a><\/li>\n\n\n\n<li><a href=\"https:\/\/cpstesters.com\/de\/mouse-rate-checker\/\" target=\"_blank\" rel=\"noreferrer noopener\">Mouse Rate Checker<\/a><\/li>\n\n\n\n<li><a href=\"https:\/\/cpstesters.com\/de\/maus-latenztest\/\" target=\"_blank\" rel=\"noreferrer noopener\">Maus-Latenzzeit-Test<\/a><\/li>\n\n\n\n<li><a href=\"https:\/\/cpstesters.com\/de\/apm-test\/\" target=\"_blank\" rel=\"noreferrer noopener\">APM-Test<\/a><\/li>\n<\/ul>\n","protected":false},"excerpt":{"rendered":"<p>Aim Trainer ist ein Online-Tester, der dir hilft, deine Zielf\u00e4higkeiten in professionellen Spielen zu verbessern. Probiere es aus und versuche, so viele Punkte wie m\u00f6glich &#8230; <\/p>\n<p class=\"read-more-container\"><a title=\"Zielverst\u00e4rker | Bester Tester zur Verbesserung des Zielens online\" class=\"read-more button\" href=\"https:\/\/cpstesters.com\/de\/aim-trainer\/#more-2530\" aria-label=\"Mehr Informationen \u00fcber Zielverst\u00e4rker | Bester Tester zur Verbesserung des Zielens online\">Read More<\/a><\/p>\n","protected":false},"author":4,"featured_media":1376,"parent":0,"menu_order":0,"comment_status":"closed","ping_status":"closed","template":"","meta":{"footnotes":""},"class_list":["post-2530","page","type-page","status-publish","has-post-thumbnail"],"_links":{"self":[{"href":"https:\/\/cpstesters.com\/de\/wp-json\/wp\/v2\/pages\/2530","targetHints":{"allow":["GET"]}}],"collection":[{"href":"https:\/\/cpstesters.com\/de\/wp-json\/wp\/v2\/pages"}],"about":[{"href":"https:\/\/cpstesters.com\/de\/wp-json\/wp\/v2\/types\/page"}],"author":[{"embeddable":true,"href":"https:\/\/cpstesters.com\/de\/wp-json\/wp\/v2\/users\/4"}],"replies":[{"embeddable":true,"href":"https:\/\/cpstesters.com\/de\/wp-json\/wp\/v2\/comments?post=2530"}],"version-history":[{"count":5,"href":"https:\/\/cpstesters.com\/de\/wp-json\/wp\/v2\/pages\/2530\/revisions"}],"predecessor-version":[{"id":5856,"href":"https:\/\/cpstesters.com\/de\/wp-json\/wp\/v2\/pages\/2530\/revisions\/5856"}],"wp:featuredmedia":[{"embeddable":true,"href":"https:\/\/cpstesters.com\/de\/wp-json\/wp\/v2\/media\/1376"}],"wp:attachment":[{"href":"https:\/\/cpstesters.com\/de\/wp-json\/wp\/v2\/media?parent=2530"}],"curies":[{"name":"wp","href":"https:\/\/api.w.org\/{rel}","templated":true}]}}