{"id":2525,"date":"2024-07-16T14:19:36","date_gmt":"2024-07-16T14:19:36","guid":{"rendered":"https:\/\/cpstesters.com\/n-key-rollover-test-n-key-rollover-nkro-tester\/"},"modified":"2024-09-17T14:50:45","modified_gmt":"2024-09-17T14:50:45","slug":"key-rollover-test","status":"publish","type":"page","link":"https:\/\/cpstesters.com\/de\/key-rollover-test\/","title":{"rendered":"N-Key Rollover Test | N-Key Rollover NKRO Tester"},"content":{"rendered":"\n<p>Mit unserem Key Rollover Test k\u00f6nnen Sie \u00fcberpr\u00fcfen, wie viele Tasten Sie auf Ihrer mechanischen Tastatur registrieren k\u00f6nnen!<\/p>\n<style>\r\n\ttable{\r\n\t\tbackground: #FFB15E;\r\n    color: white;\r\n    text-align: center;\t\r\n\t}\r\n\ttable td{\r\n\t\tfont-size:25px;\t\r\n\t}\r\n<\/style>\r\n\r\n<script type=\"text\/javascript\">\r\nvar keys = [];\r\nvar order = [];\r\n\r\nfunction getkeyname(keycode) {\r\n\tif(keycode >= 65 && keycode <= 90) {\r\n\t\treturn String.fromCharCode(keycode);\r\n\t}\r\n\tif(keycode >= 48 && keycode <= 57) return keycode - 48;\r\n\tif(keycode == 8) return \"&lt;BACKSPACE&gt;\";\r\n\tif(keycode == 9) return \"&lt;TAB&gt;\";\r\n\tif(keycode == 12) return \"&lt;NUM5&gt;\";\r\n\tif(keycode == 13) return \"&lt;ENTER&gt;\";\r\n\tif(keycode == 16) return \"&lt;SHIFT&gt;\";\r\n\tif(keycode == 17) return \"&lt;CTRL&gt;\";\r\n\tif(keycode == 18) return \"&lt;ALT&gt;\";\r\n\tif(keycode == 19) return \"&lt;PAUSE&gt;\";\r\n\tif(keycode == 20) return \"&lt;CAPSLOCK&gt;\";\r\n\tif(keycode == 27) return \"&lt;ESC&gt;\";\r\n\tif(keycode == 32) return \"&lt;SPACE&gt;\";\r\n\tif(keycode == 33) return \"&lt;PAGEUP&gt;\";\r\n\tif(keycode == 34) return \"&lt;PAGEDOWN&gt;\";\r\n\tif(keycode == 35) return \"&lt;END&gt;\";\r\n\tif(keycode == 36) return \"&lt;HOME&gt;\";\r\n\tif(keycode == 37) return \"&lt;LEFTARROW&gt;\";\r\n\tif(keycode == 38) return \"&lt;UPARROW&gt;\";\r\n\tif(keycode == 39) return \"&lt;RIGHTARROW&gt;\";\r\n\tif(keycode == 40) return \"&lt;DOWNARROW&gt;\";\r\n\tif(keycode == 45) return \"&lt;INSERT&gt;\";\r\n\tif(keycode == 46) return \"&lt;DELETE&gt;\";\r\n\tif(keycode == 59) return \";\";\r\n\tif(keycode == 91) return \"&lt;LEFTWINDOWS&gt;\";\r\n\tif(keycode == 92) return \"&lt;RIGHTWINDOWS&gt;\";\r\n\tif(keycode == 93) return \"&lt;MENU&gt;\";\r\n\tif(keycode >= 96 && keycode <= 105) return \"&lt;NUM\" + (keycode - 96) + \"&gt;\";\r\n\tif(keycode == 106) return \"&lt;MULTIPLY&gt;\";\r\n\tif(keycode == 107) return \"&lt;ADD&gt;\";\r\n\tif(keycode == 109) return \"&lt;SUBTRACT&gt;\";\r\n\tif(keycode == 110) return \"&lt;DECIMAL&gt;\";\r\n\tif(keycode == 111) return \"&lt;DIVIDE&gt;\";\r\n\tif(keycode >= 112 && keycode <= 123) return \"&lt;F\" + (keycode - 111) + \"&gt;\";\r\n\tif(keycode == 144) return \"&lt;NUMLOCK&gt;\";\r\n\tif(keycode == 145) return \"&lt;SCROLLLOCK&gt;\";\r\n\tif(keycode == 186) return \"&lt;SEMICOLON&gt;\";\r\n\tif(keycode == 187) return \"&lt;EQUALS&gt;\";\r\n\tif(keycode == 188) return \",\";\r\n\tif(keycode == 189) return \"&lt;DASH&gt;\";\r\n\tif(keycode == 190) return \".\";\r\n\tif(keycode == 191) return \"\/\";\r\n\tif(keycode == 192) return \"&lt;BACKTICK&gt;\";\r\n\tif(keycode == 219) return \"[\";\r\n\tif(keycode == 220) return \"\\\\\";\r\n\tif(keycode == 221) return \"]\";\r\n\tif(keycode == 222) return \"'\";\r\n\treturn \"&lt;\" + keycode + \"&gt;\";\r\n}\r\n\r\n\/\/This prototype is provided by the Mozilla foundation and\r\n\/\/is distributed under the MIT license.\r\n\/\/http:\/\/www.ibiblio.org\/pub\/Linux\/LICENSES\/mit.license\r\nif (!Array.prototype.map)\r\n{\r\n  Array.prototype.map = function(fun \/*, thisp*\/)\r\n  {\r\n    var len = this.length;\r\n    if (typeof fun != \"function\")\r\n      throw new TypeError();\r\n\r\n    var res = new Array(len);\r\n    var thisp = arguments[1];\r\n    for (var i = 0; i < len; i++)\r\n    {\r\n      if (i in this)\r\n        res[i] = fun.call(thisp, this[i], i, this);\r\n    }\r\n\r\n    return res;\r\n  };\r\n}\r\n\r\nfunction update() {\r\n\tdocument.getElementById('disp').innerHTML = order.map(getkeyname).join(\"\");\r\n\tdocument.getElementById('count').innerHTML = order.length;\r\n}\r\n\r\nfunction remove(which) {\r\n\tfor(var i = 0; i < order.length; i++) {\r\n\t\tif(order[i] == which) {\r\n\t\t\torder.splice(i, 1);\r\n\t\t\treturn;\r\n\t\t}\r\n\t}\r\n}\r\n\r\nfunction getkeycode(e) {\r\n\tvar keycode;\r\n\tif (window.event) keycode = window.event.keyCode;\r\n\telse if (e) keycode = e.which;\r\n\treturn keycode;\r\n}\r\n\r\njQuery(\"body\").keyup(function(){\r\n\tc=getkeycode(event); keys[c] = ''; remove(c); update();\r\n});\r\njQuery(\"body\").keydown(function(){\r\n\tc=getkeycode(event); if(keys[c] == c) return \r\nfalse; keys[c] = c; order[order.length] = c; update(); return false;\r\n});\r\n\t\r\n<\/script>\r\n\r\n<p>Directions: Type some keys.<p>\r\n\r\n<table border = 1 width=500>\r\n<tr><td>\r\n<p><br><\/p>\r\n Keys accepted: <span id=\"disp\"><\/span><br>\r\n Count: <span id=\"count\"><\/span><br>\r\n<p><br><\/p>\r\n\r\n<\/td><\/tr><\/table>\n\n<p><\/p>\n\n<div style=\"height:5px\" aria-hidden=\"true\" class=\"wp-block-spacer\"><\/div>\n\n<h2 class=\"wp-block-heading\">Was ist Key Rollover?<\/h2>\n\n<p>Die Anzahl der Tasten, die eine Tastatur gleichzeitig registrieren kann, wird als Key Rollover bezeichnet. Wenn der x-Tasten-Rollover geschrieben wird (wobei x eine Zahl ist), steht das x f\u00fcr die maximale Anzahl von Tasten, die verwendet werden k\u00f6nnen. Es ist also garantiert, dass jede Kombination von x beliebigen Schl\u00fcsseln wie vorgesehen funktioniert.<\/p>\n\n<p>Eine Tastatur ohne jegliche Einschr\u00e4nkung wird als &#8220;N-Tasten-Rollover&#8221; bezeichnet, was bedeutet, dass Sie jede Taste gleichzeitig dr\u00fccken k\u00f6nnen.<\/p>\n\n<h2 class=\"wp-block-heading\">Schl\u00fcssel-Rollover-Test<\/h2>\n\n<p>Ein Tastatur-Rollover-Test wird verwendet, um zu pr\u00fcfen, wie viele Tasten eine Tastatur auf einmal registrieren kann. Mit einem 6-Tasten-Rollover k\u00f6nnen Sie zum Beispiel sechs beliebige Tasten gleichzeitig dr\u00fccken, die alle korrekt registriert werden. Es ist zu beachten, dass es keine Garantie daf\u00fcr gibt, dass Kombinationen mit mehr als sechs Tasten auch funktionieren, daher gibt es keine Obergrenze.<\/p>\n\n<p>Obwohl sich die meisten Hersteller an die festgelegte Zusammenfassung des Schl\u00fcssel\u00fcberschlags halten, haben einige von ihnen recht ungew\u00f6hnliche Z\u00e4hlungen vorgenommen, um einen gr\u00f6\u00dferen Wert f\u00fcr den Schl\u00fcssel\u00fcberschlag zu erreichen. Ein gemeinsamer <a href=\"https:\/\/www.tomshardware.com\/reviews\/-n-key-rollover-nkro-definition,5751.html\" target=\"_blank\" rel=\"noreferrer noopener\">Tasten-Rollover-Z\u00e4hler<\/a> ist ein solcher alternativer Z\u00e4hlansatz, der z. B. die m\u00f6glichen Tastenkombinationen f\u00fcr die \u00c4nderungstasten (Strg, Alt, Umschalt usw.) ber\u00fccksichtigt. Dies entspricht offensichtlich nicht der Beschreibung.<\/p>\n<div class=\"wp-block-image\">\n<figure class=\"aligncenter size-full\"><img loading=\"lazy\" decoding=\"async\" width=\"1000\" height=\"500\" src=\"https:\/\/cpstesters.com\/wp-content\/uploads\/2022\/09\/Keyboard-Rollover-Test-1.jpg\" alt=\"Schl&#xFC;ssel-Rollover-Test\" class=\"wp-image-626\" title=\"\" srcset=\"https:\/\/cpstesters.com\/wp-content\/uploads\/2022\/09\/Keyboard-Rollover-Test-1.jpg 1000w, https:\/\/cpstesters.com\/wp-content\/uploads\/2022\/09\/Keyboard-Rollover-Test-1-300x150.jpg 300w, https:\/\/cpstesters.com\/wp-content\/uploads\/2022\/09\/Keyboard-Rollover-Test-1-768x384.jpg 768w\" sizes=\"auto, (max-width: 1000px) 100vw, 1000px\" \/><figcaption class=\"wp-element-caption\">Schl\u00fcssel-Rollover-Test<\/figcaption><\/figure>\n<\/div>\n<p class=\"has-text-align-center has-base-background-color has-background has-medium-font-size\"><em>Bevor Sie dies \u00fcberpr\u00fcfen, k\u00f6nnen Sie auch Ihr Tippen durch <a href=\"https:\/\/cpstesters.com\/de\/wpm-test\/\" target=\"_blank\" rel=\"noreferrer noopener\">Words Per Minute Test<\/a> \u00fcberpr\u00fcfen!<\/em><\/p>\n\n<h2 class=\"wp-block-heading\">Wie kann ich NKRO auf meiner Tastatur testen?<\/h2>\n\n<p>Sie k\u00f6nnen den N-Key-Rollover-Test oder NKRO-Test einfach durchf\u00fchren, indem Sie ein Textprogramm wie Microsoft Word verwenden und zus\u00e4tzlich die Anforderungen des Herstellers nachschlagen, um zu sehen, welchen N-Key-Rollover Ihre Tastatur bietet.<\/p>\n\n<p>Dr\u00fccken Sie zun\u00e4chst zwei Tasten gleichzeitig und notieren Sie sich, welche Tasten Sie dr\u00fccken. Gehen Sie dann eine Taste nach oben und gleichen Sie Ihre Ergebnisse mit den auf dem Bildschirm angezeigten Tastenbet\u00e4tigungen ab.<\/p>\n\n<p>Vergewissern Sie sich, dass NKRO eingeschaltet ist, wenn Sie NKRO von Ihrer Tastatur erwarten, aber nicht die richtige Anzahl von Tastenanschl\u00e4gen sehen. Bei einigen Tastaturen m\u00fcssen Sie eine bestimmte Tastenkombination dr\u00fccken oder die Software der Tastatur aktivieren, um die NKRO-Funktion zu aktivieren.<\/p>\n\n<h2 class=\"wp-block-heading has-text-align-center\">FAQ&#8217;s<\/h2>\n\n<h3 class=\"wp-block-heading\"><strong>Was ist der Rollover meiner Tastatur?<\/strong><\/h3>\n\n<p>Dr\u00fccken Sie die Tasten drei, vier und f\u00fcnf auf einmal, um die \u00dcberschlagszahl zu testen. Die Tastatur hat einen Rollover, wenn so viele Tasten auf einmal auf dem Bildschirm angezeigt werden.<\/p>\n\n<h3 class=\"wp-block-heading\"><strong>Wie kann ich meine Rollover-Tastatur testen?<\/strong><\/h3>\n\n<p>Um Ihre Rollover-Tastatur zu \u00fcberpr\u00fcfen, probieren Sie unseren Online-Tasten-Rollover-Test aus. Es ist die schnellste und einfachste Methode, um pr\u00e4zise Ergebnisse zu erzielen.<\/p>\n\n<h3 class=\"wp-block-heading\"><strong>Was ist ein guter Schl\u00fcssel\u00fcbergang?<\/strong><\/h3>\n\n<p>Zum Tippen wird ein 2-Tasten-Rollover empfohlen. Zum Spielen wird ein Rollover von sechs Tasten empfohlen. In Spielen werden Sie wahrscheinlich schnell auf Tastenkombinationen sto\u00dfen, die nicht funktionieren, was zu einem miserablen Spielerlebnis f\u00fchrt.<\/p>\n\n<h3 class=\"wp-block-heading\"><strong>Reichen 6 Tasten zum Spielen aus?<\/strong><\/h3>\n\n<p>Gute Gaming-Tastaturen verf\u00fcgen mindestens \u00fcber ein 6-Tasten-Rollover, um Ghosting zu vermeiden. Viele Gamer und andere, die schnell tippen, k\u00f6nnen die gro\u00dfe Kapazit\u00e4t von 6KRO f\u00fcr gleichzeitige Tastenanschl\u00e4ge nutzen.<\/p>\n\n<h3 class=\"wp-block-heading\"><strong>Sind alle mechanischen Tastaturen mit N-Tasten-Rollover ausgestattet?<\/strong><\/h3>\n\n<p>Membrantastaturen sind aufgrund ihrer begrenzten Bauweise nicht f\u00fcr n-Key-Rollover bekannt, mechanische Tastaturen hingegen schon.<\/p>\n\n<p>Pr\u00fcfen Sie auch diese Tools:<\/p>\n\n<ul class=\"wp-block-list\">\n<li><a href=\"https:\/\/cpstesters.com\/de\/\" target=\"_blank\" rel=\"noreferrer noopener\">Klick-pro-Sekunde-Test<\/a><\/li>\n\n\n\n<li><a href=\"https:\/\/cpstesters.com\/de\/tastatur-latenztest\/\" target=\"_blank\" rel=\"noreferrer noopener\">Tastatur-Latenzzeit-Test<\/a><\/li>\n\n\n\n<li><a href=\"https:\/\/cpstesters.com\/de\/leertastenzaehler\/\" target=\"_blank\" rel=\"noreferrer noopener\">Leertaste Z\u00e4hler<\/a><\/li>\n\n\n\n<li><a href=\"https:\/\/cpstesters.com\/de\/tastaturtest\/\" target=\"_blank\" rel=\"noreferrer noopener\">Tastatur Test Online<\/a><\/li>\n\n\n\n<li><a href=\"https:\/\/cpstesters.com\/de\/mac-tastatur-tester\/\" target=\"_blank\" rel=\"noreferrer noopener\">Mac-Tastaturtester<\/a><\/li>\n<\/ul>\n","protected":false},"excerpt":{"rendered":"<p>Mit unserem Key Rollover Test k\u00f6nnen Sie \u00fcberpr\u00fcfen, wie viele Tasten Sie auf Ihrer mechanischen Tastatur registrieren k\u00f6nnen! Was ist Key Rollover? Die Anzahl der &#8230; <\/p>\n<p class=\"read-more-container\"><a title=\"N-Key Rollover Test | N-Key Rollover NKRO Tester\" class=\"read-more button\" href=\"https:\/\/cpstesters.com\/de\/key-rollover-test\/#more-2525\" aria-label=\"Mehr Informationen \u00fcber N-Key Rollover Test | N-Key Rollover NKRO Tester\">Read More<\/a><\/p>\n","protected":false},"author":4,"featured_media":1712,"parent":0,"menu_order":0,"comment_status":"closed","ping_status":"closed","template":"","meta":{"footnotes":""},"class_list":["post-2525","page","type-page","status-publish","has-post-thumbnail"],"_links":{"self":[{"href":"https:\/\/cpstesters.com\/de\/wp-json\/wp\/v2\/pages\/2525","targetHints":{"allow":["GET"]}}],"collection":[{"href":"https:\/\/cpstesters.com\/de\/wp-json\/wp\/v2\/pages"}],"about":[{"href":"https:\/\/cpstesters.com\/de\/wp-json\/wp\/v2\/types\/page"}],"author":[{"embeddable":true,"href":"https:\/\/cpstesters.com\/de\/wp-json\/wp\/v2\/users\/4"}],"replies":[{"embeddable":true,"href":"https:\/\/cpstesters.com\/de\/wp-json\/wp\/v2\/comments?post=2525"}],"version-history":[{"count":4,"href":"https:\/\/cpstesters.com\/de\/wp-json\/wp\/v2\/pages\/2525\/revisions"}],"predecessor-version":[{"id":4218,"href":"https:\/\/cpstesters.com\/de\/wp-json\/wp\/v2\/pages\/2525\/revisions\/4218"}],"wp:featuredmedia":[{"embeddable":true,"href":"https:\/\/cpstesters.com\/de\/wp-json\/wp\/v2\/media\/1712"}],"wp:attachment":[{"href":"https:\/\/cpstesters.com\/de\/wp-json\/wp\/v2\/media?parent=2525"}],"curies":[{"name":"wp","href":"https:\/\/api.w.org\/{rel}","templated":true}]}}