{"id":2522,"date":"2024-07-16T14:47:56","date_gmt":"2024-07-16T14:47:56","guid":{"rendered":"https:\/\/cpstesters.com\/wpm-test-woerter-pro-minute-tippen-tester-online\/"},"modified":"2024-09-17T16:33:21","modified_gmt":"2024-09-17T16:33:21","slug":"wpm-test","status":"publish","type":"page","link":"https:\/\/cpstesters.com\/de\/wpm-test\/","title":{"rendered":"W\u00f6rter pro Minute Tippen Tester Online"},"content":{"rendered":"\n<p>Der WPM-Test wurde entwickelt, um Ihre F\u00e4higkeit und Geschwindigkeit beim Schreiben von W\u00f6rtern pro Minute zu bewerten. Sie k\u00f6nnen das Tippen mit dem Finger zus\u00e4tzlich zu den Tests \u00fcben, um Ihre Fertigkeiten zu verbessern!<\/p>\n\n\n<style>\r\n\t.word {\r\n  background-color: lightblue;\r\n  color: #212529;\r\n  padding: 0 0.2em;\r\n  border-radius: 0.15em;\r\n}\r\n\r\n.word-active {\r\n  background-color: lightseagreen;\r\n}\r\n\r\n.word-error {\r\n  background-color: lightcoral;\r\n}\r\n\r\n.word-correct {\r\n  background-color: transparent;\r\n  color: #198754;\r\n}\r\n\r\n.word-incorrect {\r\n  background-color: transparent;\r\n  color: #dc3545;\r\n}\r\n\r\n.accordion-button:not(.collapsed) {\r\n  color: #212529;\r\n  background-color: #fff;\r\n  box-shadow: inset 0 -1px 0 rgba(0, 0, 0, 0.125);\r\n}\r\n\t\r\n\t.card-body {\r\n    flex: 1 1 auto;\r\n    padding: 1rem 1rem;\r\n}\r\n\t.card{\r\n\t\tposition: relative;\r\n    display: flex;\r\n    flex-direction: column;\r\n    min-width: 0;\r\n    word-wrap: break-word;\r\n    background-color: #fff;\r\n    background-clip: border-box;\r\n    border: 1px solid rgba(0,0,0,.125);\r\n    border-radius: 0.25rem;\r\n\t}\t\r\n\t\r\n\t.visually-hidden, .visually-hidden-focusable:not(:focus):not(:focus-within) {\r\n    position: absolute!important;\r\n    width: 1px!important;\r\n    height: 1px!important;\r\n    padding: 0!important;\r\n    margin: -1px!important;\r\n    overflow: hidden!important;\r\n    clip: rect(0,0,0,0)!important;\r\n    white-space: nowrap!important;\r\n    border: 0!important;\r\n}\r\n\t\r\n\t.input-group>.form-control, .input-group>.form-select {\r\n    position: relative;\r\n    flex: 1 1 auto;\r\n    width: 1%;\r\n    min-width: 0;\r\n}\r\n\t\r\n\t.input-group {\r\n    position: relative;\r\n    display: flex;\r\n    flex-wrap: wrap;\r\n    align-items: stretch;\r\n    width: 100%;\r\n}\r\n\t.input-group-text {\r\n    display: flex;\r\n    align-items: center;\r\n    padding: 0.375rem 0.75rem;\r\n    font-size: 1rem;\r\n    font-weight: 400;\r\n    line-height: 1.5;\r\n    color: #212529;\r\n    text-align: center;\r\n    white-space: nowrap;\r\n    background-color: #e9ecef;\r\n    border: 1px solid #ced4da;\r\n}\r\n\t\r\n\r\n.btn {\r\n    display: inline-block;\r\n    font-weight: 400;\r\n    line-height: 1.5;\r\n    color: #212529;\r\n    text-align: center;\r\n    text-decoration: none;\r\n    vertical-align: middle;\r\n    cursor: pointer;\r\n    -webkit-user-select: none;\r\n    -moz-user-select: none;\r\n    user-select: none;\r\n    background-color: transparent;\r\n    border: 1px solid transparent;\r\n    padding: 0.375rem 0.75rem;\r\n    font-size: 1rem;\r\n    transition: color .15s ease-in-out,background-color .15s ease-in-out,border-color .15s ease-in-out,box-shadow .15s ease-in-out;\r\n}\r\n\t.btn-success {\r\n    color: #fff !important;\r\n    background-color: #FFB15E !important;\r\n    border-color: #FFB15E !important;\r\n\t\tborder-radius:0px !important;\r\n}\r\n\r\n<\/style>\r\n\r\n      <div class=\"row\">\r\n        <div class=\"offset-md-2 col-md-8\">\r\n          <div class=\"card my-2\">\r\n            <div class=\"card-body\">\r\n              <div id=\"feed-container\" class=\"fs-4\"><\/div>\r\n              <div id=\"feed-spinner\" class=\"text-center\">\r\n                <div class=\"spinner-border\" role=\"status\"><\/div>\r\n              <\/div>\r\n              <div id=\"result-container\" class=\"visually-hidden\">\r\n                <table class=\"table table-borderless m-0\">\r\n                  <tr>\r\n                    <td\r\n                      id=\"result-wpm\"\r\n                      class=\"text-success fs-1 align-middle\"\r\n                      rowspan=\"3\"\r\n                    ><\/td>\r\n                    <th>Accuracy<\/th>\r\n                    <td id=\"result-accuracy\"><\/td>\r\n                    <th>Percentile<\/th>\r\n                    <td id=\"result-percentile\"><\/td>\r\n                  <\/tr>\r\n                  <tr>\r\n                    <th>Correct Keystrokes<\/th>\r\n                    <td id=\"result-correct-keystrokes\"><\/td>\r\n                    <th>Correct words<\/th>\r\n                    <td id=\"result-correct-words\"><\/td>\r\n                  <\/tr>\r\n                  <tr>\r\n                    <th>Wrong Keystrokes<\/th>\r\n                    <td id=\"result-wrong-keystrokes\"><\/td>\r\n                    <th>Wrong words<\/th>\r\n                    <td id=\"result-wrong-words\"><\/td>\r\n                  <\/tr>\r\n                <\/table>\r\n              <\/div>\r\n            <\/div>\r\n          <\/div>\r\n\r\n          <div class=\"input-group mb-5\">\r\n            <input\r\n              id=\"input-typed\"\r\n              type=\"text\"\r\n              class=\"form-control form-control-lg\"\r\n              autofocus\r\n            \/>\r\n            <span id=\"span-timer\" class=\"input-group-text px-4\">01:00<\/span>\r\n            <button\r\n              id=\"button-restart\"\r\n              class=\"btn btn-success px-4\"\r\n              type=\"button\"\r\n            >\r\n              <i class=\"fa fa-repeat\"><\/i>\r\n            <\/button>\r\n          <\/div>\r\n        <\/div>\r\n      <\/div>\r\n      <div class=\"row\">\r\n        <div class=\"offset-md-2 col-md-8\">\r\n\t\t\t<br>\r\n\t\t\t<h4>History<\/h4>\r\n\t\t\t<br>\r\n         \r\n                  <table id=\"table-history\" class=\"table\">\r\n                    <thead>\r\n                      <tr>\r\n                        <th scope=\"col\">WPM<\/th>\r\n                        <th scope=\"col\">Accuracy<\/th>\r\n                        <th scope=\"col\">Percentile<\/th>\r\n                        <th scope=\"col\">Keys<\/th>\r\n                        <th scope=\"col\">Words<\/th>\r\n                        <th scope=\"col\">Time<\/th>\r\n                      <\/tr>\r\n                    <\/thead>\r\n                    <tbody><\/tbody>\r\n                  <\/table>\r\n                \r\n            <\/div>\r\n          <\/div>\r\n  \r\n   \r\n\r\n    <script src=\"https:\/\/ajax.googleapis.com\/ajax\/libs\/jquery\/3.6.0\/jquery.min.js\"><\/script>\r\n    <script src=\"https:\/\/cdnjs.cloudflare.com\/ajax\/libs\/moment.js\/2.29.1\/moment.min.js\"><\/script>\r\n    <script src=\"https:\/\/cpstesters.com\/wp-content\/themes\/generatepress\/tools\/assets\/presentation\/index.js\" type=\"module\"><\/script>\r\n    <script\r\n      src=\"https:\/\/cdn.jsdelivr.net\/npm\/bootstrap@5.0.1\/dist\/js\/bootstrap.bundle.min.js\"\r\n      integrity=\"sha384-gtEjrD\/SeCtmISkJkNUaaKMoLD0\/\/ElJ19smozuHV6z3Iehds+3Ulb9Bn9Plx0x4\"\r\n      crossorigin=\"anonymous\"\r\n    ><\/script>\r\n    <script async defer src=\"https:\/\/buttons.github.io\/buttons.js\"><\/script>\n\n\n\n<p><\/p>\n\n\n\n<h2 class=\"wp-block-heading\">W\u00f6rter pro Minute Test<\/h2>\n\n\n\n<p>Es ist vielleicht nicht so einfach, wie es scheint. F\u00fcr den Geschwindigkeitstest ben\u00f6tigen Sie bestimmte Tippf\u00e4higkeiten. Die Person muss kontinuierlich \u00fcben. Sie k\u00f6nnen einen t\u00e4glichen WPM-Test durchf\u00fchren, um Ihr Ziel f\u00fcr die Schreibgeschwindigkeit zu erreichen. Mit dieser \u00dcbung wird Ihre Wortleistung pro Minute gemessen.<\/p>\n\n\n\n<p>Mit diesem Online-WPM-Tipptest k\u00f6nnen Sie Ihre Tippf\u00e4higkeiten einsch\u00e4tzen. Der Test &#8220;Wort pro Minute&#8221; ermittelt nicht nur Ihre Tippf\u00e4higkeiten pro Minute, sondern konzentriert sich auch darauf, Ihre Genauigkeit zu verbessern. Anhand der prozentualen Genauigkeit k\u00f6nnen Sie feststellen, wie viele W\u00f6rter Sie in einer Minute geschrieben haben. Das Ergebnis des Tests wird durch zwei Variablen bestimmt. die Pr\u00e4zision und Geschwindigkeit des Tippens. Sie sollten sich dar\u00fcber im Klaren sein, dass auch die Aufteilung eines langen Wortes z\u00e4hlt.<\/p>\n\n\n\n<p>Sie k\u00f6nnen je nach Bedarf aus sechs verschiedenen Testmethoden f\u00fcr die Tippgeschwindigkeit w\u00e4hlen. Benutzen Sie die 1-Minuten- oder 2-Minuten-Testmaschine, um Ihre Tippgeschwindigkeit zu messen. Verwenden Sie die 10- oder 5-Minuten-Pr\u00fcfung, wenn Sie das Tippen \u00fcben m\u00f6chten.<\/p>\n\n\n\n<h2 class=\"wp-block-heading\">Warum brauche ich einen Test der Tippgeschwindigkeit?<\/h2>\n\n\n\n<p>Einfach ausgedr\u00fcckt, unser Tippen Test wpm erm\u00f6glicht es Ihnen, Ihre Tippgeschwindigkeit mit der Zeit zu bewerten und hilft Ihnen, Ihre derzeitigen F\u00e4higkeiten besser einzusch\u00e4tzen. Dies ist ein notwendiger Schritt, um Ihr volles Potenzial zu entfalten und zu bestimmen, wie viel Zeit Sie den t\u00e4glichen Schreib\u00fcbungen widmen k\u00f6nnen.<\/p>\n\n\n\n<p>So ist es beispielsweise ratsam, die eigenen Tippf\u00e4higkeiten zu \u00fcberpr\u00fcfen, bevor man auf die 10-Finger-Methode umstellt und mit dem \u00dcben beginnt. So k\u00f6nnen Sie sp\u00e4ter Ihre Fortschritte mit der 10-Finger-Methode mit Ihrer bisherigen Schreibweise vergleichen und weitere Schreibversuche mit allen zehn Fingern durchf\u00fchren.<\/p>\n\n\n<div class=\"wp-block-image\">\n<figure class=\"aligncenter size-full\"><img loading=\"lazy\" decoding=\"async\" width=\"1000\" height=\"500\" src=\"https:\/\/cpstesters.com\/wp-content\/uploads\/2022\/09\/wpm-test_.jpg\" alt=\"WPM-Test\" class=\"wp-image-621\" title=\"\" srcset=\"https:\/\/cpstesters.com\/wp-content\/uploads\/2022\/09\/wpm-test_.jpg 1000w, https:\/\/cpstesters.com\/wp-content\/uploads\/2022\/09\/wpm-test_-300x150.jpg 300w, https:\/\/cpstesters.com\/wp-content\/uploads\/2022\/09\/wpm-test_-768x384.jpg 768w\" sizes=\"auto, (max-width: 1000px) 100vw, 1000px\" \/><figcaption class=\"wp-element-caption\">WPM-Test<\/figcaption><\/figure>\n<\/div>\n\n\n<p>Sie k\u00f6nnen den Test zum Tippen von W\u00f6rtern pro Minute nutzen, um Ihre Tippgeschwindigkeit routinem\u00e4\u00dfig zu \u00fcberpr\u00fcfen und zu beobachten, wie Sie sich durch den t\u00e4glichen Gebrauch verbessert haben, wenn Sie bereits mit Ihren Tippf\u00e4higkeiten zufrieden sind und lange Zeit nicht trainiert haben.<\/p>\n\n\n\n<h2 class=\"wp-block-heading\">WPM Test Online<\/h2>\n\n\n\n<p>Um Ihre Tippgeschwindigkeit zu ermitteln, nutzen Sie unseren Online-Tipptest. Um Ihnen eine schnelle und einfache M\u00f6glichkeit zu geben, Ihre Tippgeschwindigkeit zu messen, haben wir diesen kostenlosen Tipptests erstellt. Es kann Ihnen helfen, Ihre Entwicklung beim Tippen zu messen, indem es Ihnen ein Gef\u00fchl daf\u00fcr vermittelt, wie gut Sie vorankommen.<\/p>\n\n\n\n<ul class=\"wp-block-list\">\n<li>Mit diesem Tool k\u00f6nnen Sie genau herausfinden, wie viele W\u00f6rter Sie in einer Minute getippt haben.<\/li>\n\n\n\n<li>Es gibt grundlegende, traditionelle und fortgeschrittene Tests.<\/li>\n\n\n\n<li>Das Tool enth\u00e4lt eine Stoppuhr mit verschiedenen Sekundenangaben sowie eine Anzeige der Wortgenauigkeit, der Anzahl der in einer Minute getippten W\u00f6rter und der Gesamtzahl der Tippfehler.<\/li>\n\n\n\n<li>Sie k\u00f6nnen eine andere Dauer der Sekunde w\u00e4hlen, z. B. 1, 3, 5 Sekunden.<\/li>\n\n\n\n<li>Um den Test zu beginnen, m\u00fcssen Sie eine Startpunktzahl in das vorgesehene Textfeld eingeben.<\/li>\n\n\n\n<li>Ihre Tippgeschwindigkeit wird w\u00e4hrend des Tippens bewertet.<\/li>\n\n\n\n<li>Wenn der Timer abgelaufen ist, k\u00f6nnen Sie die Ergebnisse einsehen. Sie k\u00f6nnen diese Ergebnisse und Tests auch mit Ihren Freunden teilen.<\/li>\n<\/ul>\n\n\n\n<p class=\"has-text-align-center has-base-background-color has-background has-medium-font-size\"><em>Sie k\u00f6nnen die Tastatur durch <a href=\"https:\/\/cpstesters.com\/de\/tastatur-test\/\" target=\"_blank\" rel=\"noreferrer noopener\">Tastatur Test<\/a> Online vor dem Tippen Test zu \u00fcberpr\u00fcfen!<\/em><\/p>\n\n\n\n<h2 class=\"wp-block-heading\">Die Typisierungskomplexit\u00e4t<\/h2>\n\n\n\n<p>Der einzelne Benutzer kann jede beliebige Stufe der Tippkomplexit\u00e4t w\u00e4hlen. Der Nutzer hat uneingeschr\u00e4nkten Zugang und kann sie frei nutzen.<\/p>\n\n\n\n<h3 class=\"wp-block-heading\"><strong>Einfach<\/strong><\/h3>\n\n\n\n<p>Die Wahl dieses Modus hilft Anf\u00e4ngern beim \u00dcben von W\u00f6rtern pro Minute. Es handelt sich um ein unkompliziertes und einfaches Tippverfahren f\u00fcr neue Benutzer.<\/p>\n\n\n\n<h3 class=\"wp-block-heading\"><strong>Mittel<\/strong><\/h3>\n\n\n\n<p>Dieser Tippmodus ist eine Stufe komplexer als der einfache Modus. Dieser Modus ist f\u00fcr Benutzer zug\u00e4nglich, die die Lernphase abgeschlossen haben.<\/p>\n\n\n\n<h3 class=\"wp-block-heading\"><strong>Hart<\/strong><\/h3>\n\n\n\n<p>Die h\u00e4rteste Stufe, um Ihre Tippleistung zu verbessern, ist Schwer. Nur f\u00fcr offiziell angestellte Fachleute.<\/p>\n\n\n\n<h2 class=\"wp-block-heading\">Warum ist die Tippgeschwindigkeit wichtig?<\/h2>\n\n\n\n<p>Sie k\u00f6nnen sich auf Ihre Hauptaufgabe konzentrieren, indem Sie die Touch-Tastatur verwenden. Die Produktivit\u00e4t steigt erheblich, wenn Sie sich weniger Gedanken \u00fcber Ihre Tippgeschwindigkeit machen. Sie sorgt f\u00fcr ein besseres und hochwertiges Ergebnis. Ihre Arbeit wird viel mehr gesch\u00e4tzt, und Sie werden viel weniger Tippfehler machen. Sie k\u00f6nnen dann deutlicher und schneller sprechen.<\/p>\n\n\n\n<h2 class=\"wp-block-heading\">Wie k\u00f6nnen Sie Ihre Tippgeschwindigkeit verbessern?<\/h2>\n\n\n\n<p>Sie m\u00fcssen einen Weg finden, Ihre Tippgeschwindigkeit zu erh\u00f6hen, wenn Sie Ihre beruflichen F\u00e4higkeiten verbessern wollen. Aber wie geht man dabei vor?<\/p>\n\n\n\n<p>Hier sind einige wirksame Vorschl\u00e4ge, wie Sie Ihr Tippen verbessern k\u00f6nnen:<\/p>\n\n\n\n<h3 class=\"wp-block-heading\"><strong>Richtiges Tippen von Methoden<\/strong><\/h3>\n\n\n\n<p>Sie k\u00f6nnen Ihre Schreibgeschwindigkeit verbessern, indem Sie geeignete Schreib\u00fcbungen anwenden. Die Methode des Tippens mit der Hand, bei der sich die Benutzer die Tasten einpr\u00e4gen und eine gute Handhaltung auf der Tastatur beibehalten m\u00fcssen, wird von mehreren Spezialisten empfohlen.<\/p>\n\n\n\n<h3 class=\"wp-block-heading\"><strong>Die Wahl der besten Tastatur<\/strong><\/h3>\n\n\n\n<p>F\u00fcr Schreibarbeiten raten Experten zur Verwendung der besten Tastatur. Der wichtigste Bereich, in dem Sie sich wohl f\u00fchlen sollten, ist die Tastatur.<\/p>\n\n\n\n<h2 class=\"wp-block-heading\">Helfen Online-Tipptests, die Schreibgeschwindigkeit zu erh\u00f6hen?<\/h2>\n\n\n\n<p>Kurz gesagt, nein. Ein Programm dieser Art kann nur Ihre Tippgeschwindigkeit messen. Sie m\u00fcssen \u00fcben, wenn Sie Ihr Tippen beschleunigen wollen. Nat\u00fcrlich k\u00f6nnen Sie mit diesen Online-Tests das Tippen \u00fcben.<\/p>\n\n\n\n<p>Viele von Ihnen fragen sich vielleicht, warum ich ein Schreibmaschinenprogramm brauche, wenn ich doch schon Microsoft Word habe und damit \u00fcben kann. Ja, Sie k\u00f6nnen das Tippen mit jedem Textverarbeitungsprogramm \u00fcben. Ich empfehle jedoch, unsere Online-Tipptestmaschine zum \u00dcben zu verwenden, da sie Ihnen einen detaillierten WPM- und Genauigkeitsbericht liefert, damit Sie Ihre Fehler korrigieren k\u00f6nnen.<\/p>\n\n\n<div class=\"wp-block-image\">\n<figure class=\"aligncenter size-full\"><img loading=\"lazy\" decoding=\"async\" width=\"1000\" height=\"500\" src=\"https:\/\/cpstesters.com\/wp-content\/uploads\/2022\/09\/wpm-test_mid-.jpg\" alt=\"Leitfaden f\u00fcr den Typisierungstest\" class=\"wp-image-622\" title=\"\" srcset=\"https:\/\/cpstesters.com\/wp-content\/uploads\/2022\/09\/wpm-test_mid-.jpg 1000w, https:\/\/cpstesters.com\/wp-content\/uploads\/2022\/09\/wpm-test_mid--300x150.jpg 300w, https:\/\/cpstesters.com\/wp-content\/uploads\/2022\/09\/wpm-test_mid--768x384.jpg 768w\" sizes=\"auto, (max-width: 1000px) 100vw, 1000px\" \/><figcaption class=\"wp-element-caption\">Leitfaden f\u00fcr den Typisierungstest<\/figcaption><\/figure>\n<\/div>\n\n\n<p>Auch wenn MS Word ebenfalls einen Fehlerbericht anbietet, m\u00fcssen Sie ihn bei jeder \u00dcbung manuell berechnen. Und das kann dazu f\u00fchren, dass Sie die Lust am \u00dcben verlieren.<\/p>\n\n\n\n<p>Indem sie ihre ganze Aufmerksamkeit auf die Geschwindigkeit richten, machen praktisch alle Sch\u00fcler diesen entscheidenden Fehler. Es w\u00e4re toll, wenn Sie sich nur auf das fehlerfreie Tippen konzentrieren w\u00fcrden.<\/p>\n\n\n\n<p>Denken Sie daran, dass Genauigkeit beim Tippen wichtiger ist als Geschwindigkeit. Wenn Ihre Genauigkeit beispielsweise nur 85 % betr\u00e4gt, Ihre Geschwindigkeit aber 100 WPM, werden Sie sehr lange brauchen, um die Fehler zu korrigieren. Sie werden feststellen, dass sich Ihre typische Tippgeschwindigkeit am Ende deutlich verringern wird.<\/p>\n\n\n\n<h2 class=\"wp-block-heading\">Sollte ich das Tippen regelm\u00e4\u00dfig \u00fcben?<\/h2>\n\n\n\n<p>Es gibt nichts Besseres als den t\u00e4glichen Schreibmaschinenkurs, das ist sicher. Der Schl\u00fcssel zur Entwicklung Ihrer Schreibf\u00e4higkeiten ist \u00dcbung. Sie werden schneller tippen, je \u00f6fter Sie diesen Tipptest anwenden.<\/p>\n\n\n\n<p>Ihre Schreibf\u00e4higkeiten werden sich deutlich verbessern, wenn Sie wiederholt zehn Minuten lang das Tippen \u00fcben. Der WPM-Test wurde entwickelt, um die Weiterbildung von Schreibkr\u00e4ften zu unterst\u00fctzen. Wir \u00fcberwachen Ihre Entwicklung, damit Sie sehen k\u00f6nnen, wie sich Ihre Tippf\u00e4higkeiten und Ihre Geschwindigkeit mit der Zeit verbessern. Eine konstante Aktivit\u00e4t ist f\u00fcr die Entwicklung einer guten Schreibfertigkeit unerl\u00e4sslich.<\/p>\n\n\n\n<h2 class=\"wp-block-heading\">WPM-Test Vorteile<\/h2>\n\n\n\n<p>Jeder, der einen Computer benutzt, muss tippen k\u00f6nnen. Sie k\u00f6nnen sich leichter auf Ihre Arbeit konzentrieren, da Sie sich beim Tippen wohler f\u00fchlen. Wenn Sie langsam tippen und Tippfehler korrigieren, wird Ihre Aufmerksamkeit von Ihrem Ziel abgelenkt. Finden Sie heraus, wie gut Sie tippen k\u00f6nnen, mit Hilfe unseres fortgeschrittenen Schreibmaschinentests.<\/p>\n\n\n\n<p>Nach jeder Pr\u00fcfung erhalten Sie ein ausf\u00fchrliches Feedback. Es enth\u00e4lt Daten zu Ihrer Geschwindigkeit, zu den Stellen, an denen Sie langsamer werden, und zu den Arten von Fehlern, die Sie begehen. All diese Besonderheiten sind wichtig, um Ihre Geschwindigkeit zu erh\u00f6hen.<\/p>\n\n\n\n<p>Sie k\u00f6nnen sich registrieren, um Ihre Fortschritte zu verfolgen. Sie k\u00f6nnen den Lernfortschritt \u00fcberpr\u00fcfen und die Ergebnisse Ihrer Schreibmaschinentests speichern lassen. Registrierte Benutzer, die drei oder mehr Schreibmaschinentests bestanden haben, k\u00f6nnen in unserem Forum Nachrichten schreiben und Fragen zum Schreiben beantworten.<\/p>\n\n\n\n<h2 class=\"wp-block-heading has-text-align-center\">FAQ&#8217;s<\/h2>\n\n\n\n<h3 class=\"wp-block-heading\"><strong>Wie kann ich meine Tippgeschwindigkeit erh\u00f6hen?<\/strong><\/h3>\n\n\n\n<p>Es scheint zwei M\u00f6glichkeiten zu geben, schneller zu tippen: Die schnellste Methode ist, richtig tippen zu lernen. Das Spielen von Schreibmaschinenspielen ist der zweite Ansatz, um Ihre Schreibgeschwindigkeit zu erh\u00f6hen. Mit Tastaturaktivit\u00e4ten wie Nitro Type k\u00f6nnen Sie Ihre Tippgeschwindigkeit verbessern und Ihre Bewertung in W\u00f6rtern pro Minute erh\u00f6hen.<\/p>\n\n\n\n<h3 class=\"wp-block-heading\"><strong>Wie hoch ist die durchschnittliche Tippgeschwindigkeit?<\/strong><\/h3>\n\n\n\n<p>Die durchschnittliche Schreibgeschwindigkeit liegt bei 40 W\u00f6rtern pro Minute (wpm). Streben Sie eine Schreibgeschwindigkeit von 65 bis 70 W\u00f6rtern pro Minute an, wenn Sie besonders produktiv sein wollen.<\/p>\n\n\n\n<h3 class=\"wp-block-heading\"><strong>Wie \u00fcbt man den Schreibmaschinentest?<\/strong><\/h3>\n\n\n\n<p>Um Ihre Tippgeschwindigkeit zu erh\u00f6hen, k\u00f6nnen Sie sich an die angegebenen Techniken halten. Regelm\u00e4\u00dfiges \u00dcben mit der Tastatur unter Einhaltung bestimmter Schreibregeln ist eine kluge Entscheidung.<\/p>\n\n\n\n<h3 class=\"wp-block-heading\"><strong>Wie gut sind 32 WPM?<\/strong><\/h3>\n\n\n\n<p>Sie ist besser als 7,13 Prozent aller unserer Nutzer. Kernkraft ist der Schl\u00fcssel zum Tippen, und je mehr Sie tippen, desto schneller werden Sie.<\/p>\n\n\n\n<h3 class=\"wp-block-heading\"><strong>Ist eine Tippgeschwindigkeit von 100 wpm gut?<\/strong><\/h3>\n\n\n\n<p>Wenn Sie 90 W\u00f6rter pro Minute tippen k\u00f6nnen, sind Sie wahrscheinlich ein Gamer, Hacker oder Genie. Auf jeden Fall machen Sie das fantastisch! 100 wpm oder mehr: Sie geh\u00f6ren zu den besten 1% der Schreibkr\u00e4fte!<\/p>\n\n\n\n<h3 class=\"wp-block-heading\"><strong>Was ist die schnellste Tippgeschwindigkeit, die jemand erreicht hat?<\/strong><\/h3>\n\n\n\n<p>Die schnellste Schreibmaschine der Welt ist laut Guinness World Records Barbara Blackburn, die mit einer hohen Geschwindigkeit von 212 WPM tippen kann. Die schnellste Schreibkraft ist nach Angaben der IBM Corp. Stella Pajunas Garnand, die 216 W\u00f6rter in einer Minute tippen kann. Sie nahm dieses Lied 1946 auf.<\/p>\n\n\n\n<h3 class=\"wp-block-heading\"><strong>Wie k\u00f6nnen Sie schneller tippen?<\/strong><\/h3>\n\n\n\n<p>Sie m\u00fcssen lernen, die richtige Haltung einzunehmen, alle Finger zu benutzen, die richtigen Tasten zu dr\u00fccken, ohne zu gucken, und Fehler zu vermeiden, wenn Sie schneller schreiben wollen. Sie werden vom Schreibmaschinentraining profitieren, wenn Sie keine dieser F\u00e4higkeiten erlernt haben.<\/p>\n\n\n\n<h3 class=\"wp-block-heading\"><strong>Wie kann ich meine wpm ermitteln?<\/strong><\/h3>\n\n\n\n<p>Der W\u00f6rter-pro-Minute-Test (WPM-Test) ist die einfachste Methode, die Tippgeschwindigkeit zu messen. Das &#8220;Wort&#8221; besteht im Durchschnitt aus 5 Zeichen. Teilen Sie einfach die Anzahl der in einer Minute getippten W\u00f6rter ohne Tippfehler durch f\u00fcnf, um die WPM zu ermitteln. Ihre Tippgeschwindigkeit w\u00fcrde beispielsweise 20 WPM betragen, wenn Sie 100 W\u00f6rter pro Minute tippen w\u00fcrden, einschlie\u00dflich Leerzeichen.<\/p>\n\n\n\n<p>Einige andere Tastatur-Tools:<\/p>\n\n\n\n<ul class=\"wp-block-list\">\n<li><a href=\"https:\/\/cpstesters.com\/de\/spacebar-counter\/\" target=\"_blank\" rel=\"noreferrer noopener\">Leertaste Z\u00e4hler<\/a><\/li>\n\n\n\n<li><a href=\"https:\/\/cpstesters.com\/de\/tastatur-zaehler\/\" target=\"_blank\" rel=\"noreferrer noopener\">Tastaturz\u00e4hler<\/a><\/li>\n\n\n\n<li><a href=\"https:\/\/cpstesters.com\/de\/mac-tastaturtester\/\" target=\"_blank\" rel=\"noreferrer noopener\">Mac-Tastaturtester<\/a><\/li>\n\n\n\n<li><a href=\"https:\/\/cpstesters.com\/de\/key-rollover-test\/\">Schl\u00fcssel-Rollover-Test<\/a><\/li>\n\n\n\n<li><a href=\"https:\/\/cpstesters.com\/de\/tastatur-latenzzeit-test\/\" target=\"_blank\" rel=\"noreferrer noopener\">Tastatur-Latenzzeit-Test<\/a><\/li>\n\n\n\n<li><a href=\"https:\/\/cpstesters.com\/de\/mechanische-tastatur-test\/\" target=\"_blank\" rel=\"noreferrer noopener\">Mechanische Tastatur Test<\/a><\/li>\n<\/ul>\n","protected":false},"excerpt":{"rendered":"<p>Der WPM-Test wurde entwickelt, um Ihre F\u00e4higkeit und Geschwindigkeit beim Schreiben von W\u00f6rtern pro Minute zu bewerten. Sie k\u00f6nnen das Tippen mit dem Finger zus\u00e4tzlich &#8230; <\/p>\n<p class=\"read-more-container\"><a title=\"W\u00f6rter pro Minute Tippen Tester Online\" class=\"read-more button\" href=\"https:\/\/cpstesters.com\/de\/wpm-test\/#more-2522\" aria-label=\"Mehr Informationen \u00fcber W\u00f6rter pro Minute Tippen Tester Online\">Read More<\/a><\/p>\n","protected":false},"author":4,"featured_media":1688,"parent":0,"menu_order":0,"comment_status":"closed","ping_status":"closed","template":"","meta":{"footnotes":""},"class_list":["post-2522","page","type-page","status-publish","has-post-thumbnail"],"_links":{"self":[{"href":"https:\/\/cpstesters.com\/de\/wp-json\/wp\/v2\/pages\/2522","targetHints":{"allow":["GET"]}}],"collection":[{"href":"https:\/\/cpstesters.com\/de\/wp-json\/wp\/v2\/pages"}],"about":[{"href":"https:\/\/cpstesters.com\/de\/wp-json\/wp\/v2\/types\/page"}],"author":[{"embeddable":true,"href":"https:\/\/cpstesters.com\/de\/wp-json\/wp\/v2\/users\/4"}],"replies":[{"embeddable":true,"href":"https:\/\/cpstesters.com\/de\/wp-json\/wp\/v2\/comments?post=2522"}],"version-history":[{"count":10,"href":"https:\/\/cpstesters.com\/de\/wp-json\/wp\/v2\/pages\/2522\/revisions"}],"predecessor-version":[{"id":6295,"href":"https:\/\/cpstesters.com\/de\/wp-json\/wp\/v2\/pages\/2522\/revisions\/6295"}],"wp:featuredmedia":[{"embeddable":true,"href":"https:\/\/cpstesters.com\/de\/wp-json\/wp\/v2\/media\/1688"}],"wp:attachment":[{"href":"https:\/\/cpstesters.com\/de\/wp-json\/wp\/v2\/media?parent=2522"}],"curies":[{"name":"wp","href":"https:\/\/api.w.org\/{rel}","templated":true}]}}