{"id":2408,"date":"2024-07-16T14:22:16","date_gmt":"2024-07-16T14:22:16","guid":{"rendered":"https:\/\/cpstesters.com\/manueller-klick-test-ueberpruefen-sie-ihre-cps-geschwindigkeit\/"},"modified":"2024-09-17T15:17:43","modified_gmt":"2024-09-17T15:17:43","slug":"manueller-klick-test","status":"publish","type":"page","link":"https:\/\/cpstesters.com\/de\/manueller-klick-test\/","title":{"rendered":"Manueller Klick-Test | \u00dcberpr\u00fcfen Sie Ihre CPS-Geschwindigkeit"},"content":{"rendered":"\n<p>Der Manual Click Test ist ein Klickspiel, das dazu dient, Ihre Klicks in dem von Ihnen festgelegten Zeitrahmen zu z\u00e4hlen. Starten Sie jetzt und genie\u00dfen Sie es!<\/p>\n     \r\n<div class=\"row\">\r\n\t<div class=\"col-md-4\">\r\n\r\n\t\t\r\n\t\t\r\n\t\t<div class=\"side_nav\">\r\n            \r\n            \r\n            <ul class=\"time\">\r\n            <li>\r\n            <span data-time=\"1.00\">1 Second Test<\/span>\r\n            <\/li><li>\r\n           <span data-time=\"2.00\">2 Second Test<\/span>\r\n            <\/li><li>\r\n         <span data-time=\"5.00\">5 Second Test<\/span>\r\n            <\/li><li>\r\n\t\t\t<span data-time=\"10.00\">10 Second Test<\/span>\r\n            <\/li><li>\r\n            <span data-time=\"15.00\">15 Second Test<\/span>\r\n            <\/li>\r\n\t\t\t<li>\r\n            <span data-time=\"30.00\">30 Second Test<\/span>\r\n            <\/li>\r\n\t\t\t\t<li>\r\n            <span data-time=\"60.00\">60 Second Test<\/span>\r\n            <\/li>\r\n\t\t\t\t<li>\r\n            <span data-time=\"100.00\">100 Second Test<\/span>\r\n            <\/li>\r\n\t\t\t\r\n\t\t\t\r\n\t\t\t<\/ul>\r\n            <\/div>\r\n\t\t\r\n\t\t\r\n\t<\/div>\r\n\t<div class=\"col-md-8\">\r\n\t\t<section class=\"section section--full js-section-full section--click\">\r\n               <div class=\"container\">\r\n\t\t\t\t   \r\n\t\t\t\t         <div class=\"setting\">\r\n    <div class=\"theme-mode\"><a class=\"theme-mode__switch js-switch\" href=\"javascript:void(0);\"><\/a>\r\n        <div class=\"theme-mode__text\">Light \/ Dark mode<\/div>\r\n    <\/div>\r\n\t\t\t\t\t\t\t \r\n\t\t<div class=\"manual-form\">\r\n\t\t\t<input id=\"manual_seconds\" type=\"number\" placeholder=\"Seconds\">\r\n\t\t\t<button id=\"start_manual\">Start<\/button>\r\n\t\t\t\t\t\t\t <\/div>\r\n\t\t\t\t\t\t\t \r\n<\/div>\r\n\t\t\t\t   \r\n\t\t\t\t   \r\n                  <div class=\"statistics\">\r\n                     <div class=\"statistics__item statistics__item--timer\">\r\n                        <div class=\"statistics__number\">\r\n                           <span class=\"js-time number_timer\">5.00<\/span>\r\n                           <a class=\"statistics__arrow statistics__arrow--up js-time-up\" href=\"javascript:void(0);\">\r\n                              <svg class=\"icon icon-arrow-up \">\r\n                                 <use xlink:href=\"\/wp-content\/themes\/generatepress\/tools\/assets\/img\/spritesvg.svg#arrow-up\"><\/use>\r\n                              <\/svg>\r\n                           <\/a>\r\n                           <a class=\"statistics__arrow statistics__arrow--down js-time-down\" href=\"javascript:void(0);\">\r\n                              <svg class=\"icon icon-arrow-up \">\r\n                                 <use xlink:href=\"\/wp-content\/themes\/generatepress\/tools\/assets\/img\/spritesvg.svg#arrow-up\"><\/use>\r\n                              <\/svg>\r\n                           <\/a>\r\n                        <\/div>\r\n                        <div class=\"statistics__title\">Timer<\/div>\r\n                     <\/div>\r\n                     <div class=\"statistics__item statistics__item--clicks\">\r\n                        <div class=\"statistics__number number_clicks js-speed\">0.00<\/div>\r\n                        <div class=\"statistics__title\">Clicks \/ s<\/div>\r\n                     <\/div>\r\n                     <div class=\"statistics__item statistics__item--score\">\r\n                        <div class=\"statistics__number number_score js-score\">0<\/div>\r\n                        <div class=\"statistics__title\">Score<\/div>\r\n                     <\/div>\r\n                  <\/div>\r\n                  <div class=\"clicks-zone\">\r\n                     <div class=\"clicks-zone__start js-clicks-start\">\r\n                        <svg class=\"icon icon-click \">\r\n                           <use xlink:href=\"\/wp-content\/themes\/generatepress\/tools\/assets\/img\/spritesvg.svg#click\"><\/use>\r\n                        <\/svg>\r\n                        <div class=\"clicks-zone__start-title\">\u0421lick here to start cps test<\/div>\r\n                     <\/div>\r\n                     <div class=\"clicks-zone__clicks js-clicks\"><\/div>\r\n                     <div class=\"clicks-zone__result result-clicks js-clicks-result\">\r\n                        <div class=\"result-clicks__title rank-wrapper\"><\/div>\r\n                        <div class=\"result-clicks__text\">Your CPS result is <span class=\"speed js-stat-speed\"><\/span> (<span class=\"clicks js-stat-clicks\"><\/span> Clicks in <span class=\"time js-stat-time\"><\/span> Seconds)<\/div>\r\n                        <div class=\"result-clicks__img\"><img><\/div>\r\n                        <a class=\"result-clicks__btn js-try-again\" href=\"javascript:void(0);\">\r\n                           <svg class=\"icon icon-again \">\r\n                              <use xlink:href=\"\/wp-content\/themes\/generatepress\/tools\/assets\/img\/spritesvg.svg#again\"><\/use>\r\n                           <\/svg>\r\n                           Restart\r\n                        <\/a>\r\n                        <div class=\"result-clicks__share\">\r\n                           <div class=\"result-clicks__share-title\">Share your result with friends!<\/div>\r\n                           <div class=\"share-buttons\">\r\n                              <a class=\"share-button facebook\" data-href=\"https:\/\/www.facebook.com\/sharer\/sharer.php?u=https:\/\/cpstesters.com\/\" target=\"_blank\" onclick=\"goclicky(this); return false;\" rel=\"noopener\">Facebook<\/a>\r\n                              <a class=\"share-button twitter\" data-href=\"http:\/\/www.twitter.com\/share?url=https:\/\/cpstesters.com\/&text=[text]\" target=\"_blank\" onclick=\"goclicky(this); return false;\" rel=\"noopener\">Twitter<\/a>\r\n                              <a class=\"share-button whatsapp\" data-href=\"https:\/\/api.whatsapp.com\/send?text=[text]\" target=\"_blank\" onclick=\"goclicky(this); return false;\" rel=\"noopener\">WhatsApp<\/a>\r\n                              <a class=\"share-button reddit\" data-href=\"http:\/\/www.reddit.com\/submit?url=https:\/\/cpstesters.com\/&title=[text]\" target=\"_blank\" onclick=\"goclicky(this); return false;\" rel=\"noopener\">Reddit<\/a>\r\n                           <\/div>\r\n                        <\/div>\r\n                     <\/div>\r\n                  <\/div>\r\n                  <img decoding=\"async\" src=\"\/wp-content\/themes\/generatepress\/tools\/assets\/img\/test_result\/3\/1.png\" style=\"display: none\" alt=\"\" title=\"\">\r\n                  <img decoding=\"async\" src=\"\/wp-content\/themes\/generatepress\/tools\/assets\/img\/test_result\/5\/1.png\" style=\"display: none\" alt=\"\" title=\"\">\r\n                  <img decoding=\"async\" src=\"\/wp-content\/themes\/generatepress\/tools\/assets\/img\/test_result\/1\/1.png\" style=\"display: none\" alt=\"\" title=\"\">\r\n                  <img decoding=\"async\" src=\"\/wp-content\/themes\/generatepress\/tools\/assets\/img\/test_result\/2\/1.png\" style=\"display: none\" alt=\"\" title=\"\">\r\n                  <img decoding=\"async\" src=\"\/wp-content\/themes\/generatepress\/tools\/assets\/img\/test_result\/0\/1.png\" style=\"display: none\" alt=\"\" title=\"\">\r\n                  <img decoding=\"async\" src=\"\/wp-content\/themes\/generatepress\/tools\/assets\/img\/test_result\/6\/1.png\" style=\"display: none\" alt=\"\" title=\"\">\r\n                  <img decoding=\"async\" src=\"\/wp-content\/themes\/generatepress\/tools\/assets\/img\/test_result\/7\/1.png\" style=\"display: none\" alt=\"\" title=\"\">\r\n                  <img decoding=\"async\" src=\"\/wp-content\/themes\/generatepress\/tools\/assets\/img\/test_result\/4\/1.png\" style=\"display: none\" alt=\"\" title=\"\">\r\n                  <script>\r\n                     var test_result = {\"ratings\":{\"min\":0,\"max\":5},\"rating_ranks\":[\"Your Rank is Snail!\",\"Your Rank is Koala!\",\"Your Rank is Turtle!\",\"Your Rank is Panda!\",\"Your Rank is Hare!\",\"Your Rank is Kangaroo!\",\"Your Rank is Panther!\",\"Your Rank is Cheetah!\"],\"cps_scale\":[[0,1],[1,3],[3,5],[5,7],[7,9],[9,10],[10,12],[12,999]],\"files\":{\"3\":[\"\\\/wp-content\\\/themes\\\/generatepress\\\/tools\\\\assets\\\/img\\\/test_result\\\/3\\\/1.png\"],\"5\":[\"\\\/wp-content\\\/themes\\\/generatepress\\\/tools\\\\assets\\\/img\\\/test_result\\\/5\\\/1.png\"],\"1\":[\"\\\/wp-content\\\/themes\\\/generatepress\\\/tools\\\\assets\\\/img\\\/test_result\\\/1\\\/1.png\"],\"2\":[\"\\\/wp-content\\\/themes\\\/generatepress\\\/tools\\\\assets\\\/img\\\/test_result\\\/2\\\/1.png\"],\"0\":[\"\\\/wp-content\\\/themes\\\/generatepress\\\/tools\\\\assets\\\/img\\\/test_result\\\/0\\\/1.png\"],\"6\":[\"\\\/wp-content\\\/themes\\\/generatepress\\\/tools\\\\assets\\\/img\\\/test_result\\\/6\\\/1.png\"],\"7\":[\"\\\/wp-content\\\/themes\\\/generatepress\\\/tools\\\\assets\\\/img\\\/test_result\\\/7\\\/1.png\"],\"4\":[\"\\\/wp-content\\\/themes\\\/generatepress\\\/tools\\\\assets\\\/img\\\/test_result\\\/4\\\/1.png\"]}};\r\n                     var language = {\"code\":\"en\",\"name\":\"English\",\"prefix\":\"\"};\r\n                     var monitoringClickEvent = 'left';\r\n                     var shareTextDefault = 'My Manual Click Test result is {speed} ({clicks} Clicks in {time} Seconds)';\r\n                  <\/script>        \r\n               <\/div>\r\n            <\/section>\r\n\t\t\r\n\t<\/div>\r\n<\/div>\r\n\r\n    <script src=\"\/wp-content\/themes\/generatepress\/tools\/assets\/js\/libs.min.js\"><\/script>\r\n      <script src=\"\/wp-content\/themes\/generatepress\/tools\/assets\/js\/main.min.js?v64\"><\/script>\r\n\n\n<p><\/p>\n\n<p>Benutzer des manuellen Klicktests k\u00f6nnen ihre Klickgeschwindigkeit ohne Zeitbeschr\u00e4nkung testen. Sie m\u00fcssen nur so lange wie m\u00f6glich mit der gleichen Geschwindigkeit klicken, denn im Gegensatz zum normalen CPS-Test wird dieser nicht automatisch nach einer bestimmten Zeit beendet. Sobald der Test abgeschlossen ist, k\u00f6nnen Sie ihn manuell beenden.<\/p>\n\n<h2 class=\"wp-block-heading\">Manueller CPS-Test<\/h2>\n\n<p>Wenn Sie Ihr Klickverhalten bewerten wollen, entfallen alle Szenarien, wie z. B. das Aufstellen eines Timers f\u00fcr einen Test der Klickgeschwindigkeit. Es ist unm\u00f6glich, Ihre Klickgeschwindigkeit innerhalb einer bestimmten Zeitspanne zu beurteilen. Deshalb haben wir ein System entwickelt, das es Ihnen erm\u00f6glicht, Ihre aktuelle Klickgeschwindigkeit \u00fcber eine unendliche Zeit zu testen und festzustellen, wie lange Sie eine bestimmte Klickrate pro Sekunde beibehalten k\u00f6nnen.<\/p>\n\n<p>Beim manuellen CPS-Test wird berechnet, wie viele Mausklicks eine Person in einer bestimmten Anzahl von Sekunden ausf\u00fchren kann. Sie k\u00f6nnen Ihre Klickgeschwindigkeit online kostenlos auf einer der zahlreichen Test-Websites f\u00fcr Klickgeschwindigkeit \u00fcberpr\u00fcfen.<\/p>\n<div class=\"wp-block-image\">\n<figure class=\"aligncenter size-full\"><img loading=\"lazy\" decoding=\"async\" width=\"1000\" height=\"500\" src=\"https:\/\/cpstesters.com\/wp-content\/uploads\/2022\/08\/Manual_Click-Test.jpg\" alt=\"Manueller Klick-Test\" class=\"wp-image-315\" title=\"\" srcset=\"https:\/\/cpstesters.com\/wp-content\/uploads\/2022\/08\/Manual_Click-Test.jpg 1000w, https:\/\/cpstesters.com\/wp-content\/uploads\/2022\/08\/Manual_Click-Test-300x150.jpg 300w, https:\/\/cpstesters.com\/wp-content\/uploads\/2022\/08\/Manual_Click-Test-768x384.jpg 768w\" sizes=\"auto, (max-width: 1000px) 100vw, 1000px\" \/><figcaption class=\"wp-element-caption\">Manueller Klick-Test<\/figcaption><\/figure>\n<\/div>\n<h2 class=\"wp-block-heading\">Wie funktioniert der manuelle Klicktest?<\/h2>\n\n<p>Der eingebaute Klickz\u00e4hler z\u00e4hlt die Klicks, sobald der Benutzer mit dem Spiel beginnt. Au\u00dferdem beginnt der Countdown-Timer, sobald der Benutzer das Kontrollk\u00e4stchen &#8220;Start Playing&#8221; f\u00fcr die erste Sitzung anklickt.<\/p>\n\n<p>Der Klickz\u00e4hler w\u00e4chst, je mehr Klicks nacheinander get\u00e4tigt werden. Nach Ablauf der vorgegebenen Zeit werden schlie\u00dflich die Werte f\u00fcr CPM (Klicks pro Minute) und CPS (Klicks pro Sekunde) angezeigt. Der Monitor funktioniert jedoch nur in dem daf\u00fcr vorgesehenen Bereich. Um das gew\u00fcnschte Ergebnis zu erzielen, klicken Sie einfach auf den idealen Spielbereich.<\/p>\n\n<p class=\"has-text-align-center has-base-background-color has-background has-medium-font-size\">Machen Sie auch einen vollst\u00e4ndigen <a href=\"https:\/\/cpstesters.com\/de\/\" target=\"_blank\" rel=\"noreferrer noopener\">CPS-Test<\/a>, bevor Sie zum manuellen Test gehen  <\/p>\n\n<h2 class=\"wp-block-heading\">Verschiedene Zeitspannen des CPS-Tests<\/h2>\n\n<ul class=\"wp-block-list\">\n<li>3-Sekunden-Test<\/li>\n\n\n\n<li>4-Sekunden-Test<\/li>\n\n\n\n<li>5-Sekunden-Test<\/li>\n\n\n\n<li>10-Sekunden-Test<\/li>\n\n\n\n<li>15-Sekunden-Test<\/li>\n\n\n\n<li>30-Sekunden-Test<\/li>\n\n\n\n<li>60-Sekunden-Test<\/li>\n\n\n\n<li>100-Sekunden-Test<\/li>\n<\/ul>\n\n<p>Sie k\u00f6nnen eine beliebige Dauer f\u00fcr den Klick-Test w\u00e4hlen; wenn Sie Anf\u00e4nger sind, beginnen Sie mit 3 Sekunden und verfolgen Sie Ihre Entwicklung. Schreibe deinen Rekord f\u00fcr die folgenden 10 Sekunden auf. \u00dcben Sie viel, um beim Klicken besser zu werden, wenn Sie schneller klicken wollen.<\/p>\n\n<h2 class=\"wp-block-heading\">Merkmale eines manuellen Klicktests<\/h2>\n\n<h3 class=\"wp-block-heading\"><strong>1.<\/strong> <strong>Kein Zeitrahmen<\/strong><\/h3>\n\n<p>Der Hauptvorteil dieser Strategie ist, dass es keine zeitliche Beschr\u00e4nkung gibt. Der Test kann jederzeit abgebrochen werden. Ihre Klickleistung verbessert sich dadurch.<\/p>\n\n<h3 class=\"wp-block-heading\"><strong>2.<\/strong> <strong>Fordere dich selbst heraus<\/strong><\/h3>\n\n<p>Mit dem manuellen cps-Klick-Testmodus k\u00f6nnen Sie sehen, wie schnell Sie klicken k\u00f6nnen. Er testet Ihre F\u00e4higkeit, die Anzahl der Klicks pro Sekunde \u00fcber einen l\u00e4ngeren Zeitraum aufrechtzuerhalten.<\/p>\n\n<h2 class=\"wp-block-heading has-text-align-center\">FAQ&#8217;s<\/h2>\n\n<h3 class=\"wp-block-heading\"><strong>Wie bestimme ich meine Klickrate pro Sekunde (cps)?<\/strong><\/h3>\n\n<p>Klicks insgesamt \/ Gesamtzeit in Sekunden entspricht Klicks pro Sekunde (CPS). Befolgen Sie einfach die Anweisungen, um Ihren Wert f\u00fcr Klicks pro Sekunde zu \u00fcberpr\u00fcfen.  <\/p>\n\n<h3 class=\"wp-block-heading\"><strong>Wie hoch ist die CPS-Rate des Klicks?<\/strong><\/h3>\n\n<p>CPS steht f\u00fcr Klicks pro Sekunde im Durchschnitt. Er dient als Ma\u00dfstab daf\u00fcr, wie schnell Sie eine Maus dr\u00fccken k\u00f6nnen. Die CPS-Rate ist das Ergebnis des Click-Speed-Tests.<\/p>\n\n<h3 class=\"wp-block-heading\"><strong>Wie kann ich einen manuellen Klicktest durchf\u00fchren?<\/strong><\/h3>\n\n<p>W\u00e4hlen Sie unter dem Prim\u00e4rtest die Schaltfl\u00e4che &#8220;Manueller Klicktest&#8221;. Sie befinden sich nun auf der Seite f\u00fcr den manuellen Klicktest. Klicken Sie auf die gr\u00fcne Schaltfl\u00e4che, um den Test zu starten. Klicken Sie so oft wie m\u00f6glich weiter.<\/p>\n\n<h2 class=\"wp-block-heading\">Manueller CPS-Test abschlie\u00dfen<\/h2>\n\n<p>Es ist v\u00f6llig kostenlos und eine Komplettl\u00f6sung zur Messung Ihrer Mausklickgeschwindigkeit. Jede Art von Ger\u00e4t, einschlie\u00dflich Mobiltelefon, Computer, Desktop, iPad usw., kann die Plattform nutzen. Au\u00dferdem ist er sehr leicht und schnell. Auch die Ergebnisse sind zu 100 Prozent korrekt. Es besteht also keine M\u00f6glichkeit einer falschen Ausgabe.<\/p>\n\n<p>Wir haben einige andere Tests, die Sie vielleicht \u00fcberpr\u00fcfen m\u00f6chten:<\/p>\n\n<ul class=\"wp-block-list\">\n<li><a href=\"https:\/\/cpstesters.com\/de\/drag-click-test\/\" target=\"_blank\" rel=\"noreferrer noopener\">Ziehen-Klicken-Test<\/a><\/li>\n\n\n\n<li><a href=\"https:\/\/cpstesters.com\/de\/double-click-test\/\" target=\"_blank\" rel=\"noreferrer noopener\">Doppelklick-Test<\/a><\/li>\n\n\n\n<li><a href=\"https:\/\/cpstesters.com\/de\/maus-scroll-test\/\" target=\"_blank\" rel=\"noreferrer noopener\">Maus-Scroll-Test<\/a><\/li>\n\n\n\n<li><a href=\"https:\/\/cpstesters.com\/de\/leertastenzaehler\/\" target=\"_blank\" rel=\"noreferrer noopener\">Leertaste Z\u00e4hler<\/a><\/li>\n\n\n\n<li><a href=\"https:\/\/cpstesters.com\/de\/tastatur-test\/\" target=\"_blank\" rel=\"noreferrer noopener\">Tastatur-Test<\/a><\/li>\n<\/ul>\n","protected":false},"excerpt":{"rendered":"<p>Der Manual Click Test ist ein Klickspiel, das dazu dient, Ihre Klicks in dem von Ihnen festgelegten Zeitrahmen zu z\u00e4hlen. Starten Sie jetzt und genie\u00dfen &#8230; <\/p>\n<p class=\"read-more-container\"><a title=\"Manueller Klick-Test | \u00dcberpr\u00fcfen Sie Ihre CPS-Geschwindigkeit\" class=\"read-more button\" href=\"https:\/\/cpstesters.com\/de\/manueller-klick-test\/#more-2408\" aria-label=\"Mehr Informationen \u00fcber Manueller Klick-Test | \u00dcberpr\u00fcfen Sie Ihre CPS-Geschwindigkeit\">Read More<\/a><\/p>\n","protected":false},"author":4,"featured_media":1148,"parent":0,"menu_order":0,"comment_status":"closed","ping_status":"closed","template":"","meta":{"footnotes":""},"class_list":["post-2408","page","type-page","status-publish","has-post-thumbnail"],"_links":{"self":[{"href":"https:\/\/cpstesters.com\/de\/wp-json\/wp\/v2\/pages\/2408","targetHints":{"allow":["GET"]}}],"collection":[{"href":"https:\/\/cpstesters.com\/de\/wp-json\/wp\/v2\/pages"}],"about":[{"href":"https:\/\/cpstesters.com\/de\/wp-json\/wp\/v2\/types\/page"}],"author":[{"embeddable":true,"href":"https:\/\/cpstesters.com\/de\/wp-json\/wp\/v2\/users\/4"}],"replies":[{"embeddable":true,"href":"https:\/\/cpstesters.com\/de\/wp-json\/wp\/v2\/comments?post=2408"}],"version-history":[{"count":4,"href":"https:\/\/cpstesters.com\/de\/wp-json\/wp\/v2\/pages\/2408\/revisions"}],"predecessor-version":[{"id":4288,"href":"https:\/\/cpstesters.com\/de\/wp-json\/wp\/v2\/pages\/2408\/revisions\/4288"}],"wp:featuredmedia":[{"embeddable":true,"href":"https:\/\/cpstesters.com\/de\/wp-json\/wp\/v2\/media\/1148"}],"wp:attachment":[{"href":"https:\/\/cpstesters.com\/de\/wp-json\/wp\/v2\/media?parent=2408"}],"curies":[{"name":"wp","href":"https:\/\/api.w.org\/{rel}","templated":true}]}}