{"id":2106,"date":"2024-07-16T14:14:50","date_gmt":"2024-07-16T14:14:50","guid":{"rendered":"https:\/\/cpstesters.com\/60-sekunden-cps-test-ueberpruefen-sie-ihre-klickgeschwindigkeit\/"},"modified":"2024-09-17T09:31:51","modified_gmt":"2024-09-17T09:31:51","slug":"60-second-cps-test","status":"publish","type":"page","link":"https:\/\/cpstesters.com\/de\/60-second-cps-test\/","title":{"rendered":"60 Sekunden CPS-Test | \u00dcberpr\u00fcfen Sie Ihre Klickgeschwindigkeit"},"content":{"rendered":"\n<p>60 Second CPS Test ist einer der besten Klick-Tests wegen der erh\u00f6hten Zeit, spielen und verbessern Sie Ihre Klick-Spiel in k\u00fcrzester Zeit!<\/p>\n\n\n <div class=\"row\">\r\n\t<div class=\"col-md-4\">\r\n\r\n\t\t\r\n\t\t\r\n\t\t<div class=\"side_nav\">\r\n            \r\n            \r\n            <ul class=\"time\">\r\n            <li>\r\n             <a href=\"https:\/\/cpstesters.com\/1-second-cps-test\/\"> <span data-time=\"1\">1 Second Test<\/span><\/a>\r\n            <\/li><li>\r\n             <a href=\"https:\/\/cpstesters.com\/2-second-cps-test\/\"><span data-time=\"2\">2 Second Test<\/span><\/a>\r\n            <\/li><li>\r\n           <a href=\"https:\/\/cpstesters.com\/5-second-cps-test\/\"><span data-time=\"5\">5 Second Test<\/span><\/a>\r\n            <\/li><li>\r\n\t\t\t\t <a href=\"https:\/\/cpstesters.com\/10-second-cps-test\/\"><span data-time=\"10\">10 Second Test<\/span><\/a>\r\n            <\/li><li>\r\n             <a href=\"https:\/\/cpstesters.com\/15-second-click-test\/\"><span data-time=\"15\">15 Second Test<\/span><\/a>\r\n            <\/li><li>\r\n\t\t\t\t<li>\r\n             <a href=\"https:\/\/cpstesters.com\/30-second-cps-test\/\"><span data-time=\"30\">30 Second Test<\/span><\/a>\r\n            <\/li><li>\r\n\t\t\t\t<li>\r\n             <a href=\"https:\/\/cpstesters.com\/60-second-cps-test\/\"><span data-time=\"60\" class=\"active\">60 Second Test<\/span><\/a>\r\n            <\/li><li>\r\n\t\t\t\t<li>\r\n             <a href=\"https:\/\/cpstesters.com\/100-second-cps-test\/\"><span data-time=\"100\">100 Second Test<\/span><\/a>\r\n            <\/li><li>\r\n\t\t\t\t\r\n             <a href=\"https:\/\/cpstesters.com\/manual-click-test\/\"><span data-time=\"20\">Manual Click Test<\/span><\/a>\r\n            <\/li><\/ul>\r\n            <\/div>\r\n\t\t\r\n\t\t\r\n\t<\/div>\r\n\t<div class=\"col-md-8\">\r\n\t\t<section class=\"section section--full js-section-full section--click\">\r\n               <div class=\"container\">\r\n\t\t\t\t   \r\n\t\t\t\t         <div class=\"setting\">\r\n    <div class=\"theme-mode\"><a class=\"theme-mode__switch js-switch\" href=\"javascript:void(0);\"><\/a>\r\n        <div class=\"theme-mode__text\">Light \/ Dark mode<\/div>\r\n    <\/div>\r\n<\/div>\r\n\t\t\t\t   \r\n\t\t\t\t   \r\n                  <div class=\"statistics\">\r\n                     <div class=\"statistics__item statistics__item--timer\">\r\n                        <div class=\"statistics__number\">\r\n                           <span class=\"js-time number_timer\">60.00<\/span>\r\n                           <a class=\"statistics__arrow statistics__arrow--up js-time-up\" href=\"javascript:void(0);\">\r\n                              <svg class=\"icon icon-arrow-up \">\r\n                                 <use xlink:href=\"\/wp-content\/themes\/generatepress\/tools\/assets\/img\/spritesvg.svg#arrow-up\"><\/use>\r\n                              <\/svg>\r\n                           <\/a>\r\n                           <a class=\"statistics__arrow statistics__arrow--down js-time-down\" href=\"javascript:void(0);\">\r\n                              <svg class=\"icon icon-arrow-up \">\r\n                                 <use xlink:href=\"\/wp-content\/themes\/generatepress\/tools\/assets\/img\/spritesvg.svg#arrow-up\"><\/use>\r\n                              <\/svg>\r\n                           <\/a>\r\n                        <\/div>\r\n                        <div class=\"statistics__title\">Timer<\/div>\r\n                     <\/div>\r\n                     <div class=\"statistics__item statistics__item--clicks\">\r\n                        <div class=\"statistics__number number_clicks js-speed\">0.00<\/div>\r\n                        <div class=\"statistics__title\">Clicks \/ s<\/div>\r\n                     <\/div>\r\n                     <div class=\"statistics__item statistics__item--score\">\r\n                        <div class=\"statistics__number number_score js-score\">0<\/div>\r\n                        <div class=\"statistics__title\">Score<\/div>\r\n                     <\/div>\r\n                  <\/div>\r\n                  <div class=\"clicks-zone\">\r\n                     <div class=\"clicks-zone__start js-clicks-start\">\r\n                        <svg class=\"icon icon-click \">\r\n                           <use xlink:href=\"\/wp-content\/themes\/generatepress\/tools\/assets\/img\/spritesvg.svg#click\"><\/use>\r\n                        <\/svg>\r\n                        <div class=\"clicks-zone__start-title\">\u0421lick here to start cps test<\/div>\r\n                     <\/div>\r\n                     <div class=\"clicks-zone__clicks js-clicks\"><\/div>\r\n                     <div class=\"clicks-zone__result result-clicks js-clicks-result\">\r\n                        <div class=\"result-clicks__title rank-wrapper\"><\/div>\r\n                        <div class=\"result-clicks__text\">Your CPS result is <span class=\"speed js-stat-speed\"><\/span> (<span class=\"clicks js-stat-clicks\"><\/span> Clicks in <span class=\"time js-stat-time\"><\/span> Seconds)<\/div>\r\n                        <div class=\"result-clicks__img\"><img><\/div>\r\n                        <a class=\"result-clicks__btn js-try-again\" href=\"javascript:void(0);\">\r\n                           <svg class=\"icon icon-again \">\r\n                              <use xlink:href=\"\/wp-content\/themes\/generatepress\/tools\/assets\/img\/spritesvg.svg#again\"><\/use>\r\n                           <\/svg>\r\n                           Restart\r\n                        <\/a>\r\n                        <div class=\"result-clicks__share\">\r\n                           <div class=\"result-clicks__share-title\">Share your result with friends!<\/div>\r\n                           <div class=\"share-buttons\">\r\n                              <a class=\"share-button facebook\" data-href=\"https:\/\/www.facebook.com\/sharer\/sharer.php?u=https:\/\/cpstesters.com\/\" target=\"_blank\" onclick=\"goclicky(this); return false;\" rel=\"noopener\">Facebook<\/a>\r\n                              <a class=\"share-button twitter\" data-href=\"http:\/\/www.twitter.com\/share?url=https:\/\/cpstesters.com\/&text=[text]\" target=\"_blank\" onclick=\"goclicky(this); return false;\" rel=\"noopener\">Twitter<\/a>\r\n                              <a class=\"share-button whatsapp\" data-href=\"https:\/\/api.whatsapp.com\/send?text=[text]\" target=\"_blank\" onclick=\"goclicky(this); return false;\" rel=\"noopener\">WhatsApp<\/a>\r\n                              <a class=\"share-button reddit\" data-href=\"http:\/\/www.reddit.com\/submit?url=https:\/\/cpstesters.com\/&title=[text]\" target=\"_blank\" onclick=\"goclicky(this); return false;\" rel=\"noopener\">Reddit<\/a>\r\n                           <\/div>\r\n                        <\/div>\r\n                     <\/div>\r\n                  <\/div>\r\n                  <img decoding=\"async\" src=\"\/wp-content\/themes\/generatepress\/tools\/assets\/img\/test_result\/3\/1.png\" style=\"display: none\" alt=\"\" title=\"\">\r\n                  <img decoding=\"async\" src=\"\/wp-content\/themes\/generatepress\/tools\/assets\/img\/test_result\/5\/1.png\" style=\"display: none\" alt=\"\" title=\"\">\r\n                  <img decoding=\"async\" src=\"\/wp-content\/themes\/generatepress\/tools\/assets\/img\/test_result\/1\/1.png\" style=\"display: none\" alt=\"\" title=\"\">\r\n                  <img decoding=\"async\" src=\"\/wp-content\/themes\/generatepress\/tools\/assets\/img\/test_result\/2\/1.png\" style=\"display: none\" alt=\"\" title=\"\">\r\n                  <img decoding=\"async\" src=\"\/wp-content\/themes\/generatepress\/tools\/assets\/img\/test_result\/0\/1.png\" style=\"display: none\" alt=\"\" title=\"\">\r\n                  <img decoding=\"async\" src=\"\/wp-content\/themes\/generatepress\/tools\/assets\/img\/test_result\/6\/1.png\" style=\"display: none\" alt=\"\" title=\"\">\r\n                  <img decoding=\"async\" src=\"\/wp-content\/themes\/generatepress\/tools\/assets\/img\/test_result\/7\/1.png\" style=\"display: none\" alt=\"\" title=\"\">\r\n                  <img decoding=\"async\" src=\"\/wp-content\/themes\/generatepress\/tools\/assets\/img\/test_result\/4\/1.png\" style=\"display: none\" alt=\"\" title=\"\">\r\n                  <script>\r\n                     var test_result = {\"ratings\":{\"min\":0,\"max\":5},\"rating_ranks\":[\"Your Rank is Snail!\",\"Your Rank is Koala!\",\"Your Rank is Turtle!\",\"Your Rank is Panda!\",\"Your Rank is Hare!\",\"Your Rank is Kangaroo!\",\"Your Rank is Panther!\",\"Your Rank is Cheetah!\"],\"cps_scale\":[[0,1],[1,3],[3,5],[5,7],[7,9],[9,10],[10,12],[12,999]],\"files\":{\"3\":[\"\\\/wp-content\\\/themes\\\/generatepress\\\/tools\\\\assets\\\/img\\\/test_result\\\/3\\\/1.png\"],\"5\":[\"\\\/wp-content\\\/themes\\\/generatepress\\\/tools\\\\assets\\\/img\\\/test_result\\\/5\\\/1.png\"],\"1\":[\"\\\/wp-content\\\/themes\\\/generatepress\\\/tools\\\\assets\\\/img\\\/test_result\\\/1\\\/1.png\"],\"2\":[\"\\\/wp-content\\\/themes\\\/generatepress\\\/tools\\\\assets\\\/img\\\/test_result\\\/2\\\/1.png\"],\"0\":[\"\\\/wp-content\\\/themes\\\/generatepress\\\/tools\\\\assets\\\/img\\\/test_result\\\/0\\\/1.png\"],\"6\":[\"\\\/wp-content\\\/themes\\\/generatepress\\\/tools\\\\assets\\\/img\\\/test_result\\\/6\\\/1.png\"],\"7\":[\"\\\/wp-content\\\/themes\\\/generatepress\\\/tools\\\\assets\\\/img\\\/test_result\\\/7\\\/1.png\"],\"4\":[\"\\\/wp-content\\\/themes\\\/generatepress\\\/tools\\\\assets\\\/img\\\/test_result\\\/4\\\/1.png\"]}};\r\n                     var language = {\"code\":\"en\",\"name\":\"English\",\"prefix\":\"\"};\r\n                     var monitoringClickEvent = 'left';\r\n                     var shareTextDefault = 'My CPS result is {speed} ({clicks} Clicks in {time} Seconds)';\r\n                  <\/script>        \r\n               <\/div>\r\n            <\/section>\r\n\t\t\r\n\t<\/div>\r\n<\/div>\r\n\r\n    <script src=\"\/wp-content\/themes\/generatepress\/tools\/assets\/js\/libs.min.js\"><\/script>\r\n      <script src=\"\/wp-content\/themes\/generatepress\/tools\/assets\/js\/main.min.js?v64\"><\/script>\r\n\n\n\n\n<div style=\"height:5px\" aria-hidden=\"true\" class=\"wp-block-spacer\"><\/div>\n\n\n\n<p>Die F\u00e4higkeit, schnell und pr\u00e4zise zu klicken, ist zunehmend wichtiger geworden. Der 60-Sekunden-CPS-Test ist ein einfaches, aber effektives Online-Tool, mit dem die Klickgeschwindigkeit und -pr\u00e4zision einer Person innerhalb von 60 Sekunden gemessen werden kann. In diesem Artikel werden wir uns mit der Bedeutung dieses Tests, seiner Methodik und damit befassen, wie er ein wertvolles Tool zur Bewertung und Verbesserung der Klickf\u00e4higkeiten einer Person sein kann.<\/p>\n\n\n\n<p>Der 60-Sekunden&nbsp;<a href=\"https:\/\/cpstesters-com.translate.goog\/?_x_tr_sl=en&amp;_x_tr_tl=nl&amp;_x_tr_hl=en&amp;_x_tr_pto=wapp\" rel=\"noopener\">-CPS-Test<\/a>&nbsp;ist speziell daf\u00fcr konzipiert, die&nbsp;<a href=\"https:\/\/cpstesters-com.translate.goog\/tap-speed-test\/?_x_tr_sl=en&amp;_x_tr_tl=nl&amp;_x_tr_hl=en&amp;_x_tr_pto=wapp\" rel=\"noopener\">Klicks pro Sekunde<\/a>&nbsp;(CPS) einer Person zu ermitteln. CPS bezieht sich auf die Anzahl der Klicks, die eine Person innerhalb einer Sekunde machen kann. Dieser Test bietet eine Plattform, auf der Benutzer ihre Klickf\u00e4higkeiten unter Beweis stellen und ihre Ergebnisse mit denen anderer vergleichen k\u00f6nnen.<\/p>\n\n\n<div class=\"wp-block-image\">\n<figure class=\"aligncenter\"><img loading=\"lazy\" decoding=\"async\" width=\"1000\" height=\"500\" src=\"https:\/\/i0.wp.com\/cpstesters.com\/wp-content\/uploads\/2022\/08\/60-sec-CPs-TESt.jpg?resize=1000%2C500&amp;ssl=1\" alt=\"60 Sekunden CPS-Test\" class=\"wp-image-287\" title=\"\" srcset=\"https:\/\/cpstesters.com\/wp-content\/uploads\/2022\/08\/60-sec-CPs-TESt.jpg 1000w, https:\/\/cpstesters.com\/wp-content\/uploads\/2022\/08\/60-sec-CPs-TESt-300x150.jpg 300w, https:\/\/cpstesters.com\/wp-content\/uploads\/2022\/08\/60-sec-CPs-TESt-768x384.jpg 768w\" sizes=\"auto, (max-width: 1000px) 100vw, 1000px\" \/><figcaption class=\"wp-element-caption\">60 Sekunden CPS-Test<\/figcaption><\/figure>\n<\/div>\n\n\n<p><\/p>\n\n\n\n<p>Um den 60-Sekunden-CPS-Test durchzuf\u00fchren, k\u00f6nnen Benutzer auf die angegebene Website oder Plattform zugreifen, auf der der Test gehostet wird. Beim Starten des Tests wird den Benutzern ein Timer angezeigt, der von 60 Sekunden herunterz\u00e4hlt. W\u00e4hrend dieser Zeit m\u00fcssen die Teilnehmer so oft wie m\u00f6glich schnell auf einen angegebenen Zielbereich klicken. Sobald der Timer abgelaufen ist, berechnet der Test automatisch die CPS-Rate und gibt eine endg\u00fcltige Punktzahl an.<\/p>\n\n\n\n<h2 class=\"wp-block-heading\">Vorteile und Bedeutung:<\/h2>\n\n\n\n<ol class=\"wp-block-list\">\n<li>Klickgeschwindigkeit und -pr\u00e4zision: Mit dem 60-Sekunden-CPS-Test k\u00f6nnen Benutzer ihre Klickgeschwindigkeit und -pr\u00e4zision beurteilen und verbessern. Durch \u00dcben und das Streben nach h\u00f6heren CPS-Werten k\u00f6nnen Benutzer ihre F\u00e4higkeit verbessern, visuelle Reize schnell zu verarbeiten und mit schnellen und pr\u00e4zisen Klicks zu reagieren.<\/li>\n\n\n\n<li>Gaming-Leistung: Klickgeschwindigkeit und Pr\u00e4zision spielen in verschiedenen Gaming-Szenarien eine entscheidende Rolle. Der 60-Sekunden-CPS-Test kann als hervorragendes Trainingstool f\u00fcr Gamer dienen und ihnen helfen, ihre Reaktionszeit und Gesamtleistung zu verbessern, insbesondere bei schnellen Spielen, die schnelles Klicken erfordern.<\/li>\n\n\n\n<li>Produktivit\u00e4tssteigerung: In Berufen, die viel Computernutzung erfordern, wie etwa bei der Dateneingabe oder Designarbeit, kann der 60-Sekunden-CPS-Test die Produktivit\u00e4t erheblich steigern. Durch die \u00dcberwachung und Verbesserung der Klickgeschwindigkeit k\u00f6nnen Benutzer ihren Arbeitsablauf optimieren und den Zeitaufwand f\u00fcr sich wiederholende Aufgaben reduzieren.<\/li>\n\n\n\n<li>Hand-Auge-Koordination: Der 60-Sekunden-CPS-Test tr\u00e4gt zur Entwicklung der Hand-Auge-Koordination bei. Durch die Herausforderung und Verbesserung der Klickgeschwindigkeit k\u00f6nnen Benutzer ihre F\u00e4higkeit verbessern, Handbewegungen mit visuellen Hinweisen zu synchronisieren, was bei verschiedenen Aktivit\u00e4ten und Aufgaben, die eine pr\u00e4zise Kontrolle erfordern, von Vorteil sein kann.<\/li>\n<\/ol>\n\n\n\n<h2 class=\"wp-block-heading\">Tipps zur Verbesserung der CPS-Rate:<\/h2>\n\n\n\n<ol class=\"wp-block-list\">\n<li>Regelm\u00e4\u00dfiges \u00dcben: Wie jede F\u00e4higkeit k\u00f6nnen Klickgeschwindigkeit und -pr\u00e4zision durch konsequentes \u00dcben verbessert werden. Die regelm\u00e4\u00dfige Teilnahme am 60-Sekunden-CPS-Test kann Benutzern helfen, ihre Klickf\u00e4higkeiten zu verbessern und ihre CPS-Rate mit der Zeit zu erh\u00f6hen.<\/li>\n\n\n\n<li>Fokus und Konzentration: Es ist entscheidend, w\u00e4hrend des Tests Fokus und Konzentration aufrechtzuerhalten. Durch Minimieren von Ablenkungen und Bem\u00fchen, pr\u00e4zise auf den Zielbereich zu klicken, k\u00f6nnen unn\u00f6tige Fehler vermieden werden, die die CPS-Rate beeintr\u00e4chtigen k\u00f6nnen.<\/li>\n\n\n\n<li>Ergonomie: Achten Sie auf ergonomische Faktoren wie bequemes Sitzen, richtige Handhaltung und eine gut funktionierende Maus oder ein gut funktionierendes Trackpad. Eine ergonomische Einrichtung kann den Komfort erh\u00f6hen und eine optimale Klickleistung f\u00f6rdern.<\/li>\n<\/ol>\n\n\n\n<p>Der 60-Sekunden-CPS-Test ist ein wertvolles Mittel zur Beurteilung der Klickgeschwindigkeit und -pr\u00e4zision. Ob zur pers\u00f6nlichen Entwicklung, zur Verbesserung von Spielen oder zur Steigerung der Produktivit\u00e4t im beruflichen Umfeld \u2013 dieser Test bietet eine ansprechende Plattform, um sich selbst herauszufordern und die Klickf\u00e4higkeiten zu verbessern. Durch regelm\u00e4\u00dfiges \u00dcben und Konzentration auf die Verbesserung der CPS-Rate k\u00f6nnen Benutzer ihre Geschwindigkeit, Genauigkeit und Gesamtleistung verbessern. Warum also nicht eine Minute Zeit nehmen, um Ihre Klickf\u00e4higkeiten zu testen und sich auf eine Reise der Verbesserung zu begeben?<\/p>\n\n\n\n<h3 class=\"wp-block-heading\">Andere Klicktests<\/h3>\n\n\n\n<ul class=\"wp-block-list\">\n<li><a href=\"https:\/\/cpstesters-com.translate.goog\/?_x_tr_sl=en&amp;_x_tr_tl=nl&amp;_x_tr_hl=en&amp;_x_tr_pto=wapp\" target=\"_blank\" rel=\"noreferrer noopener\">CPS-Test<\/a>\u00a0(Kerntest)<\/li>\n\n\n\n<li><a href=\"https:\/\/cpstesters-com.translate.goog\/right-click-cps-test\/?_x_tr_sl=en&amp;_x_tr_tl=nl&amp;_x_tr_hl=en&amp;_x_tr_pto=wapp\" target=\"_blank\" rel=\"noreferrer noopener\">Klicken Sie mit der rechten Maustaste auf den CPS-Test<\/a><\/li>\n\n\n\n<li><a href=\"https:\/\/cpstesters-com.translate.goog\/jitter-click-test\/?_x_tr_sl=en&amp;_x_tr_tl=nl&amp;_x_tr_hl=en&amp;_x_tr_pto=wapp\" target=\"_blank\" rel=\"noreferrer noopener\">Jitter-Klick-Test<\/a><\/li>\n\n\n\n<li><a href=\"https:\/\/cpstesters-com.translate.goog\/kohi-click-test\/?_x_tr_sl=en&amp;_x_tr_tl=nl&amp;_x_tr_hl=en&amp;_x_tr_pto=wapp\" target=\"_blank\" rel=\"noreferrer noopener\">Kohi-Klick-Test<\/a><\/li>\n\n\n\n<li><a href=\"https:\/\/cpstesters-com.translate.goog\/manual-click-test\/?_x_tr_sl=en&amp;_x_tr_tl=nl&amp;_x_tr_hl=en&amp;_x_tr_pto=wapp\" target=\"_blank\" rel=\"noreferrer noopener\">Manueller Klicktest<\/a><\/li>\n<\/ul>\n","protected":false},"excerpt":{"rendered":"<p>60 Second CPS Test ist einer der besten Klick-Tests wegen der erh\u00f6hten Zeit, spielen und verbessern Sie Ihre Klick-Spiel in k\u00fcrzester Zeit! Die F\u00e4higkeit, schnell &#8230; <\/p>\n<p class=\"read-more-container\"><a title=\"60 Sekunden CPS-Test | \u00dcberpr\u00fcfen Sie Ihre Klickgeschwindigkeit\" class=\"read-more button\" href=\"https:\/\/cpstesters.com\/de\/60-second-cps-test\/#more-2106\" aria-label=\"Mehr Informationen \u00fcber 60 Sekunden CPS-Test | \u00dcberpr\u00fcfen Sie Ihre Klickgeschwindigkeit\">Read More<\/a><\/p>\n","protected":false},"author":4,"featured_media":0,"parent":0,"menu_order":0,"comment_status":"closed","ping_status":"closed","template":"","meta":{"footnotes":""},"class_list":["post-2106","page","type-page","status-publish"],"_links":{"self":[{"href":"https:\/\/cpstesters.com\/de\/wp-json\/wp\/v2\/pages\/2106","targetHints":{"allow":["GET"]}}],"collection":[{"href":"https:\/\/cpstesters.com\/de\/wp-json\/wp\/v2\/pages"}],"about":[{"href":"https:\/\/cpstesters.com\/de\/wp-json\/wp\/v2\/types\/page"}],"author":[{"embeddable":true,"href":"https:\/\/cpstesters.com\/de\/wp-json\/wp\/v2\/users\/4"}],"replies":[{"embeddable":true,"href":"https:\/\/cpstesters.com\/de\/wp-json\/wp\/v2\/comments?post=2106"}],"version-history":[{"count":6,"href":"https:\/\/cpstesters.com\/de\/wp-json\/wp\/v2\/pages\/2106\/revisions"}],"predecessor-version":[{"id":5988,"href":"https:\/\/cpstesters.com\/de\/wp-json\/wp\/v2\/pages\/2106\/revisions\/5988"}],"wp:attachment":[{"href":"https:\/\/cpstesters.com\/de\/wp-json\/wp\/v2\/media?parent=2106"}],"curies":[{"name":"wp","href":"https:\/\/api.w.org\/{rel}","templated":true}]}}