{"id":2100,"date":"2024-07-16T14:45:41","date_gmt":"2024-07-16T14:45:41","guid":{"rendered":"https:\/\/cpstesters.com\/ueber-uns\/"},"modified":"2024-09-17T09:37:37","modified_gmt":"2024-09-17T09:37:37","slug":"ueber-uns","status":"publish","type":"page","link":"https:\/\/cpstesters.com\/de\/ueber-uns\/","title":{"rendered":"\u00dcber uns"},"content":{"rendered":"\n<p>Die Website CPStesters.com hat es sich zur Aufgabe gemacht, Ihnen zu helfen, Ihre allgemeine Klickgeschwindigkeit zu erh\u00f6hen. Verschiedene Klick-Tests haben es m\u00f6glich gemacht, Ihre Klickgeschwindigkeit zu messen. Wir stellen Ihnen verschiedene Tools zur Verf\u00fcgung, mit denen Sie Ihre Leistung im Auge behalten k\u00f6nnen. Wir helfen den Nutzern bei ihrer Klickgeschwindigkeit und bieten n\u00fctzliche Hinweise zur Verbesserung der Funktionalit\u00e4t bei der Verwendung einer Maus oder anderer Ger\u00e4te.<\/p>\n\n<p>Wir konzentrieren uns mehr auf die Spieler als auf die Spiele und k\u00f6nnen so unabh\u00e4ngig von dem von Ihnen gew\u00e4hlten Spiel wichtige Informationen anbieten. Wir m\u00f6chten Ihnen die Werkzeuge an die Hand geben, die Sie ben\u00f6tigen, um Ihre Fortschritte in verschiedenen Spielen im Laufe der Zeit zu verfolgen und zu besseren Einsch\u00e4tzungen dar\u00fcber zu gelangen, wie Sie Ihre Klickrate erh\u00f6hen k\u00f6nnen.<\/p>\n\n<p>Wir bieten eine unterhaltsame und einfach zu bedienende Benutzeroberfl\u00e4che. Dar\u00fcber hinaus bietet unsere Website einen verbesserten Klick-Test, der eine zeitgem\u00e4\u00dfe Benutzeroberfl\u00e4che und Benutzererfahrung (UI\/UX) und die M\u00f6glichkeit bietet, die Ergebnisse in einem informativeren Klick-Geschwindigkeitsspiel zu betrachten. Wir haben eine brandneue \u00c4sthetik geschaffen, die sowohl zeitgem\u00e4\u00df als auch ansprechend f\u00fcr die Benutzer ist.<\/p>\n\n<p>Wir denken st\u00e4ndig \u00fcber neue Konzepte nach, die unseren Spielern helfen werden. Wenn Sie auf der Suche nach einer kreativen L\u00f6sung sind, lassen Sie es uns wissen! Haben Sie keine Angst, Ihre Ideen zu \u00e4u\u00dfern. Wir werden ihr den Respekt und die Wertsch\u00e4tzung entgegenbringen, die sie verdient.<\/p>\n\n<p>Wir hoffen, dass unser CPS-Tester auch f\u00fcr Sie von Nutzen sein wird. Schauen Sie immer wieder vorbei, denn wir haben vor, dieses fantastische Gaming-Tool um weitere Iterationen und Konfigurationen zu erweitern.<\/p>\n\n<p>Wir hoffen, Sie h\u00e4ufig hier zu sehen, damit Sie CPSTesters.com nutzen k\u00f6nnen. Schlie\u00dfen Sie das Quiz ab, haben Sie Spa\u00df und beschleunigen Sie Ihr Klicken.<\/p>\n\n<p>Sie k\u00f6nnen auch die Seiten zum <a href=\"https:\/\/cpstesters.com\/de\/datenschutzbestimmungen\/\" target=\"_blank\" rel=\"noreferrer noopener\">Datenschutz<\/a> und zu den Allgemeinen <a href=\"https:\/\/cpstesters.com\/de\/bedingungen-und-konditionen\/\" target=\"_blank\" rel=\"noreferrer noopener\">Gesch\u00e4ftsbedingungen<\/a> besuchen, um mehr \u00fcber unsere Richtlinien zu erfahren. Sollten Sie dar\u00fcber hinaus Fragen haben, z\u00f6gern Sie nicht, <a href=\"https:\/\/cpstesters.com\/de\/kontakt\/\" target=\"_blank\" rel=\"noreferrer noopener\">uns zu kontaktieren<\/a>.<\/p>\n","protected":false},"excerpt":{"rendered":"<p>Die Website CPStesters.com hat es sich zur Aufgabe gemacht, Ihnen zu helfen, Ihre allgemeine Klickgeschwindigkeit zu erh\u00f6hen. Verschiedene Klick-Tests haben es m\u00f6glich gemacht, Ihre Klickgeschwindigkeit &#8230; <\/p>\n<p class=\"read-more-container\"><a title=\"\u00dcber uns\" class=\"read-more button\" href=\"https:\/\/cpstesters.com\/de\/ueber-uns\/#more-2100\" aria-label=\"Mehr Informationen \u00fcber \u00dcber uns\">Read More<\/a><\/p>\n","protected":false},"author":4,"featured_media":0,"parent":0,"menu_order":0,"comment_status":"closed","ping_status":"closed","template":"","meta":{"footnotes":""},"class_list":["post-2100","page","type-page","status-publish"],"_links":{"self":[{"href":"https:\/\/cpstesters.com\/de\/wp-json\/wp\/v2\/pages\/2100","targetHints":{"allow":["GET"]}}],"collection":[{"href":"https:\/\/cpstesters.com\/de\/wp-json\/wp\/v2\/pages"}],"about":[{"href":"https:\/\/cpstesters.com\/de\/wp-json\/wp\/v2\/types\/page"}],"author":[{"embeddable":true,"href":"https:\/\/cpstesters.com\/de\/wp-json\/wp\/v2\/users\/4"}],"replies":[{"embeddable":true,"href":"https:\/\/cpstesters.com\/de\/wp-json\/wp\/v2\/comments?post=2100"}],"version-history":[{"count":3,"href":"https:\/\/cpstesters.com\/de\/wp-json\/wp\/v2\/pages\/2100\/revisions"}],"predecessor-version":[{"id":3696,"href":"https:\/\/cpstesters.com\/de\/wp-json\/wp\/v2\/pages\/2100\/revisions\/3696"}],"wp:attachment":[{"href":"https:\/\/cpstesters.com\/de\/wp-json\/wp\/v2\/media?parent=2100"}],"curies":[{"name":"wp","href":"https:\/\/api.w.org\/{rel}","templated":true}]}}