{"id":2095,"date":"2024-07-16T13:59:13","date_gmt":"2024-07-16T13:59:13","guid":{"rendered":"https:\/\/cpstesters.com\/100-sekunden-cps-test-klickgeschwindigkeit-pruefen\/"},"modified":"2024-09-17T06:50:43","modified_gmt":"2024-09-17T06:50:43","slug":"100-second-cps-test","status":"publish","type":"page","link":"https:\/\/cpstesters.com\/de\/100-second-cps-test\/","title":{"rendered":"100 Sekunden CPS-Test | Klickgeschwindigkeit pr\u00fcfen"},"content":{"rendered":"\n<p>Der 100-Sekunden-CPS-Test ist der beste. Pr\u00fcfen Sie, wie schnell Sie mit Ihrer Ausdauer und Geduld in 100 Sekunden klicken k\u00f6nnen!<\/p>\n\n\n <div class=\"row\">\r\n\t<div class=\"col-md-4\">\r\n\r\n\t\t\r\n\t\t\r\n\t\t<div class=\"side_nav\">\r\n            \r\n            \r\n            <ul class=\"time\">\r\n            <li>\r\n             <a href=\"https:\/\/cpstesters.com\/1-second-cps-test\/\"> <span data-time=\"1\">1 Second Test<\/span><\/a>\r\n            <\/li><li>\r\n             <a href=\"https:\/\/cpstesters.com\/2-second-cps-test\/\"><span data-time=\"2\">2 Second Test<\/span><\/a>\r\n            <\/li><li>\r\n           <a href=\"https:\/\/cpstesters.com\/5-second-cps-test\/\"><span data-time=\"5\">5 Second Test<\/span><\/a>\r\n            <\/li><li>\r\n\t\t\t\t <a href=\"https:\/\/cpstesters.com\/10-second-cps-test\/\"><span data-time=\"10\">10 Second Test<\/span><\/a>\r\n            <\/li><li>\r\n             <a href=\"https:\/\/cpstesters.com\/15-second-click-test\/\"><span data-time=\"15\">15 Second Test<\/span><\/a>\r\n            <\/li><li>\r\n\t\t\t\t<li>\r\n             <a href=\"https:\/\/cpstesters.com\/30-second-cps-test\/\"><span data-time=\"30\">30 Second Test<\/span><\/a>\r\n            <\/li><li>\r\n\t\t\t\t<li>\r\n             <a href=\"https:\/\/cpstesters.com\/60-second-cps-test\/\"><span data-time=\"60\">60 Second Test<\/span><\/a>\r\n            <\/li><li>\r\n\t\t\t\t<li>\r\n             <a href=\"https:\/\/cpstesters.com\/100-second-cps-test\/\"><span data-time=\"100\" class=\"active\">100 Second Test<\/span><\/a>\r\n            <\/li><li>\r\n\t\t\t\t\r\n             <a href=\"https:\/\/cpstesters.com\/manual-click-test\/\"><span data-time=\"20\">Manual Click Test<\/span><\/a>\r\n            <\/li><\/ul>\r\n            <\/div>\r\n\t\t\r\n\t\t\r\n\t<\/div>\r\n\t<div class=\"col-md-8\">\r\n\t\t<section class=\"section section--full js-section-full section--click\">\r\n               <div class=\"container\">\r\n\t\t\t\t   \r\n\t\t\t\t         <div class=\"setting\">\r\n    <div class=\"theme-mode\"><a class=\"theme-mode__switch js-switch\" href=\"javascript:void(0);\"><\/a>\r\n        <div class=\"theme-mode__text\">Light \/ Dark mode<\/div>\r\n    <\/div>\r\n<\/div>\r\n\t\t\t\t   \r\n\t\t\t\t   \r\n                  <div class=\"statistics\">\r\n                     <div class=\"statistics__item statistics__item--timer\">\r\n                        <div class=\"statistics__number\">\r\n                           <span class=\"js-time number_timer\">100.00<\/span>\r\n                           <a class=\"statistics__arrow statistics__arrow--up js-time-up\" href=\"javascript:void(0);\">\r\n                              <svg class=\"icon icon-arrow-up \">\r\n                                 <use xlink:href=\"\/wp-content\/themes\/generatepress\/tools\/assets\/img\/spritesvg.svg#arrow-up\"><\/use>\r\n                              <\/svg>\r\n                           <\/a>\r\n                           <a class=\"statistics__arrow statistics__arrow--down js-time-down\" href=\"javascript:void(0);\">\r\n                              <svg class=\"icon icon-arrow-up \">\r\n                                 <use xlink:href=\"\/wp-content\/themes\/generatepress\/tools\/assets\/img\/spritesvg.svg#arrow-up\"><\/use>\r\n                              <\/svg>\r\n                           <\/a>\r\n                        <\/div>\r\n                        <div class=\"statistics__title\">Timer<\/div>\r\n                     <\/div>\r\n                     <div class=\"statistics__item statistics__item--clicks\">\r\n                        <div class=\"statistics__number number_clicks js-speed\">0.00<\/div>\r\n                        <div class=\"statistics__title\">Clicks \/ s<\/div>\r\n                     <\/div>\r\n                     <div class=\"statistics__item statistics__item--score\">\r\n                        <div class=\"statistics__number number_score js-score\">0<\/div>\r\n                        <div class=\"statistics__title\">Score<\/div>\r\n                     <\/div>\r\n                  <\/div>\r\n                  <div class=\"clicks-zone\">\r\n                     <div class=\"clicks-zone__start js-clicks-start\">\r\n                        <svg class=\"icon icon-click \">\r\n                           <use xlink:href=\"\/wp-content\/themes\/generatepress\/tools\/assets\/img\/spritesvg.svg#click\"><\/use>\r\n                        <\/svg>\r\n                        <div class=\"clicks-zone__start-title\">\u0421lick here to start cps test<\/div>\r\n                     <\/div>\r\n                     <div class=\"clicks-zone__clicks js-clicks\"><\/div>\r\n                     <div class=\"clicks-zone__result result-clicks js-clicks-result\">\r\n                        <div class=\"result-clicks__title rank-wrapper\"><\/div>\r\n                        <div class=\"result-clicks__text\">Your CPS result is <span class=\"speed js-stat-speed\"><\/span> (<span class=\"clicks js-stat-clicks\"><\/span> Clicks in <span class=\"time js-stat-time\"><\/span> Seconds)<\/div>\r\n                        <div class=\"result-clicks__img\"><img><\/div>\r\n                        <a class=\"result-clicks__btn js-try-again\" href=\"javascript:void(0);\">\r\n                           <svg class=\"icon icon-again \">\r\n                              <use xlink:href=\"\/wp-content\/themes\/generatepress\/tools\/assets\/img\/spritesvg.svg#again\"><\/use>\r\n                           <\/svg>\r\n                           Restart\r\n                        <\/a>\r\n                        <div class=\"result-clicks__share\">\r\n                           <div class=\"result-clicks__share-title\">Share your result with friends!<\/div>\r\n                           <div class=\"share-buttons\">\r\n                              <a class=\"share-button facebook\" data-href=\"https:\/\/www.facebook.com\/sharer\/sharer.php?u=https:\/\/cpstesters.com\/\" target=\"_blank\" onclick=\"goclicky(this); return false;\" rel=\"noopener\">Facebook<\/a>\r\n                              <a class=\"share-button twitter\" data-href=\"http:\/\/www.twitter.com\/share?url=https:\/\/cpstesters.com\/&text=[text]\" target=\"_blank\" onclick=\"goclicky(this); return false;\" rel=\"noopener\">Twitter<\/a>\r\n                              <a class=\"share-button whatsapp\" data-href=\"https:\/\/api.whatsapp.com\/send?text=[text]\" target=\"_blank\" onclick=\"goclicky(this); return false;\" rel=\"noopener\">WhatsApp<\/a>\r\n                              <a class=\"share-button reddit\" data-href=\"http:\/\/www.reddit.com\/submit?url=https:\/\/cpstesters.com\/&title=[text]\" target=\"_blank\" onclick=\"goclicky(this); return false;\" rel=\"noopener\">Reddit<\/a>\r\n                           <\/div>\r\n                        <\/div>\r\n                     <\/div>\r\n                  <\/div>\r\n                  <img decoding=\"async\" src=\"\/wp-content\/themes\/generatepress\/tools\/assets\/img\/test_result\/3\/1.png\" style=\"display: none\" alt=\"\" title=\"\">\r\n                  <img decoding=\"async\" src=\"\/wp-content\/themes\/generatepress\/tools\/assets\/img\/test_result\/5\/1.png\" style=\"display: none\" alt=\"\" title=\"\">\r\n                  <img decoding=\"async\" src=\"\/wp-content\/themes\/generatepress\/tools\/assets\/img\/test_result\/1\/1.png\" style=\"display: none\" alt=\"\" title=\"\">\r\n                  <img decoding=\"async\" src=\"\/wp-content\/themes\/generatepress\/tools\/assets\/img\/test_result\/2\/1.png\" style=\"display: none\" alt=\"\" title=\"\">\r\n                  <img decoding=\"async\" src=\"\/wp-content\/themes\/generatepress\/tools\/assets\/img\/test_result\/0\/1.png\" style=\"display: none\" alt=\"\" title=\"\">\r\n                  <img decoding=\"async\" src=\"\/wp-content\/themes\/generatepress\/tools\/assets\/img\/test_result\/6\/1.png\" style=\"display: none\" alt=\"\" title=\"\">\r\n                  <img decoding=\"async\" src=\"\/wp-content\/themes\/generatepress\/tools\/assets\/img\/test_result\/7\/1.png\" style=\"display: none\" alt=\"\" title=\"\">\r\n                  <img decoding=\"async\" src=\"\/wp-content\/themes\/generatepress\/tools\/assets\/img\/test_result\/4\/1.png\" style=\"display: none\" alt=\"\" title=\"\">\r\n                  <script>\r\n                     var test_result = {\"ratings\":{\"min\":0,\"max\":5},\"rating_ranks\":[\"Your Rank is Snail!\",\"Your Rank is Koala!\",\"Your Rank is Turtle!\",\"Your Rank is Panda!\",\"Your Rank is Hare!\",\"Your Rank is Kangaroo!\",\"Your Rank is Panther!\",\"Your Rank is Cheetah!\"],\"cps_scale\":[[0,1],[1,3],[3,5],[5,7],[7,9],[9,10],[10,12],[12,999]],\"files\":{\"3\":[\"\\\/wp-content\\\/themes\\\/generatepress\\\/tools\\\\assets\\\/img\\\/test_result\\\/3\\\/1.png\"],\"5\":[\"\\\/wp-content\\\/themes\\\/generatepress\\\/tools\\\\assets\\\/img\\\/test_result\\\/5\\\/1.png\"],\"1\":[\"\\\/wp-content\\\/themes\\\/generatepress\\\/tools\\\\assets\\\/img\\\/test_result\\\/1\\\/1.png\"],\"2\":[\"\\\/wp-content\\\/themes\\\/generatepress\\\/tools\\\\assets\\\/img\\\/test_result\\\/2\\\/1.png\"],\"0\":[\"\\\/wp-content\\\/themes\\\/generatepress\\\/tools\\\\assets\\\/img\\\/test_result\\\/0\\\/1.png\"],\"6\":[\"\\\/wp-content\\\/themes\\\/generatepress\\\/tools\\\\assets\\\/img\\\/test_result\\\/6\\\/1.png\"],\"7\":[\"\\\/wp-content\\\/themes\\\/generatepress\\\/tools\\\\assets\\\/img\\\/test_result\\\/7\\\/1.png\"],\"4\":[\"\\\/wp-content\\\/themes\\\/generatepress\\\/tools\\\\assets\\\/img\\\/test_result\\\/4\\\/1.png\"]}};\r\n                     var language = {\"code\":\"en\",\"name\":\"English\",\"prefix\":\"\"};\r\n                     var monitoringClickEvent = 'left';\r\n                     var shareTextDefault = 'My CPS result is {speed} ({clicks} Clicks in {time} Seconds)';\r\n                  <\/script>        \r\n               <\/div>\r\n            <\/section>\r\n\t\t\r\n\t<\/div>\r\n<\/div>\r\n\r\n    <script src=\"\/wp-content\/themes\/generatepress\/tools\/assets\/js\/libs.min.js\"><\/script>\r\n      <script src=\"\/wp-content\/themes\/generatepress\/tools\/assets\/js\/main.min.js?v64\"><\/script>\r\n\n\n\n\n<div style=\"height:5px\" aria-hidden=\"true\" class=\"wp-block-spacer\"><\/div>\n\n\n\n<p>Im digitalen Zeitalter, in dem Effizienz und Geschwindigkeit von gr\u00f6\u00dfter Bedeutung sind, ist die F\u00e4higkeit, schnell und pr\u00e4zise zu klicken, immer wichtiger geworden. Der 100-Sekunden-CPS-Test ist ein einfaches, aber effektives Online-Tool, das die Klickgeschwindigkeit und -genauigkeit innerhalb von 100 Sekunden misst. In diesem Artikel untersuchen wir die Bedeutung dieses Tests, seine Methodik und wie er eine unterhaltsame M\u00f6glichkeit sein kann, die eigenen Klickf\u00e4higkeiten herauszufordern und zu verbessern.<\/p>\n\n\n\n<p><\/p>\n\n\n<div class=\"wp-block-image\">\n<figure class=\"aligncenter size-full\"><img loading=\"lazy\" decoding=\"async\" width=\"1000\" height=\"500\" src=\"https:\/\/cpstesters.com\/wp-content\/uploads\/2022\/08\/100-sec-CPs-TESt.jpg\" alt=\"100-Sekunden-CPS-Test\" class=\"wp-image-290\" title=\"\" srcset=\"https:\/\/cpstesters.com\/wp-content\/uploads\/2022\/08\/100-sec-CPs-TESt.jpg 1000w, https:\/\/cpstesters.com\/wp-content\/uploads\/2022\/08\/100-sec-CPs-TESt-300x150.jpg 300w, https:\/\/cpstesters.com\/wp-content\/uploads\/2022\/08\/100-sec-CPs-TESt-768x384.jpg 768w\" sizes=\"auto, (max-width: 1000px) 100vw, 1000px\" \/><\/figure>\n<\/div>\n\n\n<h3 class=\"wp-block-heading\">Den 100-Sekunden-CPS-Test verstehen:<\/h3>\n\n\n\n<p>Der 100-Sekunden&nbsp;<a href=\"https:\/\/cpstesters-com.translate.goog\/?_x_tr_sl=en&amp;_x_tr_tl=nl&amp;_x_tr_hl=en&amp;_x_tr_pto=wapp\" rel=\"noopener\">-CPS-Test<\/a>&nbsp;dient dazu,&nbsp;<a href=\"https:\/\/cpstesters-com.translate.goog\/tap-speed-test\/?_x_tr_sl=en&amp;_x_tr_tl=nl&amp;_x_tr_hl=en&amp;_x_tr_pto=wapp\" rel=\"noopener\">die Klicks pro Sekunde<\/a>&nbsp;(CPS) einer Person zu ermitteln. CPS bezieht sich auf die Anzahl der Klicks, die eine Person innerhalb einer Sekunde machen kann. Der Test bietet eine ansprechende Plattform, auf der Benutzer ihre Klickf\u00e4higkeiten unter Beweis stellen und ihre Ergebnisse mit denen anderer vergleichen k\u00f6nnen.<\/p>\n\n\n\n<h3 class=\"wp-block-heading\">Methodik:<\/h3>\n\n\n\n<p>Um den 100-Sekunden-CPS-Test durchzuf\u00fchren, muss man lediglich die angegebene Website oder Plattform besuchen, auf der der Test gehostet wird. Dem Benutzer wird ein Timer angezeigt, der von 100 Sekunden herunterz\u00e4hlt. W\u00e4hrend dieser Zeit muss der Benutzer so oft wie m\u00f6glich schnell auf den angegebenen Zielbereich klicken. Sobald der Timer abgelaufen ist, berechnet der Test automatisch die CPS-Rate und zeigt das Endergebnis an.<\/p>\n\n\n\n<h3 class=\"wp-block-heading\">Vorteile und Bedeutung:<\/h3>\n\n\n\n<ol class=\"wp-block-list\">\n<li>Reflexe und Hand-Auge-Koordination: Der 100-Sekunden-CPS-Test hilft bei der Verbesserung der Reflexe und der Hand-Auge-Koordination. Durch \u00dcben und den Versuch, h\u00f6here CPS-Werte zu erreichen, k\u00f6nnen Personen ihre F\u00e4higkeit verbessern, visuelle Reize zu verarbeiten und schnell zu reagieren.<\/li>\n\n\n\n<li>Gaming und E-Sport: Klickgeschwindigkeit und -genauigkeit sind in verschiedenen Gaming-Szenarien entscheidend, insbesondere im kompetitiven E-Sport. Der 100-Sekunden-CPS-Test kann als Trainingstool f\u00fcr Gamer dienen, um ihre Reaktionszeit zu verbessern und sich einen Wettbewerbsvorteil zu verschaffen.<\/li>\n\n\n\n<li>Berufliche Produktivit\u00e4t: In Berufen, die viel Computernutzung erfordern, wie etwa Dateneingabe oder Grafikdesign, kann eine h\u00f6here CPS-Rate die Produktivit\u00e4t deutlich steigern. Der Test kann als Selbsteinsch\u00e4tzungsinstrument verwendet werden, um die Klickgeschwindigkeit zu \u00fcberwachen und zu verbessern, was zu einer h\u00f6heren Effizienz bei der Arbeit f\u00fchrt.<\/li>\n\n\n\n<li>Freundlicher Wettbewerb: Der 100-Sekunden-CPS-Test bietet die M\u00f6glichkeit f\u00fcr einen freundlichen Wettbewerb unter Freunden, Kollegen oder in Online-Communitys. Benutzer k\u00f6nnen ihre Ergebnisse vergleichen, sich gegenseitig herausfordern und versuchen, h\u00f6here CPS-Werte zu erreichen, was dem Erlebnis ein unterhaltsames und wettbewerbsorientiertes Element verleiht.<\/li>\n<\/ol>\n\n\n\n<h3 class=\"wp-block-heading\">Tipps zur Verbesserung der CPS-Rate:<\/h3>\n\n\n\n<ol class=\"wp-block-list\">\n<li>\u00dcben Sie regelm\u00e4\u00dfig: Wie jede andere F\u00e4higkeit k\u00f6nnen Klickgeschwindigkeit und -genauigkeit durch regelm\u00e4\u00dfiges \u00dcben verbessert werden. Je h\u00e4ufiger Sie den 100-Sekunden-CPS-Test machen, desto besser k\u00f6nnen Sie schnell und pr\u00e4zise klicken.<\/li>\n\n\n\n<li>Fokus und Konzentration: Behalten Sie w\u00e4hrend des Tests Fokus und Konzentration bei. Minimieren Sie Ablenkungen und versuchen Sie, pr\u00e4zise auf den Zielbereich zu klicken, um unn\u00f6tige Fehler zu vermeiden.<\/li>\n\n\n\n<li>Entspannungstechniken: Setzen Sie Entspannungstechniken wie tiefes Atmen und einen lockeren Griff um die Maus oder das Trackpad ein. Anspannung und Stress k\u00f6nnen die Leistung beeintr\u00e4chtigen, daher ist es wichtig, ruhig und gelassen zu bleiben.<\/li>\n<\/ol>\n\n\n\n<p>Der 100-Sekunden-CPS-Test bietet eine einfache, aber effektive M\u00f6glichkeit, Klickgeschwindigkeit und -genauigkeit zu messen. Er ist ein wertvolles Hilfsmittel f\u00fcr Personen, die ihre Reflexe, Hand-Augen-Koordination und Produktivit\u00e4t verbessern m\u00f6chten. Ob f\u00fcr Spiele, berufliche Zwecke oder freundschaftliche Wettk\u00e4mpfe \u2013 dieser Test bietet eine spannende Plattform, um sich selbst herauszufordern und die Klickf\u00e4higkeiten zu verbessern. Probieren Sie ihn doch einfach aus und sehen Sie, wie schnell und genau Sie klicken k\u00f6nnen.<\/p>\n\n\n\n<h3 class=\"wp-block-heading\">Unsere beliebtesten Tests<\/h3>\n\n\n\n<ul class=\"wp-block-list\">\n<li><a href=\"https:\/\/cpstesters-com.translate.goog\/?_x_tr_sl=en&amp;_x_tr_tl=nl&amp;_x_tr_hl=en&amp;_x_tr_pto=wapp\" rel=\"noopener\">CPS-Test<\/a><\/li>\n\n\n\n<li><a href=\"https:\/\/cpstesters-com.translate.goog\/jitter-click-test\/?_x_tr_sl=en&amp;_x_tr_tl=nl&amp;_x_tr_hl=en&amp;_x_tr_pto=wapp\" rel=\"noopener\">Jitter-Klick-Test<\/a><\/li>\n\n\n\n<li><a href=\"https:\/\/cpstesters-com.translate.goog\/kohi-click-test\/?_x_tr_sl=en&amp;_x_tr_tl=nl&amp;_x_tr_hl=en&amp;_x_tr_pto=wapp\" rel=\"noopener\">Kohi-Klick-Test<\/a><\/li>\n\n\n\n<li><a href=\"https:\/\/cpstesters-com.translate.goog\/butterfly-click-test\/?_x_tr_sl=en&amp;_x_tr_tl=nl&amp;_x_tr_hl=en&amp;_x_tr_pto=wapp\" target=\"_blank\" rel=\"noreferrer noopener\">Butterfly-Klick-Test<\/a><\/li>\n<\/ul>\n","protected":false},"excerpt":{"rendered":"<p>Der 100-Sekunden-CPS-Test ist der beste. Pr\u00fcfen Sie, wie schnell Sie mit Ihrer Ausdauer und Geduld in 100 Sekunden klicken k\u00f6nnen! Im digitalen Zeitalter, in dem &#8230; <\/p>\n<p class=\"read-more-container\"><a title=\"100 Sekunden CPS-Test | Klickgeschwindigkeit pr\u00fcfen\" class=\"read-more button\" href=\"https:\/\/cpstesters.com\/de\/100-second-cps-test\/#more-2095\" aria-label=\"Mehr Informationen \u00fcber 100 Sekunden CPS-Test | Klickgeschwindigkeit pr\u00fcfen\">Read More<\/a><\/p>\n","protected":false},"author":4,"featured_media":0,"parent":0,"menu_order":0,"comment_status":"closed","ping_status":"closed","template":"","meta":{"footnotes":""},"class_list":["post-2095","page","type-page","status-publish"],"_links":{"self":[{"href":"https:\/\/cpstesters.com\/de\/wp-json\/wp\/v2\/pages\/2095","targetHints":{"allow":["GET"]}}],"collection":[{"href":"https:\/\/cpstesters.com\/de\/wp-json\/wp\/v2\/pages"}],"about":[{"href":"https:\/\/cpstesters.com\/de\/wp-json\/wp\/v2\/types\/page"}],"author":[{"embeddable":true,"href":"https:\/\/cpstesters.com\/de\/wp-json\/wp\/v2\/users\/4"}],"replies":[{"embeddable":true,"href":"https:\/\/cpstesters.com\/de\/wp-json\/wp\/v2\/comments?post=2095"}],"version-history":[{"count":7,"href":"https:\/\/cpstesters.com\/de\/wp-json\/wp\/v2\/pages\/2095\/revisions"}],"predecessor-version":[{"id":5978,"href":"https:\/\/cpstesters.com\/de\/wp-json\/wp\/v2\/pages\/2095\/revisions\/5978"}],"wp:attachment":[{"href":"https:\/\/cpstesters.com\/de\/wp-json\/wp\/v2\/media?parent=2095"}],"curies":[{"name":"wp","href":"https:\/\/api.w.org\/{rel}","templated":true}]}}