{"id":1949,"date":"2024-07-16T14:24:55","date_gmt":"2024-07-16T14:24:55","guid":{"rendered":"https:\/\/cpstesters.com\/15-sekunden-klick-test-ueberpruefen-sie-ihre-cps-geschwindigkeit\/"},"modified":"2024-09-17T07:03:34","modified_gmt":"2024-09-17T07:03:34","slug":"15-second-click-test","status":"publish","type":"page","link":"https:\/\/cpstesters.com\/de\/15-second-click-test\/","title":{"rendered":"15-Sekunden-Klick-Test | \u00dcberpr\u00fcfen Sie Ihre CPS-Geschwindigkeit"},"content":{"rendered":"\n<p>Der 15-Sekunden-Klick-Test ist ein erstaunliches Geschwindigkeitstest-Spiel, das Ihnen helfen wird, Ihre Klickgeschwindigkeit in 15 Sekunden zu bestimmen.<\/p>\n\n\n<div class=\"row\">\r\n\t<div class=\"col-md-4\">\r\n\r\n\t\t\r\n\t\t\r\n\t\t<div class=\"side_nav\">\r\n            \r\n            \r\n             <ul class=\"time\">\r\n            <li>\r\n             <a href=\"https:\/\/cpstesters.com\/1-second-cps-test\/\"> <span data-time=\"1\">1 Second Test<\/span><\/a>\r\n            <\/li><li>\r\n             <a href=\"https:\/\/cpstesters.com\/2-second-cps-test\/\"><span data-time=\"2\">2 Second Test<\/span><\/a>\r\n            <\/li><li>\r\n           <a href=\"https:\/\/cpstesters.com\/5-second-cps-test\/\"><span data-time=\"5\">5 Second Test<\/span><\/a>\r\n            <\/li><li>\r\n\t\t\t\t <a href=\"https:\/\/cpstesters.com\/10-second-cps-test\/\"><span data-time=\"10\">10 Second Test<\/span><\/a>\r\n            <\/li><li>\r\n             <a href=\"https:\/\/cpstesters.com\/15-second-click-test\/\"><span data-time=\"15\" class=\"active\">15 Second Test<\/span><\/a>\r\n            <\/li>\r\n\t\t\t\t <li>\r\n             <a href=\"https:\/\/cpstesters.com\/30-second-cps-test\/\"><span data-time=\"30\">30 Second Test<\/span><\/a>\r\n            <\/li><li>\r\n\t\t\t\t<li>\r\n             <a href=\"https:\/\/cpstesters.com\/60-second-cps-test\/\"><span data-time=\"60\">60 Second Test<\/span><\/a>\r\n            <\/li><li>\r\n\t\t\t\t<li>\r\n             <a href=\"https:\/\/cpstesters.com\/100-second-cps-test\/\"><span data-time=\"100\">100 Second Test<\/span><\/a>\r\n            <\/li>\r\n\t\t\t\t <li>\r\n             <a href=\"https:\/\/cpstesters.com\/manual-click-test\/\"><span data-time=\"20\">Manual Click Test<\/span><\/a>\r\n            <\/li><\/ul>\r\n            <\/div>\r\n\t\t\r\n\t\t\r\n\t<\/div>\r\n\t<div class=\"col-md-8\">\r\n\t\t<section class=\"section section--full js-section-full section--click\">\r\n               <div class=\"container\">\r\n\t\t\t\t   \r\n\t\t\t\t         <div class=\"setting\">\r\n    <div class=\"theme-mode\"><a class=\"theme-mode__switch js-switch\" href=\"javascript:void(0);\"><\/a>\r\n        <div class=\"theme-mode__text\">Light \/ Dark mode<\/div>\r\n    <\/div>\r\n<\/div>\r\n\t\t\t\t   \r\n\t\t\t\t   \r\n                  <div class=\"statistics\">\r\n                     <div class=\"statistics__item statistics__item--timer\">\r\n                        <div class=\"statistics__number\">\r\n                           <span class=\"js-time number_timer\">15.00<\/span>\r\n                           <a class=\"statistics__arrow statistics__arrow--up js-time-up\" href=\"javascript:void(0);\">\r\n                              <svg class=\"icon icon-arrow-up \">\r\n                                 <use xlink:href=\"\/wp-content\/themes\/generatepress\/tools\/assets\/img\/spritesvg.svg#arrow-up\"><\/use>\r\n                              <\/svg>\r\n                           <\/a>\r\n                           <a class=\"statistics__arrow statistics__arrow--down js-time-down\" href=\"javascript:void(0);\">\r\n                              <svg class=\"icon icon-arrow-up \">\r\n                                 <use xlink:href=\"\/wp-content\/themes\/generatepress\/tools\/assets\/img\/spritesvg.svg#arrow-up\"><\/use>\r\n                              <\/svg>\r\n                           <\/a>\r\n                        <\/div>\r\n                        <div class=\"statistics__title\">Timer<\/div>\r\n                     <\/div>\r\n                     <div class=\"statistics__item statistics__item--clicks\">\r\n                        <div class=\"statistics__number number_clicks js-speed\">0.00<\/div>\r\n                        <div class=\"statistics__title\">Clicks \/ s<\/div>\r\n                     <\/div>\r\n                     <div class=\"statistics__item statistics__item--score\">\r\n                        <div class=\"statistics__number number_score js-score\">0<\/div>\r\n                        <div class=\"statistics__title\">Score<\/div>\r\n                     <\/div>\r\n                  <\/div>\r\n                  <div class=\"clicks-zone\">\r\n                     <div class=\"clicks-zone__start js-clicks-start\">\r\n                        <svg class=\"icon icon-click \">\r\n                           <use xlink:href=\"\/wp-content\/themes\/generatepress\/tools\/assets\/img\/spritesvg.svg#click\"><\/use>\r\n                        <\/svg>\r\n                        <div class=\"clicks-zone__start-title\">\u0421lick here to start cps test<\/div>\r\n                     <\/div>\r\n                     <div class=\"clicks-zone__clicks js-clicks\"><\/div>\r\n                     <div class=\"clicks-zone__result result-clicks js-clicks-result\">\r\n                        <div class=\"result-clicks__title rank-wrapper\"><\/div>\r\n                        <div class=\"result-clicks__text\">Your CPS result is <span class=\"speed js-stat-speed\"><\/span> (<span class=\"clicks js-stat-clicks\"><\/span> Clicks in <span class=\"time js-stat-time\"><\/span> Seconds)<\/div>\r\n                        <div class=\"result-clicks__img\"><img><\/div>\r\n                        <a class=\"result-clicks__btn js-try-again\" href=\"javascript:void(0);\">\r\n                           <svg class=\"icon icon-again \">\r\n                              <use xlink:href=\"\/wp-content\/themes\/generatepress\/tools\/assets\/img\/spritesvg.svg#again\"><\/use>\r\n                           <\/svg>\r\n                           Restart\r\n                        <\/a>\r\n                        <div class=\"result-clicks__share\">\r\n                           <div class=\"result-clicks__share-title\">Share your result with friends!<\/div>\r\n                           <div class=\"share-buttons\">\r\n                              <a class=\"share-button facebook\" data-href=\"https:\/\/www.facebook.com\/sharer\/sharer.php?u=https:\/\/cpstesters.com\/\" target=\"_blank\" onclick=\"goclicky(this); return false;\" rel=\"noopener\">Facebook<\/a>\r\n                              <a class=\"share-button twitter\" data-href=\"http:\/\/www.twitter.com\/share?url=https:\/\/cpstesters.com\/&text=[text]\" target=\"_blank\" onclick=\"goclicky(this); return false;\" rel=\"noopener\">Twitter<\/a>\r\n                              <a class=\"share-button whatsapp\" data-href=\"https:\/\/api.whatsapp.com\/send?text=[text]\" target=\"_blank\" onclick=\"goclicky(this); return false;\" rel=\"noopener\">WhatsApp<\/a>\r\n                              <a class=\"share-button reddit\" data-href=\"http:\/\/www.reddit.com\/submit?url=https:\/\/cpstesters.com\/&title=[text]\" target=\"_blank\" onclick=\"goclicky(this); return false;\" rel=\"noopener\">Reddit<\/a>\r\n                           <\/div>\r\n                        <\/div>\r\n                     <\/div>\r\n                  <\/div>\r\n                  <img decoding=\"async\" src=\"\/wp-content\/themes\/generatepress\/tools\/assets\/img\/test_result\/3\/1.png\" style=\"display: none\" alt=\"\" title=\"\">\r\n                  <img decoding=\"async\" src=\"\/wp-content\/themes\/generatepress\/tools\/assets\/img\/test_result\/5\/1.png\" style=\"display: none\" alt=\"\" title=\"\">\r\n                  <img decoding=\"async\" src=\"\/wp-content\/themes\/generatepress\/tools\/assets\/img\/test_result\/1\/1.png\" style=\"display: none\" alt=\"\" title=\"\">\r\n                  <img decoding=\"async\" src=\"\/wp-content\/themes\/generatepress\/tools\/assets\/img\/test_result\/2\/1.png\" style=\"display: none\" alt=\"\" title=\"\">\r\n                  <img decoding=\"async\" src=\"\/wp-content\/themes\/generatepress\/tools\/assets\/img\/test_result\/0\/1.png\" style=\"display: none\" alt=\"\" title=\"\">\r\n                  <img decoding=\"async\" src=\"\/wp-content\/themes\/generatepress\/tools\/assets\/img\/test_result\/6\/1.png\" style=\"display: none\" alt=\"\" title=\"\">\r\n                  <img decoding=\"async\" src=\"\/wp-content\/themes\/generatepress\/tools\/assets\/img\/test_result\/7\/1.png\" style=\"display: none\" alt=\"\" title=\"\">\r\n                  <img decoding=\"async\" src=\"\/wp-content\/themes\/generatepress\/tools\/assets\/img\/test_result\/4\/1.png\" style=\"display: none\" alt=\"\" title=\"\">\r\n                  <script>\r\n                     var test_result = {\"ratings\":{\"min\":0,\"max\":5},\"rating_ranks\":[\"Your Rank is Snail!\",\"Your Rank is Koala!\",\"Your Rank is Turtle!\",\"Your Rank is Panda!\",\"Your Rank is Hare!\",\"Your Rank is Kangaroo!\",\"Your Rank is Panther!\",\"Your Rank is Cheetah!\"],\"cps_scale\":[[0,1],[1,3],[3,5],[5,7],[7,9],[9,10],[10,12],[12,999]],\"files\":{\"3\":[\"\\\/wp-content\\\/themes\\\/generatepress\\\/tools\\\\assets\\\/img\\\/test_result\\\/3\\\/1.png\"],\"5\":[\"\\\/wp-content\\\/themes\\\/generatepress\\\/tools\\\\assets\\\/img\\\/test_result\\\/5\\\/1.png\"],\"1\":[\"\\\/wp-content\\\/themes\\\/generatepress\\\/tools\\\\assets\\\/img\\\/test_result\\\/1\\\/1.png\"],\"2\":[\"\\\/wp-content\\\/themes\\\/generatepress\\\/tools\\\\assets\\\/img\\\/test_result\\\/2\\\/1.png\"],\"0\":[\"\\\/wp-content\\\/themes\\\/generatepress\\\/tools\\\\assets\\\/img\\\/test_result\\\/0\\\/1.png\"],\"6\":[\"\\\/wp-content\\\/themes\\\/generatepress\\\/tools\\\\assets\\\/img\\\/test_result\\\/6\\\/1.png\"],\"7\":[\"\\\/wp-content\\\/themes\\\/generatepress\\\/tools\\\\assets\\\/img\\\/test_result\\\/7\\\/1.png\"],\"4\":[\"\\\/wp-content\\\/themes\\\/generatepress\\\/tools\\\\assets\\\/img\\\/test_result\\\/4\\\/1.png\"]}};\r\n                     var language = {\"code\":\"en\",\"name\":\"English\",\"prefix\":\"\"};\r\n                     var monitoringClickEvent = 'left';\r\n                     var shareTextDefault = 'My CPS result is {speed} ({clicks} Clicks in {time} Seconds)';\r\n                  <\/script>        \r\n               <\/div>\r\n            <\/section>\r\n\t\t\r\n\t<\/div>\r\n<\/div>\r\n\r\n    <script src=\"\/wp-content\/themes\/generatepress\/tools\/assets\/js\/libs.min.js\"><\/script>\r\n      <script src=\"\/wp-content\/themes\/generatepress\/tools\/assets\/js\/main.min.js?v64\"><\/script>\r\n\n\n\n\n<p><\/p>\n\n\n\n<h2 class=\"wp-block-heading\">Was ist der 15-Sekunden-Klick-Test?<\/h2>\n\n\n\n<p>Von dieser Stufe der Klickgeschwindigkeitspr\u00fcfung geht es nun zu einer etwas schwierigeren \u00fcber. Der schwierigste Aspekt ist die Beibehaltung der exakten Klickgeschwindigkeit bis zum Ende. Mit konsequenter \u00dcbung werden Sie jedoch die gew\u00fcnschte cps-Punktzahl erreichen und gleichzeitig Ihre Klickkonsistenz beibehalten.<\/p>\n\n\n\n<p>Der 15-Sekunden-Klicktest ist einfach aufgebaut. Um ihn zu bestehen, m\u00fcssen Sie das Ziel so schnell wie m\u00f6glich anklicken. Nach Beendigung des Klicks bietet Ihnen das 15-Sekunden-Klicktest-Tool eine Gesamtbewertung und einige Anmerkungen.<\/p>\n\n\n\n<p class=\"has-text-align-center has-base-3-color has-text-color has-background has-medium-font-size\" style=\"background-color:#ffb15e\">Sie k\u00f6nnen auch den <a href=\"https:\/\/cpstesters.com\/de\/\">Haupt-CPS-Test<\/a> pr\u00fcfen<\/p>\n\n\n<div class=\"wp-block-image\">\n<figure class=\"aligncenter size-full\"><img loading=\"lazy\" decoding=\"async\" width=\"1000\" height=\"500\" src=\"https:\/\/cpstesters.com\/wp-content\/uploads\/2022\/08\/Untitled-design-3.jpg\" alt=\"15-Sekunden-Klick-Test\" class=\"wp-image-179\" title=\"\" srcset=\"https:\/\/cpstesters.com\/wp-content\/uploads\/2022\/08\/Untitled-design-3.jpg 1000w, https:\/\/cpstesters.com\/wp-content\/uploads\/2022\/08\/Untitled-design-3-300x150.jpg 300w, https:\/\/cpstesters.com\/wp-content\/uploads\/2022\/08\/Untitled-design-3-768x384.jpg 768w\" sizes=\"auto, (max-width: 1000px) 100vw, 1000px\" \/><figcaption class=\"wp-element-caption\">15-Sekunden-Klick-Test<\/figcaption><\/figure>\n<\/div>\n\n\n<p>Der 15-Sekunden-Klickgeschwindigkeitstest ist ein hervorragendes Hilfsmittel, um Ihre Drag-Click-F\u00e4higkeiten zu verbessern. In nur 10 Sekunden k\u00f6nnen Sie lernen, schnell zu klicken. Der 15-Sekunden-cps-Test ist sowohl ein hilfreiches kostenloses Hilfsmittel als auch eine angenehme Art, sich die Zeit zu vertreiben.<\/p>\n\n\n\n<h2 class=\"wp-block-heading has-text-align-center\">H\u00e4ufig gestellte Fragen zum Test<\/h2>\n\n\n\n<h3 class=\"wp-block-heading\"><strong>Wie lange dauert es, tausendmal zu klicken?<\/strong><\/h3>\n\n\n\n<p>Wenn die typische Klickrate einer Person bei acht Klicks pro Sekunde liegt, w\u00fcrde es etwa eine Minute und f\u00fcnfundzwanzig Sekunden dauern, um eintausend Mal zu klicken.<\/p>\n\n\n\n<h3 class=\"wp-block-heading\"><strong>Wer h\u00e4lt den Weltrekord f\u00fcr den schnellsten 15-Sekunden-CPS-Test?<\/strong><\/h3>\n\n\n\n<p>In diesem Zeitraum liegt der h\u00f6chste erreichbare CPS bei 18,6. (279 Klicks). Dies ist dem australischen Tester Gobstoppa gelungen.<\/p>\n\n\n\n<h2 class=\"wp-block-heading\">Letzte Worte zum 15-Sekunden-CPS-Test<\/h2>\n\n\n\n<p>Die Klick-Tests 15 eine Sekunde ist ein wunderbares Programm, das geschaffen wurde, um die Klickgeschwindigkeit des Benutzers zu bewerten. Das Ger\u00e4t verf\u00fcgt \u00fcber eine einfach zu bedienende Benutzeroberfl\u00e4che und kann die Anzahl der Klicks pro Sekunde erh\u00f6hen.<\/p>\n\n\n\n<p>Unsere Benutzer mochten auch<\/p>\n\n\n\n<ul class=\"wp-block-list\">\n<li><a href=\"https:\/\/cpstesters.com\/de\/jitter-click-test\/\" target=\"_blank\" rel=\"noreferrer noopener\">Jitter-Klick-Test<\/a><\/li>\n\n\n\n<li><a href=\"https:\/\/cpstesters.com\/de\/kohi-click-test\/\" target=\"_blank\" rel=\"noreferrer noopener\">Kohi Click Test<\/a><\/li>\n\n\n\n<li><a href=\"https:\/\/cpstesters.com\/de\/rechtsklick-auf-cps-test\/\" target=\"_blank\" rel=\"noreferrer noopener\">Rechtsklick CPS-Test<\/a><\/li>\n\n\n\n<li><a href=\"https:\/\/cpstesters.com\/de\/butterfly-click-test\/\" target=\"_blank\" rel=\"noreferrer noopener\">Schmetterlings-Klick-Test<\/a><\/li>\n<\/ul>\n","protected":false},"excerpt":{"rendered":"<p>Der 15-Sekunden-Klick-Test ist ein erstaunliches Geschwindigkeitstest-Spiel, das Ihnen helfen wird, Ihre Klickgeschwindigkeit in 15 Sekunden zu bestimmen. Was ist der 15-Sekunden-Klick-Test? Von dieser Stufe der &#8230; <\/p>\n<p class=\"read-more-container\"><a title=\"15-Sekunden-Klick-Test | \u00dcberpr\u00fcfen Sie Ihre CPS-Geschwindigkeit\" class=\"read-more button\" href=\"https:\/\/cpstesters.com\/de\/15-second-click-test\/#more-1949\" aria-label=\"Mehr Informationen \u00fcber 15-Sekunden-Klick-Test | \u00dcberpr\u00fcfen Sie Ihre CPS-Geschwindigkeit\">Read More<\/a><\/p>\n","protected":false},"author":4,"featured_media":1004,"parent":0,"menu_order":0,"comment_status":"closed","ping_status":"closed","template":"","meta":{"footnotes":""},"class_list":["post-1949","page","type-page","status-publish","has-post-thumbnail"],"_links":{"self":[{"href":"https:\/\/cpstesters.com\/de\/wp-json\/wp\/v2\/pages\/1949","targetHints":{"allow":["GET"]}}],"collection":[{"href":"https:\/\/cpstesters.com\/de\/wp-json\/wp\/v2\/pages"}],"about":[{"href":"https:\/\/cpstesters.com\/de\/wp-json\/wp\/v2\/types\/page"}],"author":[{"embeddable":true,"href":"https:\/\/cpstesters.com\/de\/wp-json\/wp\/v2\/users\/4"}],"replies":[{"embeddable":true,"href":"https:\/\/cpstesters.com\/de\/wp-json\/wp\/v2\/comments?post=1949"}],"version-history":[{"count":7,"href":"https:\/\/cpstesters.com\/de\/wp-json\/wp\/v2\/pages\/1949\/revisions"}],"predecessor-version":[{"id":5779,"href":"https:\/\/cpstesters.com\/de\/wp-json\/wp\/v2\/pages\/1949\/revisions\/5779"}],"wp:featuredmedia":[{"embeddable":true,"href":"https:\/\/cpstesters.com\/de\/wp-json\/wp\/v2\/media\/1004"}],"wp:attachment":[{"href":"https:\/\/cpstesters.com\/de\/wp-json\/wp\/v2\/media?parent=1949"}],"curies":[{"name":"wp","href":"https:\/\/api.w.org\/{rel}","templated":true}]}}