{"id":1912,"date":"2024-07-16T13:59:03","date_gmt":"2024-07-16T13:59:03","guid":{"rendered":"https:\/\/cpstesters.com\/10-sekunden-cps-test-ueberpruefen-sie-ihre-klicks\/"},"modified":"2024-09-17T06:40:37","modified_gmt":"2024-09-17T06:40:37","slug":"10-second-cps-test","status":"publish","type":"page","link":"https:\/\/cpstesters.com\/de\/10-second-cps-test\/","title":{"rendered":"10 Sekunden CPS-Test | \u00dcberpr\u00fcfen Sie Ihre Klicks"},"content":{"rendered":"\n<p>Der 10-Sekunden-CPS-Test ist ein geschwindigkeitsbasiertes Klickspiel, mit dem Sie Ihre Klickgeschwindigkeit in 10 Sekunden ermitteln k\u00f6nnen.<\/p>\n <div class=\"row\">\r\n\t<div class=\"col-md-4\">\r\n\r\n\t\t\r\n\t\t\r\n\t\t<div class=\"side_nav\">\r\n            \r\n            \r\n            <ul class=\"time\">\r\n            <li>\r\n             <a href=\"https:\/\/cpstesters.com\/1-second-cps-test\/\"> <span data-time=\"1\">1 Second Test<\/span><\/a>\r\n            <\/li><li>\r\n             <a href=\"https:\/\/cpstesters.com\/2-second-cps-test\/\"><span data-time=\"2\">2 Second Test<\/span><\/a>\r\n            <\/li><li>\r\n           <a href=\"https:\/\/cpstesters.com\/5-second-cps-test\/\"><span data-time=\"5\">5 Second Test<\/span><\/a>\r\n            <\/li><li>\r\n\t\t\t\t <a href=\"https:\/\/cpstesters.com\/10-second-cps-test\/\"><span data-time=\"10\" class=\"active\">10 Second Test<\/span><\/a>\r\n            <\/li><li>\r\n             <a href=\"https:\/\/cpstesters.com\/15-second-click-test\/\"><span data-time=\"15\">15 Second Test<\/span><\/a>\r\n            <\/li>\r\n\t\t\t\t\t <li>\r\n             <a href=\"https:\/\/cpstesters.com\/30-second-cps-test\/\"><span data-time=\"30\">30 Second Test<\/span><\/a>\r\n            <\/li><li>\r\n\t\t\t\t<li>\r\n             <a href=\"https:\/\/cpstesters.com\/60-second-cps-test\/\"><span data-time=\"60\">60 Second Test<\/span><\/a>\r\n            <\/li><li>\r\n\t\t\t\t<li>\r\n             <a href=\"https:\/\/cpstesters.com\/100-second-cps-test\/\"><span data-time=\"100\">100 Second Test<\/span><\/a>\r\n            <\/li>\r\n\t\t\t\t\r\n\t\t\t\t<li>\r\n             <a href=\"https:\/\/cpstesters.com\/manual-click-test\/\"><span data-time=\"20\">Manual Click Test<\/span><\/a>\r\n            <\/li><\/ul>\r\n            <\/div>\r\n\t\t\r\n\t\t\r\n\t<\/div>\r\n\t<div class=\"col-md-8\">\r\n\t\t<section class=\"section section--full js-section-full section--click\">\r\n               <div class=\"container\">\r\n\t\t\t\t   \r\n\t\t\t\t         <div class=\"setting\">\r\n    <div class=\"theme-mode\"><a class=\"theme-mode__switch js-switch\" href=\"javascript:void(0);\"><\/a>\r\n        <div class=\"theme-mode__text\">Light \/ Dark mode<\/div>\r\n    <\/div>\r\n<\/div>\r\n\t\t\t\t   \r\n\t\t\t\t   \r\n                  <div class=\"statistics\">\r\n                     <div class=\"statistics__item statistics__item--timer\">\r\n                        <div class=\"statistics__number\">\r\n                           <span class=\"js-time number_timer\">10.00<\/span>\r\n                           <a class=\"statistics__arrow statistics__arrow--up js-time-up\" href=\"javascript:void(0);\">\r\n                              <svg class=\"icon icon-arrow-up \">\r\n                                 <use xlink:href=\"\/wp-content\/themes\/generatepress\/tools\/assets\/img\/spritesvg.svg#arrow-up\"><\/use>\r\n                              <\/svg>\r\n                           <\/a>\r\n                           <a class=\"statistics__arrow statistics__arrow--down js-time-down\" href=\"javascript:void(0);\">\r\n                              <svg class=\"icon icon-arrow-up \">\r\n                                 <use xlink:href=\"\/wp-content\/themes\/generatepress\/tools\/assets\/img\/spritesvg.svg#arrow-up\"><\/use>\r\n                              <\/svg>\r\n                           <\/a>\r\n                        <\/div>\r\n                        <div class=\"statistics__title\">Timer<\/div>\r\n                     <\/div>\r\n                     <div class=\"statistics__item statistics__item--clicks\">\r\n                        <div class=\"statistics__number number_clicks js-speed\">0.00<\/div>\r\n                        <div class=\"statistics__title\">Clicks \/ s<\/div>\r\n                     <\/div>\r\n                     <div class=\"statistics__item statistics__item--score\">\r\n                        <div class=\"statistics__number number_score js-score\">0<\/div>\r\n                        <div class=\"statistics__title\">Score<\/div>\r\n                     <\/div>\r\n                  <\/div>\r\n                  <div class=\"clicks-zone\">\r\n                     <div class=\"clicks-zone__start js-clicks-start\">\r\n                        <svg class=\"icon icon-click \">\r\n                           <use xlink:href=\"\/wp-content\/themes\/generatepress\/tools\/assets\/img\/spritesvg.svg#click\"><\/use>\r\n                        <\/svg>\r\n                        <div class=\"clicks-zone__start-title\">\u0421lick here to start cps test<\/div>\r\n                     <\/div>\r\n                     <div class=\"clicks-zone__clicks js-clicks\"><\/div>\r\n                     <div class=\"clicks-zone__result result-clicks js-clicks-result\">\r\n                        <div class=\"result-clicks__title rank-wrapper\"><\/div>\r\n                        <div class=\"result-clicks__text\">Your CPS result is <span class=\"speed js-stat-speed\"><\/span> (<span class=\"clicks js-stat-clicks\"><\/span> Clicks in <span class=\"time js-stat-time\"><\/span> Seconds)<\/div>\r\n                        <div class=\"result-clicks__img\"><img><\/div>\r\n                        <a class=\"result-clicks__btn js-try-again\" href=\"javascript:void(0);\">\r\n                           <svg class=\"icon icon-again \">\r\n                              <use xlink:href=\"\/wp-content\/themes\/generatepress\/tools\/assets\/img\/spritesvg.svg#again\"><\/use>\r\n                           <\/svg>\r\n                           Restart\r\n                        <\/a>\r\n                        <div class=\"result-clicks__share\">\r\n                           <div class=\"result-clicks__share-title\">Share your result with friends!<\/div>\r\n                           <div class=\"share-buttons\">\r\n                              <a class=\"share-button facebook\" data-href=\"https:\/\/www.facebook.com\/sharer\/sharer.php?u=https:\/\/cpstesters.com\/\" target=\"_blank\" onclick=\"goclicky(this); return false;\" rel=\"noopener\">Facebook<\/a>\r\n                              <a class=\"share-button twitter\" data-href=\"http:\/\/www.twitter.com\/share?url=https:\/\/cpstesters.com\/&text=[text]\" target=\"_blank\" onclick=\"goclicky(this); return false;\" rel=\"noopener\">Twitter<\/a>\r\n                              <a class=\"share-button whatsapp\" data-href=\"https:\/\/api.whatsapp.com\/send?text=[text]\" target=\"_blank\" onclick=\"goclicky(this); return false;\" rel=\"noopener\">WhatsApp<\/a>\r\n                              <a class=\"share-button reddit\" data-href=\"http:\/\/www.reddit.com\/submit?url=https:\/\/cpstesters.com\/&title=[text]\" target=\"_blank\" onclick=\"goclicky(this); return false;\" rel=\"noopener\">Reddit<\/a>\r\n                           <\/div>\r\n                        <\/div>\r\n                     <\/div>\r\n                  <\/div>\r\n                  <img decoding=\"async\" src=\"\/wp-content\/themes\/generatepress\/tools\/assets\/img\/test_result\/3\/1.png\" style=\"display: none\" alt=\"\" title=\"\">\r\n                  <img decoding=\"async\" src=\"\/wp-content\/themes\/generatepress\/tools\/assets\/img\/test_result\/5\/1.png\" style=\"display: none\" alt=\"\" title=\"\">\r\n                  <img decoding=\"async\" src=\"\/wp-content\/themes\/generatepress\/tools\/assets\/img\/test_result\/1\/1.png\" style=\"display: none\" alt=\"\" title=\"\">\r\n                  <img decoding=\"async\" src=\"\/wp-content\/themes\/generatepress\/tools\/assets\/img\/test_result\/2\/1.png\" style=\"display: none\" alt=\"\" title=\"\">\r\n                  <img decoding=\"async\" src=\"\/wp-content\/themes\/generatepress\/tools\/assets\/img\/test_result\/0\/1.png\" style=\"display: none\" alt=\"\" title=\"\">\r\n                  <img decoding=\"async\" src=\"\/wp-content\/themes\/generatepress\/tools\/assets\/img\/test_result\/6\/1.png\" style=\"display: none\" alt=\"\" title=\"\">\r\n                  <img decoding=\"async\" src=\"\/wp-content\/themes\/generatepress\/tools\/assets\/img\/test_result\/7\/1.png\" style=\"display: none\" alt=\"\" title=\"\">\r\n                  <img decoding=\"async\" src=\"\/wp-content\/themes\/generatepress\/tools\/assets\/img\/test_result\/4\/1.png\" style=\"display: none\" alt=\"\" title=\"\">\r\n                  <script>\r\n                     var test_result = {\"ratings\":{\"min\":0,\"max\":5},\"rating_ranks\":[\"Your Rank is Snail!\",\"Your Rank is Koala!\",\"Your Rank is Turtle!\",\"Your Rank is Panda!\",\"Your Rank is Hare!\",\"Your Rank is Kangaroo!\",\"Your Rank is Panther!\",\"Your Rank is Cheetah!\"],\"cps_scale\":[[0,1],[1,3],[3,5],[5,7],[7,9],[9,10],[10,12],[12,999]],\"files\":{\"3\":[\"\\\/wp-content\\\/themes\\\/generatepress\\\/tools\\\\assets\\\/img\\\/test_result\\\/3\\\/1.png\"],\"5\":[\"\\\/wp-content\\\/themes\\\/generatepress\\\/tools\\\\assets\\\/img\\\/test_result\\\/5\\\/1.png\"],\"1\":[\"\\\/wp-content\\\/themes\\\/generatepress\\\/tools\\\\assets\\\/img\\\/test_result\\\/1\\\/1.png\"],\"2\":[\"\\\/wp-content\\\/themes\\\/generatepress\\\/tools\\\\assets\\\/img\\\/test_result\\\/2\\\/1.png\"],\"0\":[\"\\\/wp-content\\\/themes\\\/generatepress\\\/tools\\\\assets\\\/img\\\/test_result\\\/0\\\/1.png\"],\"6\":[\"\\\/wp-content\\\/themes\\\/generatepress\\\/tools\\\\assets\\\/img\\\/test_result\\\/6\\\/1.png\"],\"7\":[\"\\\/wp-content\\\/themes\\\/generatepress\\\/tools\\\\assets\\\/img\\\/test_result\\\/7\\\/1.png\"],\"4\":[\"\\\/wp-content\\\/themes\\\/generatepress\\\/tools\\\\assets\\\/img\\\/test_result\\\/4\\\/1.png\"]}};\r\n                     var language = {\"code\":\"en\",\"name\":\"English\",\"prefix\":\"\"};\r\n                     var monitoringClickEvent = 'left';\r\n                     var shareTextDefault = 'My CPS result is {speed} ({clicks} Clicks in {time} Seconds)';\r\n                  <\/script>        \r\n               <\/div>\r\n            <\/section>\r\n\t\t\r\n\t<\/div>\r\n<\/div>\r\n\r\n    <script src=\"\/wp-content\/themes\/generatepress\/tools\/assets\/js\/libs.min.js\"><\/script>\r\n      <script src=\"\/wp-content\/themes\/generatepress\/tools\/assets\/js\/main.min.js?v64\"><\/script>\r\n\n\n<p><\/p>\n\n<h2 class=\"wp-block-heading\">Was ist der 10-Sekunden-CPS-Test?<\/h2>\n\n<p>Dieser 10-Sekunden-Klicktest soll Ihre Klickgeschwindigkeit testen. Die Software ist eine gro\u00dfartige M\u00f6glichkeit, die Zeit totzuschlagen und etwas Spa\u00df zu haben, wenn man nicht arbeitet. Das Gadget zeigt in 10-Sekunden-Schritten an, wie schnell Sie in 10 Sekunden klicken.<\/p>\n\n<p>Der 10-Sekunden-Klicktest ist einfach gestaltet. Um ihn zu bestehen, m\u00fcssen Sie das Ziel so schnell wie m\u00f6glich anklicken. Das 10-Sekunden-Klicktest-Tool gibt Ihnen eine Gesamtbewertung und einige Kommentare, nachdem Sie mit dem Klicken fertig sind.<\/p>\n\n<p>Wenn Sie Ihre Drag-Click-F\u00e4higkeiten perfektionieren m\u00f6chten, ist der 10-Sekunden-Klick-Test ein fantastisches Hilfsmittel. In nur 10 Sekunden k\u00f6nnen Sie lernen, schnell zu klicken. Der 10-Sekunden-Klicker ist nicht nur ein n\u00fctzliches kostenloses Hilfsmittel, sondern auch eine unterhaltsame Art, die Zeit totzuschlagen.<\/p>\n\n<p class=\"has-text-align-center has-base-3-color has-text-color has-background has-medium-font-size\" style=\"background-color:#ffb15e\">Den allgemeinen Test der Klicks pro Sekunde k\u00f6nnen Sie unter <a href=\"https:\/\/cpstesters.com\/de\/\" target=\"_blank\" rel=\"noreferrer noopener\">CPS-Test<\/a> durchf\u00fchren<\/p>\n<div class=\"wp-block-image\">\n<figure class=\"aligncenter size-full\"><img loading=\"lazy\" decoding=\"async\" width=\"1000\" height=\"500\" src=\"https:\/\/cpstesters.com\/wp-content\/uploads\/2022\/08\/Untitled-design-2.jpg\" alt=\"10-Sekunden-CPS-Test\" class=\"wp-image-175\" title=\"\" srcset=\"https:\/\/cpstesters.com\/wp-content\/uploads\/2022\/08\/Untitled-design-2.jpg 1000w, https:\/\/cpstesters.com\/wp-content\/uploads\/2022\/08\/Untitled-design-2-300x150.jpg 300w, https:\/\/cpstesters.com\/wp-content\/uploads\/2022\/08\/Untitled-design-2-768x384.jpg 768w\" sizes=\"auto, (max-width: 1000px) 100vw, 1000px\" \/><figcaption class=\"wp-element-caption\">10-Sekunden-CPS-Test<\/figcaption><\/figure>\n<\/div>\n<h2 class=\"wp-block-heading\">Wie kann ich schnellere Klicks pro Sekunde erreichen?<\/h2>\n\n<p>Die folgenden Methoden k\u00f6nnen verwendet werden, um Ihre cps (Clicks per second) zu erh\u00f6hen:<\/p>\n\n<ul class=\"wp-block-list\">\n<li>Am besten ist es, eine Gaming-Maus anstelle einer Standardmaus zu verwenden und auf das Trackpad des Laptops zu verzichten.<\/li>\n\n\n\n<li>Klickmethoden wie das Jitter-Klicken und das Butterfly-Klicken eignen sich hervorragend f\u00fcr den Einstieg.<\/li>\n\n\n\n<li>Stelle die Empfindlichkeit deiner Maus ein und \u00fcbe Schie\u00dfspiele mit H\u00f6chstgeschwindigkeit, um dein Zielen zu verbessern.<\/li>\n<\/ul>\n\n<h2 class=\"wp-block-heading\">CPS Test 10-Sekunden Cheats<\/h2>\n\n<p>Bevor man einen neuen Rekord aufstellt, muss man sich \u00fcber den aktuellen Rekordhalter in einem Klick-Testspiel informieren. Mit einem neuen Rekord von 22 CPS nach nur 10 Sekunden Klickzeit haben Sie einen neuen Standard gesetzt. Erstellen Sie einen neuen, wenn Sie m\u00f6chten; es gibt Abk\u00fcrzungen zum Ruhm, die Sie nehmen k\u00f6nnen.<\/p>\n\n<ul class=\"wp-block-list\">\n<li>Die automatischen Klicker sind das effizienteste Mittel, aber der zweite Ansatz ist der richtige, wenn Sie Wert auf Ehrlichkeit legen.<\/li>\n\n\n\n<li>Butterfly-Klicks, Drag-Klicks und Jitter-Klicks sind alles Optionen.<\/li>\n\n\n\n<li>Den Klick-Geschwindigkeitstest k\u00f6nnen Sie mit mehr \u00dcbung meistern.<\/li>\n\n\n\n<li>Wenn du die n\u00f6tige Zeit und M\u00fche aufbringst, kannst auch du den Gepardenrang im Klickgeschwindigkeitstestspiel erreichen.<\/li>\n<\/ul>\n\n<h2 class=\"wp-block-heading has-text-align-center\">FAQ&#8217;s<\/h2>\n\n<h3 class=\"wp-block-heading\"><strong>Wie viele Klicks pro Sekunde macht der durchschnittliche Gamer?<\/strong><\/h3>\n\n<p>Professionellen Spielern zufolge liegt die durchschnittliche Framerate bei 6, obwohl sie zwischen 5 und 7 FPS liegen kann. Einige der besten Spieler schaffen bis zu zehn Klicks pro Sekunde. Solange Sie einen soliden Ansatz und einen gut organisierten Plan haben, k\u00f6nnen Sie dies erreichen.<\/p>\n\n<h3 class=\"wp-block-heading\"><strong>Wenn ich auf meine cps klicke, wie schnell geht es dann?<\/strong><\/h3>\n\n<p>Die Anzeige und Auswertung Ihrer cps-Klickrate erfordert keine weitere Anstrengung Ihrerseits. Wenn Sie ein Zeitlimit festlegen und in beliebiger Reihenfolge klicken, k\u00f6nnen Sie unsere Klickgeschwindigkeitstester gut einsetzen. Wenn die Zeit abgelaufen ist, \u00f6ffnet sich ein Fenster mit dem Endergebnis Ihres Tests.<\/p>\n\n<h3 class=\"wp-block-heading\"><strong>Wo findet man den Rekord f\u00fcr den schnellsten CPS-Test in 10 Sekunden?<\/strong><\/h3>\n\n<p>In diesem Zeitfenster ist eine maximale CPS von 23,9 erreichbar (239 Klicks). durchgef\u00fchrt von Yukang Jiang, einem amerikanischen cps-Tester.<\/p>\n\n<h2 class=\"wp-block-heading\">Schlusswort 10-Sekunden-Klick-Test<\/h2>\n\n<p>Der Klick-Test 10 a second ist eine bemerkenswerte Anwendung, die entwickelt wurde, um die Klickgeschwindigkeit des Benutzers auf die Probe zu stellen. Die Website verf\u00fcgt \u00fcber eine einfach zu bedienende Benutzeroberfl\u00e4che, die die Anzahl der Klicks pro Sekunde erh\u00f6hen kann. Warten Sie nicht und machen Sie den Test!<\/p>\n","protected":false},"excerpt":{"rendered":"<p>Der 10-Sekunden-CPS-Test ist ein geschwindigkeitsbasiertes Klickspiel, mit dem Sie Ihre Klickgeschwindigkeit in 10 Sekunden ermitteln k\u00f6nnen. Was ist der 10-Sekunden-CPS-Test? Dieser 10-Sekunden-Klicktest soll Ihre Klickgeschwindigkeit &#8230; <\/p>\n<p class=\"read-more-container\"><a title=\"10 Sekunden CPS-Test | \u00dcberpr\u00fcfen Sie Ihre Klicks\" class=\"read-more button\" href=\"https:\/\/cpstesters.com\/de\/10-second-cps-test\/#more-1912\" aria-label=\"Mehr Informationen \u00fcber 10 Sekunden CPS-Test | \u00dcberpr\u00fcfen Sie Ihre Klicks\">Read More<\/a><\/p>\n","protected":false},"author":4,"featured_media":992,"parent":0,"menu_order":0,"comment_status":"closed","ping_status":"closed","template":"","meta":{"footnotes":""},"class_list":["post-1912","page","type-page","status-publish","has-post-thumbnail"],"_links":{"self":[{"href":"https:\/\/cpstesters.com\/de\/wp-json\/wp\/v2\/pages\/1912","targetHints":{"allow":["GET"]}}],"collection":[{"href":"https:\/\/cpstesters.com\/de\/wp-json\/wp\/v2\/pages"}],"about":[{"href":"https:\/\/cpstesters.com\/de\/wp-json\/wp\/v2\/types\/page"}],"author":[{"embeddable":true,"href":"https:\/\/cpstesters.com\/de\/wp-json\/wp\/v2\/users\/4"}],"replies":[{"embeddable":true,"href":"https:\/\/cpstesters.com\/de\/wp-json\/wp\/v2\/comments?post=1912"}],"version-history":[{"count":3,"href":"https:\/\/cpstesters.com\/de\/wp-json\/wp\/v2\/pages\/1912\/revisions"}],"predecessor-version":[{"id":4048,"href":"https:\/\/cpstesters.com\/de\/wp-json\/wp\/v2\/pages\/1912\/revisions\/4048"}],"wp:featuredmedia":[{"embeddable":true,"href":"https:\/\/cpstesters.com\/de\/wp-json\/wp\/v2\/media\/992"}],"wp:attachment":[{"href":"https:\/\/cpstesters.com\/de\/wp-json\/wp\/v2\/media?parent=1912"}],"curies":[{"name":"wp","href":"https:\/\/api.w.org\/{rel}","templated":true}]}}