{"id":1889,"date":"2024-07-16T14:08:15","date_gmt":"2024-07-16T14:08:15","guid":{"rendered":"https:\/\/cpstesters.com\/5-sekunden-cps-test-ueberpruefen-sie-ihre-klickgeschwindigkeit\/"},"modified":"2024-09-17T09:28:28","modified_gmt":"2024-09-17T09:28:28","slug":"5-second-cps-test","status":"publish","type":"page","link":"https:\/\/cpstesters.com\/de\/5-second-cps-test\/","title":{"rendered":"5 Sekunden CPS-Test | \u00dcberpr\u00fcfen Sie Ihre Klickgeschwindigkeit"},"content":{"rendered":"\n<p>Der 5-Sekunden-CPS-Test ist ein Schnelltestspiel. Wenn Sie Anf\u00e4nger sind, hilft es Ihnen zu pr\u00fcfen, wie schnell Sie in 5 Sekunden klicken k\u00f6nnen.<\/p>\n<div class=\"row\">\r\n\t<div class=\"col-md-4\">\r\n\r\n\t\t\r\n\t\t\r\n\t\t<div class=\"side_nav\">\r\n            \r\n            \r\n             <ul class=\"time\">\r\n            <li>\r\n             <a href=\"https:\/\/cpstesters.com\/1-second-cps-test\/\"> <span data-time=\"1\">1 Second Test<\/span><\/a>\r\n            <\/li><li>\r\n             <a href=\"https:\/\/cpstesters.com\/2-second-cps-test\/\"><span data-time=\"2\">2 Second Test<\/span><\/a>\r\n            <\/li><li>\r\n           <a href=\"https:\/\/cpstesters.com\/5-second-cps-test\/\"><span data-time=\"5\" class=\"active\">5 Second Test<\/span><\/a>\r\n            <\/li><li>\r\n\t\t\t\t <a href=\"https:\/\/cpstesters.com\/10-second-cps-test\/\"><span data-time=\"10\">10 Second Test<\/span><\/a>\r\n            <\/li><li>\r\n             <a href=\"https:\/\/cpstesters.com\/15-second-click-test\/\"><span data-time=\"15\">15 Second Test<\/span><\/a>\r\n            <\/li>\r\n\t\t\t\t \t<li>\r\n             <a href=\"https:\/\/cpstesters.com\/30-second-cps-test\/\"><span data-time=\"30\">30 Second Test<\/span><\/a>\r\n            <\/li><li>\r\n\t\t\t\t<li>\r\n             <a href=\"https:\/\/cpstesters.com\/60-second-cps-test\/\"><span data-time=\"60\">60 Second Test<\/span><\/a>\r\n            <\/li><li>\r\n\t\t\t\t<li>\r\n             <a href=\"https:\/\/cpstesters.com\/100-second-cps-test\/\"><span data-time=\"100\">100 Second Test<\/span><\/a>\r\n            <\/li>\r\n\t\t\t\t <li>\r\n             <a href=\"https:\/\/cpstesters.com\/manual-click-test\/\"><span data-time=\"20\">Manual Click Test<\/span><\/a>\r\n            <\/li><\/ul>\r\n            <\/div>\r\n\t\t\r\n\t\t\r\n\t<\/div>\r\n\t<div class=\"col-md-8\">\r\n\t\t<section class=\"section section--full js-section-full section--click\">\r\n               <div class=\"container\">\r\n\t\t\t\t   \r\n\t\t\t\t         <div class=\"setting\">\r\n    <div class=\"theme-mode\"><a class=\"theme-mode__switch js-switch\" href=\"javascript:void(0);\"><\/a>\r\n        <div class=\"theme-mode__text\">Light \/ Dark mode<\/div>\r\n    <\/div>\r\n<\/div>\r\n\t\t\t\t   \r\n\t\t\t\t   \r\n                  <div class=\"statistics\">\r\n                     <div class=\"statistics__item statistics__item--timer\">\r\n                        <div class=\"statistics__number\">\r\n                           <span class=\"js-time number_timer\">5.00<\/span>\r\n                           <a class=\"statistics__arrow statistics__arrow--up js-time-up\" href=\"javascript:void(0);\">\r\n                              <svg class=\"icon icon-arrow-up \">\r\n                                 <use xlink:href=\"\/wp-content\/themes\/generatepress\/tools\/assets\/img\/spritesvg.svg#arrow-up\"><\/use>\r\n                              <\/svg>\r\n                           <\/a>\r\n                           <a class=\"statistics__arrow statistics__arrow--down js-time-down\" href=\"javascript:void(0);\">\r\n                              <svg class=\"icon icon-arrow-up \">\r\n                                 <use xlink:href=\"\/wp-content\/themes\/generatepress\/tools\/assets\/img\/spritesvg.svg#arrow-up\"><\/use>\r\n                              <\/svg>\r\n                           <\/a>\r\n                        <\/div>\r\n                        <div class=\"statistics__title\">Timer<\/div>\r\n                     <\/div>\r\n                     <div class=\"statistics__item statistics__item--clicks\">\r\n                        <div class=\"statistics__number number_clicks js-speed\">0.00<\/div>\r\n                        <div class=\"statistics__title\">Clicks \/ s<\/div>\r\n                     <\/div>\r\n                     <div class=\"statistics__item statistics__item--score\">\r\n                        <div class=\"statistics__number number_score js-score\">0<\/div>\r\n                        <div class=\"statistics__title\">Score<\/div>\r\n                     <\/div>\r\n                  <\/div>\r\n                  <div class=\"clicks-zone\">\r\n                     <div class=\"clicks-zone__start js-clicks-start\">\r\n                        <svg class=\"icon icon-click \">\r\n                           <use xlink:href=\"\/wp-content\/themes\/generatepress\/tools\/assets\/img\/spritesvg.svg#click\"><\/use>\r\n                        <\/svg>\r\n                        <div class=\"clicks-zone__start-title\">\u0421lick here to start cps test<\/div>\r\n                     <\/div>\r\n                     <div class=\"clicks-zone__clicks js-clicks\"><\/div>\r\n                     <div class=\"clicks-zone__result result-clicks js-clicks-result\">\r\n                        <div class=\"result-clicks__title rank-wrapper\"><\/div>\r\n                        <div class=\"result-clicks__text\">Your CPS result is <span class=\"speed js-stat-speed\"><\/span> (<span class=\"clicks js-stat-clicks\"><\/span> Clicks in <span class=\"time js-stat-time\"><\/span> Seconds)<\/div>\r\n                        <div class=\"result-clicks__img\"><img><\/div>\r\n                        <a class=\"result-clicks__btn js-try-again\" href=\"javascript:void(0);\">\r\n                           <svg class=\"icon icon-again \">\r\n                              <use xlink:href=\"\/wp-content\/themes\/generatepress\/tools\/assets\/img\/spritesvg.svg#again\"><\/use>\r\n                           <\/svg>\r\n                           Restart\r\n                        <\/a>\r\n                        <div class=\"result-clicks__share\">\r\n                           <div class=\"result-clicks__share-title\">Share your result with friends!<\/div>\r\n                           <div class=\"share-buttons\">\r\n                              <a class=\"share-button facebook\" data-href=\"https:\/\/www.facebook.com\/sharer\/sharer.php?u=https:\/\/cpstesters.com\/\" target=\"_blank\" onclick=\"goclicky(this); return false;\" rel=\"noopener\">Facebook<\/a>\r\n                              <a class=\"share-button twitter\" data-href=\"http:\/\/www.twitter.com\/share?url=https:\/\/cpstesters.com\/&text=[text]\" target=\"_blank\" onclick=\"goclicky(this); return false;\" rel=\"noopener\">Twitter<\/a>\r\n                              <a class=\"share-button whatsapp\" data-href=\"https:\/\/api.whatsapp.com\/send?text=[text]\" target=\"_blank\" onclick=\"goclicky(this); return false;\" rel=\"noopener\">WhatsApp<\/a>\r\n                              <a class=\"share-button reddit\" data-href=\"http:\/\/www.reddit.com\/submit?url=https:\/\/cpstesters.com\/&title=[text]\" target=\"_blank\" onclick=\"goclicky(this); return false;\" rel=\"noopener\">Reddit<\/a>\r\n                           <\/div>\r\n                        <\/div>\r\n                     <\/div>\r\n                  <\/div>\r\n                  <img decoding=\"async\" src=\"\/wp-content\/themes\/generatepress\/tools\/assets\/img\/test_result\/3\/1.png\" style=\"display: none\" alt=\"\" title=\"\">\r\n                  <img decoding=\"async\" src=\"\/wp-content\/themes\/generatepress\/tools\/assets\/img\/test_result\/5\/1.png\" style=\"display: none\" alt=\"\" title=\"\">\r\n                  <img decoding=\"async\" src=\"\/wp-content\/themes\/generatepress\/tools\/assets\/img\/test_result\/1\/1.png\" style=\"display: none\" alt=\"\" title=\"\">\r\n                  <img decoding=\"async\" src=\"\/wp-content\/themes\/generatepress\/tools\/assets\/img\/test_result\/2\/1.png\" style=\"display: none\" alt=\"\" title=\"\">\r\n                  <img decoding=\"async\" src=\"\/wp-content\/themes\/generatepress\/tools\/assets\/img\/test_result\/0\/1.png\" style=\"display: none\" alt=\"\" title=\"\">\r\n                  <img decoding=\"async\" src=\"\/wp-content\/themes\/generatepress\/tools\/assets\/img\/test_result\/6\/1.png\" style=\"display: none\" alt=\"\" title=\"\">\r\n                  <img decoding=\"async\" src=\"\/wp-content\/themes\/generatepress\/tools\/assets\/img\/test_result\/7\/1.png\" style=\"display: none\" alt=\"\" title=\"\">\r\n                  <img decoding=\"async\" src=\"\/wp-content\/themes\/generatepress\/tools\/assets\/img\/test_result\/4\/1.png\" style=\"display: none\" alt=\"\" title=\"\">\r\n                  <script>\r\n                     var test_result = {\"ratings\":{\"min\":0,\"max\":5},\"rating_ranks\":[\"Your Rank is Snail!\",\"Your Rank is Koala!\",\"Your Rank is Turtle!\",\"Your Rank is Panda!\",\"Your Rank is Hare!\",\"Your Rank is Kangaroo!\",\"Your Rank is Panther!\",\"Your Rank is Cheetah!\"],\"cps_scale\":[[0,1],[1,3],[3,5],[5,7],[7,9],[9,10],[10,12],[12,999]],\"files\":{\"3\":[\"\\\/wp-content\\\/themes\\\/generatepress\\\/tools\\\\assets\\\/img\\\/test_result\\\/3\\\/1.png\"],\"5\":[\"\\\/wp-content\\\/themes\\\/generatepress\\\/tools\\\\assets\\\/img\\\/test_result\\\/5\\\/1.png\"],\"1\":[\"\\\/wp-content\\\/themes\\\/generatepress\\\/tools\\\\assets\\\/img\\\/test_result\\\/1\\\/1.png\"],\"2\":[\"\\\/wp-content\\\/themes\\\/generatepress\\\/tools\\\\assets\\\/img\\\/test_result\\\/2\\\/1.png\"],\"0\":[\"\\\/wp-content\\\/themes\\\/generatepress\\\/tools\\\\assets\\\/img\\\/test_result\\\/0\\\/1.png\"],\"6\":[\"\\\/wp-content\\\/themes\\\/generatepress\\\/tools\\\\assets\\\/img\\\/test_result\\\/6\\\/1.png\"],\"7\":[\"\\\/wp-content\\\/themes\\\/generatepress\\\/tools\\\\assets\\\/img\\\/test_result\\\/7\\\/1.png\"],\"4\":[\"\\\/wp-content\\\/themes\\\/generatepress\\\/tools\\\\assets\\\/img\\\/test_result\\\/4\\\/1.png\"]}};\r\n                     var language = {\"code\":\"en\",\"name\":\"English\",\"prefix\":\"\"};\r\n                     var monitoringClickEvent = 'left';\r\n                     var shareTextDefault = 'My CPS result is {speed} ({clicks} Clicks in {time} Seconds)';\r\n                  <\/script>        \r\n               <\/div>\r\n            <\/section>\r\n\t\t\r\n\t<\/div>\r\n<\/div>\r\n\r\n    <script src=\"\/wp-content\/themes\/generatepress\/tools\/assets\/js\/libs.min.js\"><\/script>\r\n      <script src=\"\/wp-content\/themes\/generatepress\/tools\/assets\/js\/main.min.js?v64\"><\/script>\r\n\n\n<p><\/p>\n\n<p>Die Geschwindigkeit, mit der Sie mit der Maus klicken, wird normalerweise in CPS (Klicks pro Sekunde) angegeben. Wer sein CPS f\u00fcr den Alltags- oder Spielgebrauch testen oder verbessern m\u00f6chte, macht den Klickgeschwindigkeitstest. In Videospielen ist das Klicken mit der Maus gleichbedeutend mit Zielen und Schie\u00dfen.<\/p>\n\n<p>Wenn Sie Ihre Konkurrenz ausstechen und in der Rangliste aufsteigen wollen, m\u00fcssen Sie an Ihrer Klickgeschwindigkeit arbeiten. Die wertvollsten Spieler sind h\u00e4ufig diejenigen, die am schnellsten klicken und am schnellsten zielen k\u00f6nnen. Daher ist der CPS-Test von entscheidender Bedeutung.<\/p>\n\n<p>Der 5-Sekunden-Klicktest kann durchgef\u00fchrt werden, um Ihre Klickgeschwindigkeit in einem Zeitintervall von 5 Sekunden zu verbessern. Wenn Sie Ihr K\u00f6nnen in einer bestimmten Technik, z. B. dem Jitter oder Butterfly, unter Beweis stellen wollen, k\u00f6nnen Sie einen 5-Sekunden-Klicktest in diesem Modus durchf\u00fchren. Der Test hilft Ihnen nicht nur dabei, den Ansatz erfolgreich zu bew\u00e4ltigen, sondern macht Sie auch mit der Methode vertraut, was in sp\u00e4teren Stufen von Nutzen sein wird.<\/p>\n<div class=\"wp-block-image\">\n<figure class=\"aligncenter size-full\"><img loading=\"lazy\" decoding=\"async\" width=\"1000\" height=\"500\" src=\"https:\/\/cpstesters.com\/wp-content\/uploads\/2022\/08\/Untitled-design-1.jpg\" alt=\"5-Sekunden-CPS-Test\" class=\"wp-image-172\" title=\"\" srcset=\"https:\/\/cpstesters.com\/wp-content\/uploads\/2022\/08\/Untitled-design-1.jpg 1000w, https:\/\/cpstesters.com\/wp-content\/uploads\/2022\/08\/Untitled-design-1-300x150.jpg 300w, https:\/\/cpstesters.com\/wp-content\/uploads\/2022\/08\/Untitled-design-1-768x384.jpg 768w\" sizes=\"auto, (max-width: 1000px) 100vw, 1000px\" \/><figcaption class=\"wp-element-caption\">5-Sekunden-CPS-Test<\/figcaption><\/figure>\n<\/div>\n<p class=\"has-text-align-center has-base-background-color has-background has-medium-font-size\">Sie sollten den <a href=\"https:\/\/cpstesters.com\/de\/\" target=\"_blank\" rel=\"noreferrer noopener\">CPS-Test<\/a> \u00fcberpr\u00fcfen<\/p>\n\n<h2 class=\"wp-block-heading has-text-align-left\">Der beste Weg zur Verbesserung der 5-Sekunden-CPS-Test-Ergebnisse<\/h2>\n\n<h3 class=\"wp-block-heading\"><strong>W\u00e4hlen Sie den richtigen Ansatz<\/strong><\/h3>\n\n<p>Auswahl des richtigen Ansatzes f\u00fcr das Klicken. Erzielen Sie mehr Klicks, indem Sie jede Methode anwenden, die Sie f\u00fcr die nat\u00fcrlichste halten. Schmerzen im Handgelenk sind eine m\u00f6gliche Nebenwirkung einer unsachgem\u00e4\u00dfen Ausf\u00fchrung von Techniken wie dem Jitter-Click oder der Koi-Klick-Methode. Daher ist die Wahl des richtigen Ansatzes entscheidend.<\/p>\n\n<h3 class=\"wp-block-heading\"><strong>W\u00e4hlen Sie die geeignete Maus<\/strong><\/h3>\n\n<p>Wenn Sie eine schlechte Maus verwenden, k\u00f6nnen Sie m\u00f6glicherweise nicht so oft klicken, wie Sie m\u00f6chten. Daher sollte eine gute Maus f\u00fcr den CPS-Tester und zum Spielen verwendet werden. Wenn Sie auf der Suche nach erstklassiger Leistung sind, ist eine Gaming-Maus die beste Wahl.<\/p>\n\n<h3 class=\"wp-block-heading\"><strong>Regelm\u00e4\u00dfig \u00fcben<\/strong><\/h3>\n\n<p>Kein Ziel kann auf Anhieb erreicht werden, es braucht \u00dcbung und Ausdauer. Die 5-Sekunden-Klick-Test-Regel sollte t\u00e4glich angewendet werden, zusammen mit entsprechender \u00dcbung und einer guten Maus. Mit einer angemessenen Herangehensweise und einheitlicher Praxis k\u00f6nnen Sie Ihr CPS verbessern.<\/p>\n\n<h2 class=\"wp-block-heading has-text-align-left\">Was sind die Vorteile der Teilnahme am 5-Sekunden-CPS-Test?<\/h2>\n\n<h3 class=\"wp-block-heading\"><strong>Verbessern Sie Ihre Klickleistung<\/strong><\/h3>\n\n<p>Wenn Sie h\u00e4ufig mit der 5-Sekunden-Clicker-Software trainieren, k\u00f6nnen Sie Ihre Klickleistung erheblich verbessern.<\/p>\n\n<h3 class=\"wp-block-heading\"><strong>Verbessern Sie Ihre Klick-F\u00e4higkeiten<\/strong><\/h3>\n\n<p>Es gibt mehrere M\u00f6glichkeiten, die gleiche Maustaste zu dr\u00fccken. Sie k\u00f6nnen jede dieser Strategien beherrschen, um effektiv mit der Maus zu klicken. Diese Methoden sind auf andere Bereiche \u00fcbertragbar, auch auf das Spielen, sobald man sie beherrscht.<\/p>\n\n<h3 class=\"wp-block-heading\"><strong>Ergebnis teilen<\/strong><\/h3>\n\n<p>Nach Abschluss des Klicktests k\u00f6nnen Sie Ihre Ergebnisse auf anderen Websites ver\u00f6ffentlichen. Sie k\u00f6nnen Ihr Ergebnis auch online ver\u00f6ffentlichen und Ihre Freunde herausfordern, es zu \u00fcbertreffen, indem Sie selbst den Test machen.<\/p>\n\n<h2 class=\"wp-block-heading has-text-align-center\">FAQ&#8217;s<\/h2>\n\n<h3 class=\"wp-block-heading\"><strong>Wie berechnet man Klicks pro Sekunde?<\/strong><\/h3>\n\n<p>Ein Z\u00e4hler f\u00fcr Klicks pro Sekunde z\u00e4hlt einfach, wie oft Sie auf den Bildschirm tippen. Um Ihren CPS zu ermitteln, teilen Sie die Gesamtzahl der Klicks durch die Gesamtzeit, die Sie mit dem Klicken verbracht haben.<\/p>\n\n<h3 class=\"wp-block-heading\"><strong>Was ist der 5-Sekunden-CPS-Weltrekord?<\/strong><\/h3>\n\n<p>Zwanzig Zyklen pro Sekunde sind die h\u00f6chstm\u00f6gliche Rate (100 Klicks). Jovelyn, eine cps-Testerin aus Malaysia, hat es fertiggestellt.<\/p>\n\n<h3 class=\"wp-block-heading\"><strong>Woher kommt das verr\u00fcckte CPS?<\/strong><\/h3>\n\n<p>Um Ihre CPS auf ein absurdes Niveau zu bringen, sind endlose Stunden der \u00dcbung, Ausdauer und Konzentration erforderlich. Mit einer stabilen Internetverbindung und einer hochwertigen Gaming-Maus k\u00f6nnen Sie bessere Leistungen erzielen.<\/p>\n\n<h2 class=\"wp-block-heading\">Abschlie\u00dfende Worte f\u00fcr Click Test 5 Seconds<\/h2>\n\n<p>Der CPS-Test ist eine unterhaltsame und herausfordernde Methode, um Ihre Mausklickf\u00e4higkeiten zu testen. Mit diesem Test wird ermittelt, wie viele CPS Ihre Daumen in einer bestimmten Zeitspanne generieren k\u00f6nnen. Man kann die Klick-pro-Sekunde-Anwendung nutzen, um klickbasierte Spiele zu spielen, zu trainieren oder einfach Spa\u00df zu haben. Diese kostenlosen Tools sind unglaublich benutzerfreundlich, so dass jeder, unabh\u00e4ngig vom Alter, sie zur \u00dcberwachung seiner Klickrate pro Sekunde nutzen kann.<\/p>\n\n<p>Einige andere Klicktests<\/p>\n\n<ul class=\"wp-block-list\">\n<li><a href=\"https:\/\/cpstesters.com\/de\/rechtsklick-auf-cps-test\/\" target=\"_blank\" rel=\"noreferrer noopener\">Rechtsklick CPS-Test<\/a><\/li>\n\n\n\n<li><a href=\"https:\/\/cpstesters.com\/de\/jitter-click-test\/\" target=\"_blank\" rel=\"noreferrer noopener\">Jitter-Klick-Test<\/a><\/li>\n\n\n\n<li><a href=\"https:\/\/cpstesters.com\/de\/kohi-click-test\/\" target=\"_blank\" rel=\"noreferrer noopener\">Kohi Click Test<\/a><\/li>\n\n\n\n<li><a href=\"https:\/\/cpstesters.com\/de\/manueller-klick-test\/\" target=\"_blank\" rel=\"noreferrer noopener\">Manueller Klick-Test<\/a><\/li>\n\n\n\n<li><a href=\"https:\/\/cpstesters.com\/de\/butterfly-click-test\/\" target=\"_blank\" rel=\"noreferrer noopener\">Schmetterlings-Klick-Test<\/a><\/li>\n<\/ul>\n","protected":false},"excerpt":{"rendered":"<p>Der 5-Sekunden-CPS-Test ist ein Schnelltestspiel. Wenn Sie Anf\u00e4nger sind, hilft es Ihnen zu pr\u00fcfen, wie schnell Sie in 5 Sekunden klicken k\u00f6nnen. Die Geschwindigkeit, mit &#8230; <\/p>\n<p class=\"read-more-container\"><a title=\"5 Sekunden CPS-Test | \u00dcberpr\u00fcfen Sie Ihre Klickgeschwindigkeit\" class=\"read-more button\" href=\"https:\/\/cpstesters.com\/de\/5-second-cps-test\/#more-1889\" aria-label=\"Mehr Informationen \u00fcber 5 Sekunden CPS-Test | \u00dcberpr\u00fcfen Sie Ihre Klickgeschwindigkeit\">Read More<\/a><\/p>\n","protected":false},"author":4,"featured_media":980,"parent":0,"menu_order":0,"comment_status":"closed","ping_status":"closed","template":"","meta":{"footnotes":""},"class_list":["post-1889","page","type-page","status-publish","has-post-thumbnail"],"_links":{"self":[{"href":"https:\/\/cpstesters.com\/de\/wp-json\/wp\/v2\/pages\/1889","targetHints":{"allow":["GET"]}}],"collection":[{"href":"https:\/\/cpstesters.com\/de\/wp-json\/wp\/v2\/pages"}],"about":[{"href":"https:\/\/cpstesters.com\/de\/wp-json\/wp\/v2\/types\/page"}],"author":[{"embeddable":true,"href":"https:\/\/cpstesters.com\/de\/wp-json\/wp\/v2\/users\/4"}],"replies":[{"embeddable":true,"href":"https:\/\/cpstesters.com\/de\/wp-json\/wp\/v2\/comments?post=1889"}],"version-history":[{"count":5,"href":"https:\/\/cpstesters.com\/de\/wp-json\/wp\/v2\/pages\/1889\/revisions"}],"predecessor-version":[{"id":4094,"href":"https:\/\/cpstesters.com\/de\/wp-json\/wp\/v2\/pages\/1889\/revisions\/4094"}],"wp:featuredmedia":[{"embeddable":true,"href":"https:\/\/cpstesters.com\/de\/wp-json\/wp\/v2\/media\/980"}],"wp:attachment":[{"href":"https:\/\/cpstesters.com\/de\/wp-json\/wp\/v2\/media?parent=1889"}],"curies":[{"name":"wp","href":"https:\/\/api.w.org\/{rel}","templated":true}]}}