{"id":1827,"date":"2024-07-16T14:39:19","date_gmt":"2024-07-16T14:39:19","guid":{"rendered":"https:\/\/cpstesters.com\/2-sekunden-cps-test-ueberpruefen-sie-ihre-klickgeschwindigkeit\/"},"modified":"2024-09-17T07:09:01","modified_gmt":"2024-09-17T07:09:01","slug":"2-second-cps-test","status":"publish","type":"page","link":"https:\/\/cpstesters.com\/de\/2-second-cps-test\/","title":{"rendered":"2 Sekunden CPS-Test | \u00dcberpr\u00fcfen Sie Ihre Klickgeschwindigkeit"},"content":{"rendered":"\n<p>Der 2-Sekunden-CPS-Test ist ein tolles Spiel, mit dem du herausfinden kannst, wie viele Klicks du in zwei Sekunden machen kannst.<\/p>\n<div class=\"row\">\r\n\t<div class=\"col-md-4\">\r\n\r\n\t\t\r\n\t\t\r\n\t\t<div class=\"side_nav\">\r\n            \r\n            \r\n             <ul class=\"time\">\r\n            <li>\r\n             <a href=\"https:\/\/cpstesters.com\/1-second-cps-test\/\"> <span data-time=\"1\">1 Second Test<\/span><\/a>\r\n            <\/li><li>\r\n             <a href=\"https:\/\/cpstesters.com\/2-second-cps-test\/\"><span data-time=\"2\" class=\"active\">2 Second Test<\/span><\/a>\r\n            <\/li><li>\r\n           <a href=\"https:\/\/cpstesters.com\/5-second-cps-test\/\"><span data-time=\"5\">5 Second Test<\/span><\/a>\r\n            <\/li><li>\r\n\t\t\t\t <a href=\"https:\/\/cpstesters.com\/10-second-cps-test\/\"><span data-time=\"10\">10 Second Test<\/span><\/a>\r\n            <\/li><li>\r\n             <a href=\"https:\/\/cpstesters.com\/15-second-click-test\/\"><span data-time=\"15\">15 Second Test<\/span><\/a>\r\n            <\/li>\r\n\t\t\t\t \t<li>\r\n             <a href=\"https:\/\/cpstesters.com\/30-second-cps-test\/\"><span data-time=\"30\">30 Second Test<\/span><\/a>\r\n            <\/li><li>\r\n\t\t\t\t<li>\r\n             <a href=\"https:\/\/cpstesters.com\/60-second-cps-test\/\"><span data-time=\"60\">60 Second Test<\/span><\/a>\r\n            <\/li><li>\r\n\t\t\t\t<li>\r\n             <a href=\"https:\/\/cpstesters.com\/100-second-cps-test\/\"><span data-time=\"100\">100 Second Test<\/span><\/a>\r\n            <\/li>\r\n\t\t\t\t <li>\r\n             <a href=\"https:\/\/cpstesters.com\/manual-click-test\/\"><span data-time=\"20\">Manual Click Test<\/span><\/a>\r\n            <\/li><\/ul>\r\n            <\/div>\r\n\t\t\r\n\t\t\r\n\t<\/div>\r\n\t<div class=\"col-md-8\">\r\n\t\t<section class=\"section section--full js-section-full section--click\">\r\n               <div class=\"container\">\r\n\t\t\t\t   \r\n\t\t\t\t         <div class=\"setting\">\r\n    <div class=\"theme-mode\"><a class=\"theme-mode__switch js-switch\" href=\"javascript:void(0);\"><\/a>\r\n        <div class=\"theme-mode__text\">Light \/ Dark mode<\/div>\r\n    <\/div>\r\n<\/div>\r\n\t\t\t\t   \r\n\t\t\t\t   \r\n                  <div class=\"statistics\">\r\n                     <div class=\"statistics__item statistics__item--timer\">\r\n                        <div class=\"statistics__number\">\r\n                           <span class=\"js-time number_timer\">2.00<\/span>\r\n                           <a class=\"statistics__arrow statistics__arrow--up js-time-up\" href=\"javascript:void(0);\">\r\n                              <svg class=\"icon icon-arrow-up \">\r\n                                 <use xlink:href=\"\/wp-content\/themes\/generatepress\/tools\/assets\/img\/spritesvg.svg#arrow-up\"><\/use>\r\n                              <\/svg>\r\n                           <\/a>\r\n                           <a class=\"statistics__arrow statistics__arrow--down js-time-down\" href=\"javascript:void(0);\">\r\n                              <svg class=\"icon icon-arrow-up \">\r\n                                 <use xlink:href=\"\/wp-content\/themes\/generatepress\/tools\/assets\/img\/spritesvg.svg#arrow-up\"><\/use>\r\n                              <\/svg>\r\n                           <\/a>\r\n                        <\/div>\r\n                        <div class=\"statistics__title\">Timer<\/div>\r\n                     <\/div>\r\n                     <div class=\"statistics__item statistics__item--clicks\">\r\n                        <div class=\"statistics__number number_clicks js-speed\">0.00<\/div>\r\n                        <div class=\"statistics__title\">Clicks \/ s<\/div>\r\n                     <\/div>\r\n                     <div class=\"statistics__item statistics__item--score\">\r\n                        <div class=\"statistics__number number_score js-score\">0<\/div>\r\n                        <div class=\"statistics__title\">Score<\/div>\r\n                     <\/div>\r\n                  <\/div>\r\n                  <div class=\"clicks-zone\">\r\n                     <div class=\"clicks-zone__start js-clicks-start\">\r\n                        <svg class=\"icon icon-click \">\r\n                           <use xlink:href=\"\/wp-content\/themes\/generatepress\/tools\/assets\/img\/spritesvg.svg#click\"><\/use>\r\n                        <\/svg>\r\n                        <div class=\"clicks-zone__start-title\">\u0421lick here to start cps test<\/div>\r\n                     <\/div>\r\n                     <div class=\"clicks-zone__clicks js-clicks\"><\/div>\r\n                     <div class=\"clicks-zone__result result-clicks js-clicks-result\">\r\n                        <div class=\"result-clicks__title rank-wrapper\"><\/div>\r\n                        <div class=\"result-clicks__text\">Your CPS result is <span class=\"speed js-stat-speed\"><\/span> (<span class=\"clicks js-stat-clicks\"><\/span> Clicks in <span class=\"time js-stat-time\"><\/span> Seconds)<\/div>\r\n                        <div class=\"result-clicks__img\"><img><\/div>\r\n                        <a class=\"result-clicks__btn js-try-again\" href=\"javascript:void(0);\">\r\n                           <svg class=\"icon icon-again \">\r\n                              <use xlink:href=\"\/wp-content\/themes\/generatepress\/tools\/assets\/img\/spritesvg.svg#again\"><\/use>\r\n                           <\/svg>\r\n                           Restart\r\n                        <\/a>\r\n                        <div class=\"result-clicks__share\">\r\n                           <div class=\"result-clicks__share-title\">Share your result with friends!<\/div>\r\n                           <div class=\"share-buttons\">\r\n                              <a class=\"share-button facebook\" data-href=\"https:\/\/www.facebook.com\/sharer\/sharer.php?u=https:\/\/cpstesters.com\/\" target=\"_blank\" onclick=\"goclicky(this); return false;\" rel=\"noopener\">Facebook<\/a>\r\n                              <a class=\"share-button twitter\" data-href=\"http:\/\/www.twitter.com\/share?url=https:\/\/cpstesters.com\/&text=[text]\" target=\"_blank\" onclick=\"goclicky(this); return false;\" rel=\"noopener\">Twitter<\/a>\r\n                              <a class=\"share-button whatsapp\" data-href=\"https:\/\/api.whatsapp.com\/send?text=[text]\" target=\"_blank\" onclick=\"goclicky(this); return false;\" rel=\"noopener\">WhatsApp<\/a>\r\n                              <a class=\"share-button reddit\" data-href=\"http:\/\/www.reddit.com\/submit?url=https:\/\/cpstesters.com\/&title=[text]\" target=\"_blank\" onclick=\"goclicky(this); return false;\" rel=\"noopener\">Reddit<\/a>\r\n                           <\/div>\r\n                        <\/div>\r\n                     <\/div>\r\n                  <\/div>\r\n                  <img decoding=\"async\" src=\"\/wp-content\/themes\/generatepress\/tools\/assets\/img\/test_result\/3\/1.png\" style=\"display: none\" alt=\"\" title=\"\">\r\n                  <img decoding=\"async\" src=\"\/wp-content\/themes\/generatepress\/tools\/assets\/img\/test_result\/5\/1.png\" style=\"display: none\" alt=\"\" title=\"\">\r\n                  <img decoding=\"async\" src=\"\/wp-content\/themes\/generatepress\/tools\/assets\/img\/test_result\/1\/1.png\" style=\"display: none\" alt=\"\" title=\"\">\r\n                  <img decoding=\"async\" src=\"\/wp-content\/themes\/generatepress\/tools\/assets\/img\/test_result\/2\/1.png\" style=\"display: none\" alt=\"\" title=\"\">\r\n                  <img decoding=\"async\" src=\"\/wp-content\/themes\/generatepress\/tools\/assets\/img\/test_result\/0\/1.png\" style=\"display: none\" alt=\"\" title=\"\">\r\n                  <img decoding=\"async\" src=\"\/wp-content\/themes\/generatepress\/tools\/assets\/img\/test_result\/6\/1.png\" style=\"display: none\" alt=\"\" title=\"\">\r\n                  <img decoding=\"async\" src=\"\/wp-content\/themes\/generatepress\/tools\/assets\/img\/test_result\/7\/1.png\" style=\"display: none\" alt=\"\" title=\"\">\r\n                  <img decoding=\"async\" src=\"\/wp-content\/themes\/generatepress\/tools\/assets\/img\/test_result\/4\/1.png\" style=\"display: none\" alt=\"\" title=\"\">\r\n                  <script>\r\n                     var test_result = {\"ratings\":{\"min\":0,\"max\":5},\"rating_ranks\":[\"Your Rank is Snail!\",\"Your Rank is Koala!\",\"Your Rank is Turtle!\",\"Your Rank is Panda!\",\"Your Rank is Hare!\",\"Your Rank is Kangaroo!\",\"Your Rank is Panther!\",\"Your Rank is Cheetah!\"],\"cps_scale\":[[0,1],[1,3],[3,5],[5,7],[7,9],[9,10],[10,12],[12,999]],\"files\":{\"3\":[\"\\\/wp-content\\\/themes\\\/generatepress\\\/tools\\\\assets\\\/img\\\/test_result\\\/3\\\/1.png\"],\"5\":[\"\\\/wp-content\\\/themes\\\/generatepress\\\/tools\\\\assets\\\/img\\\/test_result\\\/5\\\/1.png\"],\"1\":[\"\\\/wp-content\\\/themes\\\/generatepress\\\/tools\\\\assets\\\/img\\\/test_result\\\/1\\\/1.png\"],\"2\":[\"\\\/wp-content\\\/themes\\\/generatepress\\\/tools\\\\assets\\\/img\\\/test_result\\\/2\\\/1.png\"],\"0\":[\"\\\/wp-content\\\/themes\\\/generatepress\\\/tools\\\\assets\\\/img\\\/test_result\\\/0\\\/1.png\"],\"6\":[\"\\\/wp-content\\\/themes\\\/generatepress\\\/tools\\\\assets\\\/img\\\/test_result\\\/6\\\/1.png\"],\"7\":[\"\\\/wp-content\\\/themes\\\/generatepress\\\/tools\\\\assets\\\/img\\\/test_result\\\/7\\\/1.png\"],\"4\":[\"\\\/wp-content\\\/themes\\\/generatepress\\\/tools\\\\assets\\\/img\\\/test_result\\\/4\\\/1.png\"]}};\r\n                     var language = {\"code\":\"en\",\"name\":\"English\",\"prefix\":\"\"};\r\n                     var monitoringClickEvent = 'left';\r\n                     var shareTextDefault = 'My CPS result is {speed} ({clicks} Clicks in {time} Seconds)';\r\n                  <\/script>        \r\n               <\/div>\r\n            <\/section>\r\n\t\t\r\n\t<\/div>\r\n<\/div>\r\n\r\n    <script src=\"\/wp-content\/themes\/generatepress\/tools\/assets\/js\/libs.min.js\"><\/script>\r\n      <script src=\"\/wp-content\/themes\/generatepress\/tools\/assets\/js\/main.min.js?v64\"><\/script>\r\n\n\n<p><\/p>\n\n<p>Der 2-Sekunden-CPS-Test ist ein lustiges und schwieriges Spiel, bei dem gemessen wird, wie viele Klicks Sie in zwei Sekunden erreichen k\u00f6nnen. Es ist sowohl f\u00fcr Anf\u00e4nger als auch f\u00fcr erfahrene Profis geeignet, und Sie werden viel Spa\u00df haben, sobald Sie den Dreh raus haben.<\/p>\n\n<p>Machen Sie sich keine Sorgen, wenn Sie ein Anf\u00e4nger sind. Das Klicken in einem so schnellen Tempo ist eine Herausforderung, aber mit etwas \u00dcbung ist es m\u00f6glich. Je mehr Erfahrung Sie sammeln und das Spiel beherrschen, desto schneller und h\u00e4ufiger k\u00f6nnen Sie klicken.<\/p>\n\n<h2 class=\"wp-block-heading\">Wie f\u00fchrt man einen 2-Sekunden-CPS-Test durch?<\/h2>\n\n<p>Mit Hilfe der Maus k\u00f6nnen Sie lernen, was ein 2-Sekunden-CPS-Versuch ist und wie man ihn durchf\u00fchrt, indem Sie die folgenden Anweisungen befolgen. Wenn Sie die Anweisungen befolgen, wird Ihr Test so einfach wie m\u00f6glich verlaufen.<\/p>\n\n<p>Um zu beginnen, klicken Sie bitte auf die gro\u00dfe Schaltfl\u00e4che START TEST ganz oben auf dieser Seite.<\/p>\n<div class=\"wp-block-image\">\n<figure class=\"aligncenter size-full\"><img loading=\"lazy\" decoding=\"async\" width=\"1000\" height=\"500\" src=\"https:\/\/cpstesters.com\/wp-content\/uploads\/2022\/08\/Untitled-design.jpg\" alt=\"2 Sekunden CPS-Test\" class=\"wp-image-169\" title=\"\" srcset=\"https:\/\/cpstesters.com\/wp-content\/uploads\/2022\/08\/Untitled-design.jpg 1000w, https:\/\/cpstesters.com\/wp-content\/uploads\/2022\/08\/Untitled-design-300x150.jpg 300w, https:\/\/cpstesters.com\/wp-content\/uploads\/2022\/08\/Untitled-design-768x384.jpg 768w\" sizes=\"auto, (max-width: 1000px) 100vw, 1000px\" \/><figcaption class=\"wp-element-caption\">2 Sekunden CPS-Test<\/figcaption><\/figure>\n<\/div>\n<p>Zweitens: Fangen Sie an, so schnell und pr\u00e4zise wie m\u00f6glich mit der Maus zu klicken, sobald der Timer startet. Halten Sie Ihre Klickrate w\u00e4hrend der gesamten zwei Sekunden konstant. Nach Ablauf der Zeit wird Ihre Gesamtpunktzahl ermittelt und in einem intuitiven Popup-Fenster angezeigt.<\/p>\n\n<p class=\"has-text-align-center has-background has-medium-font-size\" style=\"background-color:#ffb15e\">Keine Angst vor Sekunden? Weiter zum <a href=\"https:\/\/cpstesters.com\/de\/\" target=\"_blank\" rel=\"noreferrer noopener\">CPS-Test<\/a><\/p>\n\n<h2 class=\"wp-block-heading\">Ergebnisse<\/h2>\n\n<p>Nach Ablauf der Frist werden die Ergebnisse bekannt gegeben. Es gibt insgesamt f\u00fcnf Niedlichkeitsstufen, die Ihrer Geschwindigkeit entsprechen:<\/p>\n\n<p>Das Schwein ist mit einem CPS von weniger als f\u00fcnf am langsamsten, das K\u00e4nguru mit 5 bis 8 CPS am schnellsten, der Affe mit 10 bis 15, der Leopard mit 15 bis 20 und der Drache mit 20 bis 30 CPS.<\/p>\n\n<h2 class=\"wp-block-heading\">Wie Sie Ihre Klickgeschwindigkeit in 2 Sekunden erh\u00f6hen?<\/h2>\n\n<p>Wenn das der Fall ist, finden Sie hier einige Vorschl\u00e4ge, wie Sie die Zahl Ihrer Mausklicks erh\u00f6hen k\u00f6nnen. Wenn Sie diese Richtlinien befolgen, k\u00f6nnen Sie Ihre Klickgeschwindigkeit und Ihre Gesamtleistung steigern.<\/p>\n\n<p>Die Verwendung alternativer Mausklicks ist die g\u00e4ngigste Methode, um die CPS-Werte Ihrer 2s zu erh\u00f6hen. Sowohl die Jitter- als auch die Butterfly-Klicks k\u00f6nnen das, es kommt also ganz auf die pers\u00f6nlichen Vorlieben an und darauf, wie viel Zeit man zum \u00dcben hat.<\/p>\n\n<p>Das Erh\u00f6hen der Empfindlichkeit der Maus in den Windows-Einstellungen ist ein guter Anfang. Es mag wie eine kleine \u00c4nderung erscheinen, aber sie kann gro\u00dfe Auswirkungen haben, wenn man verschiedene Ans\u00e4tze ausprobiert.<\/p>\n\n<p>Dar\u00fcber hinaus verf\u00fcgen Gaming-M\u00e4use \u00fcber mehr Tasten als herk\u00f6mmliche M\u00e4use, was eine schnellere Reaktionszeit erm\u00f6glicht. Allerdings sind diese M\u00e4use teurer, so dass sie m\u00f6glicherweise nicht praktisch sind, es sei denn, der Spieler ist bereit, das zus\u00e4tzliche Geld zu berappen.<\/p>\n\n<h2 class=\"wp-block-heading has-text-align-center\">FAQ&#8217;s<\/h2>\n\n<h3 class=\"wp-block-heading\"><strong>Wie oft bewegt sich eine Maus pro Sekunde?<\/strong><\/h3>\n\n<p>Der CPS-Test ist ein Ranking-System f\u00fcr die Klickgeschwindigkeit, das darauf basiert, wie viele Klicks Sie in einer bestimmten Zeitspanne machen k\u00f6nnen. Schlagen Sie mindestens 5 Mal pro Sekunde zu, um zu verhindern, dass Sie auf die Geschwindigkeit einer Schildkr\u00f6te im Spiel verlangsamt werden.<\/p>\n\n<h3 class=\"wp-block-heading\"><strong>Warum bereitet man sich auf 2 CPS-Tests vor?<\/strong><\/h3>\n\n<p>Benutzer und Spieler k\u00f6nnen mit dem Test &#8220;Klicks pro 2 Sekunden&#8221; an ihre Grenzen gehen und ihre Klickgeschwindigkeit verbessern. Die n\u00fctzlichen Funktionen z\u00e4hlen die Klicks des Benutzers innerhalb von zwei Sekunden und erm\u00f6glichen es ihm, den Test zu wiederholen und seine Klickgeschwindigkeit zu verbessern.<\/p>\n\n<h3 class=\"wp-block-heading\"><strong>Was ist der Weltrekord f\u00fcr einen 2-Sekunden-CPS-Test?<\/strong><\/h3>\n\n<p>Der Weltrekord f\u00fcr den 2-Sekunden-CPS-Test liegt bei 27 Klicks pro Sekunde und die durchschnittliche Geschwindigkeit bei 18 CPS.<\/p>\n\n<h2 class=\"wp-block-heading\">CPS-Test in 2 Sekunden abschlie\u00dfen<\/h2>\n\n<p>Zusammenfassend l\u00e4sst sich sagen, dass Tools, die die Klickrate pro Sekunde messen, n\u00fctzlich sind, um die Klickgeschwindigkeit zu messen, aber sie haben auch andere Anwendungen. Klick-basierte Spiele, \u00dcbungen und reine Unterhaltung k\u00f6nnen alle von dem Clicks-per-Second-Tool profitieren. Jeder, egal welchen Alters, kann mit diesen kostenlosen Gadgets Spa\u00df haben und sehen, wie oft er in einer Sekunde klicken kann.<\/p>\n\n<p>Das k\u00f6nnte Ihnen auch gefallen<\/p>\n\n<ul class=\"wp-block-list\">\n<li><a href=\"https:\/\/cpstesters.com\/de\/jitter-click-test\/\">Jitter-Klick-Test<\/a><\/li>\n\n\n\n<li><a href=\"https:\/\/cpstesters.com\/de\/kohi-click-test\/\">Kohi Click Test<\/a><\/li>\n\n\n\n<li><a href=\"https:\/\/cpstesters.com\/de\/rechtsklick-auf-cps-test\/\">Rechtsklick CPS-Test<\/a><\/li>\n\n\n\n<li><a href=\"https:\/\/cpstesters.com\/de\/manueller-klick-test\/\" target=\"_blank\" rel=\"noreferrer noopener\">Manueller Klick-Test<\/a><\/li>\n\n\n\n<li><a href=\"https:\/\/cpstesters.com\/de\/butterfly-click-test\/\" target=\"_blank\" rel=\"noreferrer noopener\">Schmetterlings-Klick-Test<\/a><\/li>\n<\/ul>\n","protected":false},"excerpt":{"rendered":"<p>Der 2-Sekunden-CPS-Test ist ein tolles Spiel, mit dem du herausfinden kannst, wie viele Klicks du in zwei Sekunden machen kannst. Der 2-Sekunden-CPS-Test ist ein lustiges &#8230; <\/p>\n<p class=\"read-more-container\"><a title=\"2 Sekunden CPS-Test | \u00dcberpr\u00fcfen Sie Ihre Klickgeschwindigkeit\" class=\"read-more button\" href=\"https:\/\/cpstesters.com\/de\/2-second-cps-test\/#more-1827\" aria-label=\"Mehr Informationen \u00fcber 2 Sekunden CPS-Test | \u00dcberpr\u00fcfen Sie Ihre Klickgeschwindigkeit\">Read More<\/a><\/p>\n","protected":false},"author":4,"featured_media":968,"parent":0,"menu_order":0,"comment_status":"closed","ping_status":"closed","template":"","meta":{"footnotes":""},"class_list":["post-1827","page","type-page","status-publish","has-post-thumbnail"],"_links":{"self":[{"href":"https:\/\/cpstesters.com\/de\/wp-json\/wp\/v2\/pages\/1827","targetHints":{"allow":["GET"]}}],"collection":[{"href":"https:\/\/cpstesters.com\/de\/wp-json\/wp\/v2\/pages"}],"about":[{"href":"https:\/\/cpstesters.com\/de\/wp-json\/wp\/v2\/types\/page"}],"author":[{"embeddable":true,"href":"https:\/\/cpstesters.com\/de\/wp-json\/wp\/v2\/users\/4"}],"replies":[{"embeddable":true,"href":"https:\/\/cpstesters.com\/de\/wp-json\/wp\/v2\/comments?post=1827"}],"version-history":[{"count":4,"href":"https:\/\/cpstesters.com\/de\/wp-json\/wp\/v2\/pages\/1827\/revisions"}],"predecessor-version":[{"id":4071,"href":"https:\/\/cpstesters.com\/de\/wp-json\/wp\/v2\/pages\/1827\/revisions\/4071"}],"wp:featuredmedia":[{"embeddable":true,"href":"https:\/\/cpstesters.com\/de\/wp-json\/wp\/v2\/media\/968"}],"wp:attachment":[{"href":"https:\/\/cpstesters.com\/de\/wp-json\/wp\/v2\/media?parent=1827"}],"curies":[{"name":"wp","href":"https:\/\/api.w.org\/{rel}","templated":true}]}}